{"id":823,"date":"2021-02-26T22:10:28","date_gmt":"2021-02-26T21:10:28","guid":{"rendered":"http:\/\/hasserisstuerne.conicio.dk\/?page_id=823"},"modified":"2021-02-26T22:10:29","modified_gmt":"2021-02-26T21:10:29","slug":"privatlivspolitik","status":"publish","type":"page","link":"https:\/\/hasserisstuerne.dk\/?page_id=823","title":{"rendered":"Privatlivspolitik"},"content":{"rendered":"\n<p><strong>Hvem er vi<\/strong><\/p>\n\n\n\n<p>Vores webstedsadresse er: http:\/\/hasserisstuerne..dk.<\/p>\n\n\n\n<p><strong>Hvilke personlige data vi indsamler og hvorfor vi indsamler det<\/strong><\/p>\n\n\n\n<p><strong>Kommentarer<\/strong><\/p>\n\n\n\n<p>Vi indsamler ikke data om bes\u00f8gende<\/p>\n\n\n\n<p><strong>Kontaktformularer<\/strong><\/p>\n\n\n\n<p>Hvis du skriver en kommentar p\u00e5 vores websted, kan du muligvis v\u00e6lge at gemme dit navn, e-mailadresse og websted i cookies. Disse er til din bekvemmelighed, s\u00e5 du ikke skal udfylde dine oplysninger igen, n\u00e5r du skriver endnu en kommentar. Disse cookies vil holde i et \u00e5r.<\/p>\n\n\n\n<p><strong>Indlejret indhold fra andre websteder<\/strong><\/p>\n\n\n\n<p>Artikler p\u00e5 dette websted kan indeholde indlejret indhold (f.eks. videoer, billeder, artikler osv.). Indlejret indhold fra andre websteder opf\u00f8rer sig p\u00e5 n\u00f8jagtig samme m\u00e5de, som hvis den bes\u00f8gende har bes\u00f8gt det andet websted.<\/p>\n\n\n\n<p>Disse websteder indsamler m\u00e5ske data om dig, bruger cookies, indlejrer ekstra tredjeparts sporing, og overv\u00e5ger din interaktion med dette indlejrede indhold, heriblandt at spore din interaktion med indlejret indhold, hvis du har en konto og en logget ind p\u00e5 det websted.<\/p>\n\n\n\n<p><strong>Analytics<\/strong><\/p>\n\n\n\n<p>Google muligvis kan indsamle oplysninger om antal bes\u00f8gende<\/p>\n\n\n\n<p><strong>Hvor vi sender dine data<\/strong><\/p>\n\n\n\n<p>Bes\u00f8gendes kommentarer kan muligvis blive kontrolleret af en automatisk spam-genkendelse tjeneste.<\/p>\n\n\n\n<p><strong>Din kontaktinformation<\/strong><\/p>\n\n\n\n<p>Bevares kun s\u00e5 l\u00e6nge det er n\u00f8dvendigt for at udf\u00f8re en evt. bestilling eller foresp\u00f8rgsel.<\/p>\n\n\n\n<h3 class=\"wp-block-heading\">Hvordan vi beskytter dine data<\/h3>\n\n\n\n<h5 class=\"wp-block-heading\">De n\u00f8dvendige data beskyttes med kryptering<\/h5>\n\n\n\n<h3 class=\"wp-block-heading\">Hvilke tredjeparter vi modtager data fra<\/h3>\n\n\n\n<h5 class=\"wp-block-heading\">Ingen.<\/h5>\n\n\n\n<p><\/p>\n","protected":false},"excerpt":{"rendered":"<p>Hvem er vi Vores webstedsadresse er: http:\/\/hasserisstuerne..dk. Hvilke personlige data vi indsamler og hvorfor vi indsamler det Kommentarer Vi indsamler ikke data om bes\u00f8gende Kontaktformularer Hvis du skriver en kommentar p\u00e5 vores websted, kan du muligvis v\u00e6lge at gemme dit &hellip; <a href=\"https:\/\/hasserisstuerne.dk\/?page_id=823\">Continued<\/a><\/p>\n","protected":false},"author":1,"featured_media":0,"parent":0,"menu_order":0,"comment_status":"closed","ping_status":"closed","template":"","meta":{"kt_blocks_editor_width":"","footnotes":""},"class_list":["post-823","page","type-page","status-publish","hentry"],"_links":{"self":[{"href":"https:\/\/hasserisstuerne.dk\/index.php?rest_route=\/wp\/v2\/pages\/823","targetHints":{"allow":["GET"]}}],"collection":[{"href":"https:\/\/hasserisstuerne.dk\/index.php?rest_route=\/wp\/v2\/pages"}],"about":[{"href":"https:\/\/hasserisstuerne.dk\/index.php?rest_route=\/wp\/v2\/types\/page"}],"author":[{"embeddable":true,"href":"https:\/\/hasserisstuerne.dk\/index.php?rest_route=\/wp\/v2\/users\/1"}],"replies":[{"embeddable":true,"href":"https:\/\/hasserisstuerne.dk\/index.php?rest_route=%2Fwp%2Fv2%2Fcomments&post=823"}],"version-history":[{"count":1,"href":"https:\/\/hasserisstuerne.dk\/index.php?rest_route=\/wp\/v2\/pages\/823\/revisions"}],"predecessor-version":[{"id":824,"href":"https:\/\/hasserisstuerne.dk\/index.php?rest_route=\/wp\/v2\/pages\/823\/revisions\/824"}],"wp:attachment":[{"href":"https:\/\/hasserisstuerne.dk\/index.php?rest_route=%2Fwp%2Fv2%2Fmedia&parent=823"}],"curies":[{"name":"wp","href":"https:\/\/api.w.org\/{rel}","templated":true}]}}