{"id":735,"date":"2021-02-23T17:14:05","date_gmt":"2021-02-23T16:14:05","guid":{"rendered":"http:\/\/hasserisstuerne.conicio.dk\/?page_id=735"},"modified":"2021-02-23T17:14:05","modified_gmt":"2021-02-23T16:14:05","slug":"generalforsamling-2013","status":"publish","type":"page","link":"https:\/\/hasserisstuerne.dk\/?page_id=735","title":{"rendered":"Generalforsamling 2013"},"content":{"rendered":"\n<figure class=\"wp-block-image size-large is-resized is-style-default\"><img loading=\"lazy\" decoding=\"async\" src=\"https:\/\/hasserisstuerne.dk\/wp-content\/uploads\/2021\/02\/logo2-1024x961.jpg\" alt=\"\" class=\"wp-image-76\" width=\"168\" height=\"157\" srcset=\"https:\/\/hasserisstuerne.dk\/wp-content\/uploads\/2021\/02\/logo2-1024x961.jpg 1024w, https:\/\/hasserisstuerne.dk\/wp-content\/uploads\/2021\/02\/logo2-300x282.jpg 300w, https:\/\/hasserisstuerne.dk\/wp-content\/uploads\/2021\/02\/logo2-768x721.jpg 768w, https:\/\/hasserisstuerne.dk\/wp-content\/uploads\/2021\/02\/logo2-1536x1441.jpg 1536w, https:\/\/hasserisstuerne.dk\/wp-content\/uploads\/2021\/02\/logo2.jpg 1752w\" sizes=\"auto, (max-width: 168px) 100vw, 168px\" \/><\/figure>\n\n\n\n<p>www.hasserisstuerne.dk<\/p>\n\n\n\n<p>Hasserisstuerne<\/p>\n\n\n\n<p><strong>Indkaldelse til generalforsamling tirsdag den 30. april 2013<\/strong><\/p>\n\n\n\n<p><strong>kl. 19.30 i krypten i Hasseris Kirke<\/strong><\/p>\n\n\n\n<p>Dagsorden iflg. vedt\u00e6gterne:<\/p>\n\n\n\n<p>1. Valg af dirigent og stemmet\u00e6llere<\/p>\n\n\n\n<p>2. Bestyrelsens beretning<\/p>\n\n\n\n<p>3. Freml\u00e6ggelse af det reviderede regnskab og<\/p>\n\n\n\n<p>fasts\u00e6ttelse af kontingent for det kommende \u00e5r<\/p>\n\n\n\n<p>4. Behandling af indkomne forslag<\/p>\n\n\n\n<p>5. Valg til formand:<\/p>\n\n\n\n<p>&nbsp;&nbsp;&nbsp; J\u00f8rgen Els\u00f8e modtager genvalg<\/p>\n\n\n\n<p>6. Valg til bestyrelsen:<\/p>\n\n\n\n<p>&nbsp;&nbsp; P\u00e5 valg er Birgit Flemming Larsen, Anna Marie F\u00e6rch og<\/p>\n\n\n\n<p>&nbsp;&nbsp; Charlotte Gorm Bremmer<\/p>\n\n\n\n<p>&nbsp;&nbsp; Birgit Flemming Larsen og Anna Marie F\u00e6rch \u00f8nsker ikke genvalg.<\/p>\n\n\n\n<p>&nbsp;&nbsp; Bestyrelsen foresl\u00e5r: Birgitte Pilgaard og Curt Sloth&nbsp;&nbsp;<\/p>\n\n\n\n<p>&nbsp;&nbsp; Valg af bestyrelsessuppleanter:<\/p>\n\n\n\n<p>&nbsp;&nbsp; P\u00e5 Valg er Lis Sennenvald og Karen Krarup, begge modtager genvalg.&nbsp;&nbsp;&nbsp;&nbsp;&nbsp;&nbsp;<\/p>\n\n\n\n<p>7. Valg af to revisorer<\/p>\n\n\n\n<p>&nbsp;&nbsp;&nbsp; P\u00e5 valg Ole F\u00e6rch og Mogens K. Jensen<\/p>\n\n\n\n<p>&nbsp;&nbsp;&nbsp; Ole F\u00e6rch \u00f8nsker ikke genvalg, i stedet foresl\u00e5r bestyrelsen Hans Ulrik Larsen.<\/p>\n\n\n\n<p>8. Eventuelt<\/p>\n\n\n\n<h2 class=\"wp-block-heading\">Efter generalforsamlingen vil Ole F\u00e6rch fort\u00e6lle om sin seneste bogudgivelse:<\/h2>\n\n\n\n<h2 class=\"wp-block-heading\">\u201dAalborghus Lens Jordebog 1562\u201d<\/h2>\n\n\n\n<h2 class=\"wp-block-heading\">Da Aalborghus lens jordebog blev skrevet i \u00e5ret 1562 skete det p\u00e5 det forholdsvis nye Aalborghus Slot, som st\u00e5r endnu. Herfra administreredes kronens f\u00e6steg\u00e5rde i 10 herreder nord og syd for Limfjorden, i alt 1300 g\u00e5rde.<\/h2>\n\n\n\n<p><strong>Alle er velkomne<\/strong><\/p>\n\n\n\n<p>Foreningen vil v\u00e6re v\u00e6rt ved en kop kaffe<\/p>\n\n\n\n<p>Venlig hilsen<\/p>\n\n\n\n<p>Bestyrelsen<\/p>\n\n\n\n<p>&nbsp;&nbsp;&nbsp;&nbsp;&nbsp;&nbsp;&nbsp;&nbsp;&nbsp;&nbsp;&nbsp;&nbsp;&nbsp;&nbsp;&nbsp;&nbsp;&nbsp;&nbsp;&nbsp;&nbsp;&nbsp;&nbsp;&nbsp;&nbsp;&nbsp;&nbsp;&nbsp;&nbsp;&nbsp;&nbsp;&nbsp;&nbsp;&nbsp;&nbsp;&nbsp;&nbsp;&nbsp;&nbsp;&nbsp;&nbsp;&nbsp;&nbsp;&nbsp;&nbsp;&nbsp;&nbsp;&nbsp;&nbsp;&nbsp;&nbsp;&nbsp;&nbsp;&nbsp;&nbsp;&nbsp;&nbsp;&nbsp;&nbsp;&nbsp;&nbsp;&nbsp;&nbsp;&nbsp;&nbsp;&nbsp;&nbsp;&nbsp;&nbsp;&nbsp;&nbsp;&nbsp;&nbsp;&nbsp;&nbsp;&nbsp;&nbsp;&nbsp;&nbsp;&nbsp;&nbsp;&nbsp;&nbsp;&nbsp;&nbsp;&nbsp;&nbsp;&nbsp;&nbsp;&nbsp;&nbsp;&nbsp;&nbsp;&nbsp;&nbsp;&nbsp;&nbsp;&nbsp;&nbsp;&nbsp;&nbsp;&nbsp;&nbsp;&nbsp;&nbsp;&nbsp;&nbsp;&nbsp;&nbsp;&nbsp;&nbsp;&nbsp;&nbsp;&nbsp;&nbsp;&nbsp;&nbsp;&nbsp;&nbsp;&nbsp;&nbsp;&nbsp;&nbsp;&nbsp;&nbsp;&nbsp;&nbsp;&nbsp;&nbsp;&nbsp;&nbsp;&nbsp;&nbsp;&nbsp;&nbsp;&nbsp;&nbsp;&nbsp;&nbsp;&nbsp;&nbsp;&nbsp;&nbsp;&nbsp;&nbsp;&nbsp;&nbsp;&nbsp;&nbsp;&nbsp;&nbsp;&nbsp;&nbsp;&nbsp;&nbsp;&nbsp;&nbsp;&nbsp;&nbsp;&nbsp;&nbsp;&nbsp;&nbsp;&nbsp;&nbsp;&nbsp;&nbsp;&nbsp;&nbsp; Formand<\/p>\n\n\n\n<p>&nbsp;&nbsp;&nbsp;&nbsp;&nbsp;&nbsp;&nbsp;&nbsp;&nbsp;&nbsp;&nbsp;&nbsp;&nbsp;&nbsp;&nbsp;&nbsp;&nbsp;&nbsp;&nbsp;&nbsp;&nbsp;&nbsp;&nbsp;&nbsp;&nbsp;&nbsp;&nbsp;&nbsp;&nbsp;&nbsp;&nbsp;&nbsp;&nbsp;&nbsp;&nbsp;&nbsp;&nbsp;&nbsp;&nbsp;&nbsp;&nbsp;&nbsp;&nbsp;&nbsp;&nbsp;&nbsp;&nbsp;&nbsp;&nbsp;&nbsp;&nbsp;&nbsp;&nbsp;&nbsp;&nbsp;&nbsp;&nbsp;&nbsp;&nbsp;&nbsp;&nbsp;&nbsp;&nbsp;&nbsp;&nbsp;&nbsp;&nbsp;&nbsp;&nbsp;&nbsp;&nbsp;&nbsp;&nbsp;&nbsp;&nbsp;&nbsp;&nbsp;&nbsp;&nbsp;&nbsp;&nbsp;&nbsp;&nbsp;&nbsp;&nbsp;&nbsp;&nbsp;&nbsp;&nbsp;&nbsp;&nbsp;&nbsp;&nbsp;&nbsp;&nbsp;&nbsp;&nbsp;&nbsp;&nbsp;&nbsp;&nbsp;&nbsp;&nbsp;&nbsp;&nbsp;&nbsp;&nbsp;&nbsp;&nbsp;&nbsp;&nbsp;&nbsp;&nbsp;&nbsp;&nbsp;&nbsp;&nbsp;&nbsp;&nbsp;&nbsp;&nbsp;&nbsp;&nbsp;&nbsp;&nbsp;&nbsp; J\u00f8rgen Els\u00f8e Jensen. Tlf. 22924760<\/p>\n\n\n\n<p>&nbsp;&nbsp;&nbsp;&nbsp;&nbsp;&nbsp;&nbsp;&nbsp;&nbsp;&nbsp;&nbsp;&nbsp;&nbsp;&nbsp;&nbsp;&nbsp;&nbsp;&nbsp;&nbsp;&nbsp;&nbsp;&nbsp;&nbsp;&nbsp;&nbsp;&nbsp;&nbsp;&nbsp;&nbsp;&nbsp;&nbsp;&nbsp;&nbsp;&nbsp;&nbsp;&nbsp;&nbsp;&nbsp;&nbsp;&nbsp;&nbsp;&nbsp;&nbsp;&nbsp;&nbsp;&nbsp;&nbsp;&nbsp;&nbsp;&nbsp;&nbsp;&nbsp;&nbsp;&nbsp;&nbsp;&nbsp;&nbsp;&nbsp;&nbsp;&nbsp;&nbsp;&nbsp;&nbsp;&nbsp;&nbsp;&nbsp;&nbsp;&nbsp;&nbsp;&nbsp;&nbsp;&nbsp;&nbsp;&nbsp;&nbsp;&nbsp;&nbsp;&nbsp;&nbsp;&nbsp;&nbsp;&nbsp;&nbsp;&nbsp;&nbsp;&nbsp;&nbsp;&nbsp;&nbsp;&nbsp;&nbsp;&nbsp;&nbsp;&nbsp;&nbsp;&nbsp;&nbsp;&nbsp;&nbsp;&nbsp;&nbsp;&nbsp;&nbsp;&nbsp;&nbsp;&nbsp;&nbsp;&nbsp;&nbsp;&nbsp;&nbsp;&nbsp;&nbsp;&nbsp;&nbsp;&nbsp;&nbsp;&nbsp;&nbsp;&nbsp;&nbsp;&nbsp;&nbsp;&nbsp;&nbsp;&nbsp;&nbsp;&nbsp;&nbsp;&nbsp;&nbsp;&nbsp;&nbsp;&nbsp;&nbsp;&nbsp;&nbsp;&nbsp;&nbsp;&nbsp;&nbsp;&nbsp;&nbsp;&nbsp;&nbsp;&nbsp;&nbsp;&nbsp;&nbsp;&nbsp;&nbsp;&nbsp;&nbsp;&nbsp;&nbsp;&nbsp;&nbsp;&nbsp;&nbsp;&nbsp;&nbsp;&nbsp;&nbsp;&nbsp;&nbsp;&nbsp;&nbsp;&nbsp;&nbsp; Kasserer<\/p>\n\n\n\n<p>&nbsp;&nbsp;&nbsp;&nbsp;&nbsp;&nbsp;&nbsp;&nbsp;&nbsp;&nbsp;&nbsp;&nbsp;&nbsp;&nbsp;&nbsp;&nbsp;&nbsp;&nbsp;&nbsp;&nbsp;&nbsp;&nbsp;&nbsp;&nbsp;&nbsp;&nbsp;&nbsp;&nbsp;&nbsp;&nbsp;&nbsp;&nbsp;&nbsp;&nbsp;&nbsp;&nbsp;&nbsp;&nbsp;&nbsp;&nbsp;&nbsp;&nbsp;&nbsp;&nbsp;&nbsp;&nbsp;&nbsp;&nbsp;&nbsp;&nbsp;&nbsp;&nbsp;&nbsp;&nbsp;&nbsp;&nbsp;&nbsp;&nbsp;&nbsp;&nbsp;&nbsp;&nbsp;&nbsp;&nbsp;&nbsp;&nbsp;&nbsp;&nbsp;&nbsp;&nbsp;&nbsp;&nbsp;&nbsp;&nbsp;&nbsp;&nbsp;&nbsp;&nbsp;&nbsp;&nbsp;&nbsp;&nbsp;&nbsp;&nbsp;&nbsp;&nbsp;&nbsp;&nbsp;&nbsp;&nbsp;&nbsp;&nbsp;&nbsp;&nbsp;&nbsp;&nbsp;&nbsp;&nbsp;&nbsp;&nbsp;&nbsp;&nbsp;&nbsp;&nbsp;&nbsp;&nbsp;&nbsp;&nbsp;&nbsp;&nbsp;&nbsp;&nbsp;&nbsp;&nbsp;&nbsp;&nbsp;&nbsp;&nbsp;&nbsp;&nbsp;&nbsp;&nbsp;&nbsp;&nbsp;&nbsp;&nbsp;&nbsp;&nbsp;&nbsp;&nbsp;&nbsp;&nbsp;&nbsp; J\u00f8rgen Laustsen. Tlf. 98135339<\/p>\n","protected":false},"excerpt":{"rendered":"<p>www.hasserisstuerne.dk Hasserisstuerne Indkaldelse til generalforsamling tirsdag den 30. april 2013 kl. 19.30 i krypten i Hasseris Kirke Dagsorden iflg. vedt\u00e6gterne: 1. Valg af dirigent og stemmet\u00e6llere 2. Bestyrelsens beretning 3. Freml\u00e6ggelse af det reviderede regnskab og fasts\u00e6ttelse af kontingent for &hellip; <a href=\"https:\/\/hasserisstuerne.dk\/?page_id=735\">Continued<\/a><\/p>\n","protected":false},"author":1,"featured_media":0,"parent":0,"menu_order":0,"comment_status":"closed","ping_status":"closed","template":"","meta":{"kt_blocks_editor_width":"","footnotes":""},"class_list":["post-735","page","type-page","status-publish","hentry"],"_links":{"self":[{"href":"https:\/\/hasserisstuerne.dk\/index.php?rest_route=\/wp\/v2\/pages\/735","targetHints":{"allow":["GET"]}}],"collection":[{"href":"https:\/\/hasserisstuerne.dk\/index.php?rest_route=\/wp\/v2\/pages"}],"about":[{"href":"https:\/\/hasserisstuerne.dk\/index.php?rest_route=\/wp\/v2\/types\/page"}],"author":[{"embeddable":true,"href":"https:\/\/hasserisstuerne.dk\/index.php?rest_route=\/wp\/v2\/users\/1"}],"replies":[{"embeddable":true,"href":"https:\/\/hasserisstuerne.dk\/index.php?rest_route=%2Fwp%2Fv2%2Fcomments&post=735"}],"version-history":[{"count":2,"href":"https:\/\/hasserisstuerne.dk\/index.php?rest_route=\/wp\/v2\/pages\/735\/revisions"}],"predecessor-version":[{"id":740,"href":"https:\/\/hasserisstuerne.dk\/index.php?rest_route=\/wp\/v2\/pages\/735\/revisions\/740"}],"wp:attachment":[{"href":"https:\/\/hasserisstuerne.dk\/index.php?rest_route=%2Fwp%2Fv2%2Fmedia&parent=735"}],"curies":[{"name":"wp","href":"https:\/\/api.w.org\/{rel}","templated":true}]}}