{"id":733,"date":"2021-02-23T17:14:30","date_gmt":"2021-02-23T16:14:30","guid":{"rendered":"http:\/\/hasserisstuerne.conicio.dk\/?page_id=733"},"modified":"2021-02-23T17:14:31","modified_gmt":"2021-02-23T16:14:31","slug":"generalforsamling-2014","status":"publish","type":"page","link":"https:\/\/hasserisstuerne.dk\/?page_id=733","title":{"rendered":"Generalforsamling 2014"},"content":{"rendered":"\n<p><strong>HASSERISSTUERNE<\/strong><\/p>\n\n\n\n<p><strong>REFERAT<\/strong>&nbsp;&nbsp;&nbsp;&nbsp;&nbsp;&nbsp;&nbsp;&nbsp;&nbsp;&nbsp;&nbsp;&nbsp;&nbsp;&nbsp;&nbsp;&nbsp;&nbsp;&nbsp;&nbsp; af 18. ordin\u00e6re generalforsamling i Krypten i Hasseris Kirke<\/p>\n\n\n\n<p><strong>&nbsp;&nbsp;&nbsp;&nbsp;&nbsp;&nbsp;&nbsp;&nbsp;&nbsp;&nbsp;&nbsp;&nbsp;&nbsp;&nbsp;&nbsp;&nbsp;&nbsp;&nbsp;&nbsp;&nbsp;&nbsp;&nbsp;&nbsp;&nbsp;&nbsp;&nbsp;&nbsp;&nbsp;&nbsp;&nbsp;&nbsp;&nbsp;&nbsp;&nbsp;&nbsp;&nbsp; <\/strong>kl.19.30<\/p>\n\n\n\n<p><strong>DATO&nbsp;&nbsp;&nbsp;&nbsp;&nbsp;&nbsp;&nbsp;&nbsp;&nbsp;&nbsp;&nbsp;&nbsp;&nbsp;&nbsp;&nbsp;&nbsp;&nbsp;&nbsp;&nbsp;&nbsp;&nbsp;&nbsp;&nbsp;&nbsp;&nbsp;&nbsp; <\/strong>28.4.2014<\/p>\n\n\n\n<p>Formanden J\u00f8rgen Els\u00f8e Jensen b\u00f8d velkommen, og Jens Laursen blev foresl\u00e5et som generalforsamlingens dirigent<\/p>\n\n\n\n<p>Dirigenten indledte med at konstatere, at generalforsamlingen var lovligt indvarsletog beslutningsdygtig<\/p>\n\n\n\n<p><strong>Beretning<\/strong><\/p>\n\n\n\n<p><strong>&#8211;&nbsp;&nbsp;&nbsp;&nbsp; <\/strong>Formanden gennemgik de enkelte punkter i den udsendte&nbsp; beretning<strong>:<\/strong><\/p>\n\n\n\n<ul class=\"wp-block-list\"><li>JEJ indledte med at gennemg\u00e5 bestyrelsens sammens\u00e6tning, og<\/li><\/ul>\n\n\n\n<p>kunne igen gl\u00e6de sig over, at foreningen har en solid \u00f8konomi og et stabilt medlemstal<\/p>\n\n\n\n<ul class=\"wp-block-list\"><li>Foreningen udsendte i 2013 et mindre skrift om en samling postkort, en<\/li><\/ul>\n\n\n\n<p>lille sorg-munter historie om en menneskesk\u00e6bne, der lige s\u00e5 godt kunne have forekommet i Hasseris<\/p>\n\n\n\n<ul class=\"wp-block-list\"><li>Bestyrelsen blev sidste \u00e5r enige om at udsende et skrift om Arne Jacobsens meget ber\u00f8mte, men i lokalsamfundet ret oversete fabriks-bygning, som han lavede for CAC Motorrenoveringsfabrik i 1956 Bygningen blev i 2010 fredet p\u00e5 bl.a. Hasserisstuernes initiativ<\/li><\/ul>\n\n\n\n<p>Tidligere stadsarkitekt Knud Tranholm har indvilget i at skrive om arkitekturen, mens foreningen tager sig af fabrikkens tilblivelse og historie \u2013 Erik Iversen har lovet at fotografere<\/p>\n\n\n\n<p>Hasserisstuerne stiler efter at f\u00e5 skriftet udgivet i \u00e5r<\/p>\n\n\n\n<ul class=\"wp-block-list\"><li>Foreningens hjemmeside fungerer efter bestyrelsens mening ganske glimrende, og foreningen f\u00e5r en del henvendelser gennem den ind \u2013<\/li><\/ul>\n\n\n\n<p>byggede kontaktservice. Curt Sloth har p\u00e5taget sig opgaven at v\u00e6re redakt\u00f8r. Det er endelig lykkedes at f\u00e5 et sted at opbevare de mange b\u00f8ger, som foreningen stadig har p\u00e5 lager. B\u00f8gerne er deponeret i k\u00e6lderen under Hasseris Bibliotek sammen med de \u00f8vrige effekter, som foreningen er i besiddelse af, mens samlingen af genstande fortsat befinder sig i Historisk Museums magasiner<\/p>\n\n\n\n<ul class=\"wp-block-list\"><li>Hasserisstuerne er if\u00f8lge sine vedt\u00e6gter en museumsforening, og bestyrelsen har arbejdet for at komme dertil, hvor der kan etableres et s\u00e5dan for bydelen Hasseris<\/li><\/ul>\n\n\n\n<p>I denne bestyrelsesperiode har bestyrelsen imidlertid diskuteret, om det er et realistisk m\u00e5l, og af to grunde: Er bydelen stor nok\/er der interesse nok til at kunne b\u00e6re s\u00e5danne mindestuer, som foreningens stiftere Sigurd M\u00fcller og Jacob Blegvad forestillede sig, og er det realistisk, at foreningen kan samle midler nok til en kontinuerlig drift af et s\u00e5dant sted<\/p>\n\n\n\n<p>Kravene er blevet sk\u00e6rpet siden foreningens stiftelse i 1996, og bestyrelsen l\u00e6gger derfor op til, at der vedtages forskellige \u00e6ndringer af vedt\u00e6gterne, hvoraf det vigtigste er, at museumstanken neddrosles, og at foreningen i stedet fokuserer p\u00e5 det kulturhistoriske arbejde, dvs. p\u00e5 at publicere, afholde foredragsaftener, fungere som lokalarkiv, betjene medlemmerne og tage sig af l\u00f8bende sager og foresp\u00f8rgsler<\/p>\n\n\n\n<p>I forbindelse med revideringen af vedt\u00e6gterne er det ogs\u00e5 relevant at se p\u00e5 foreningens navn. Da det p\u00e5 sigt ikke ser ud til, at der er en mulighed for at indrette de mindestuer, som var det oprindelige initiativ, er navnet Hasserisstuerne m\u00e5ske misvisende. Det er imidlertid en vanskelig sag at \u00e6ndre navnet, fordi foreningen trods alt har en r\u00e6kke publikationer bag sig, et forlag og em hjemmeside under det oprigtige navn<\/p>\n\n\n\n<p>Et nyt navn kommer uv\u00e6gerligt til at skabe forvirring, s\u00e5 bestyrelsens forslag er, at sp\u00f8rgsm\u00e5let behandles i den kommende periode, at medlemmerne sp\u00f8rges, at vi kontakter en kommunikationsr\u00e5dgiver, og at bestyrelsen p\u00e5 n\u00e6ste generalforsamling pr\u00e6senterer nye, mulige navne til foreningen<\/p>\n\n\n\n<p>En r\u00e6kke medlemmer (Jens Sleiborg, Kurt Hansen, Kaj Frandsen, J\u00f8rgen Laustsen og Birgitte Pilgaard) stillede sp\u00f8rgsm\u00e5l til evt. navne\u00e6ndring, og der var stort set enighed om, at navnet gerne skulle v\u00e6re anvendeligt og passe til de opgaver, foreningen har<\/p>\n\n\n\n<p>Bestyrelsen fik derfor mandat til at arbejde videre med problemet, s\u00e5 et evt. nyt navn som foresl\u00e5et kan pr\u00e6senteres p\u00e5 n\u00e6ste generalforsamling<\/p>\n\n\n\n<p>&nbsp;&nbsp;&nbsp;&nbsp;&nbsp; Beretningen godkendt<\/p>\n\n\n\n<p><strong>Regnskab<\/strong><\/p>\n\n\n\n<ul class=\"wp-block-list\"><li>Det reviderede regnskab blev fremlagt af J\u00f8rgen Laustsen og godkendt<\/li><li>Regnskabet viser et underskud p\u00e5 kr. 11.900,-; dette er opst\u00e5et i forbindelse udgivelsen af \u00e5rets publikation<\/li><li>Kontingentet (2015) er u\u00e6ndret kr. 100,00<\/li><li>Kurt Hansen stillede sp\u00f8rgsm\u00e5let, om bestyrelsen er tilfreds med regnskabet? Med en solid \u00f8konomi mener bestyrelsen, at der er plads til at udlevere publikationer til medlemmerne<\/li><\/ul>\n\n\n\n<p><strong>Indkomne forslag<\/strong><\/p>\n\n\n\n<ul class=\"wp-block-list\"><li>Ingen forslag indkommet ud over vedt\u00e6gts\u00e6ndringerne<\/li><li>Forslagene om vedt\u00e6gts\u00e6ndringer blev gennemg\u00e5et og vedtaget, bl.a. skal datoen for generalforsamlingens afholdelse \u00e6ndres til ultimo&nbsp; marts efter krav fra Aalborg Kommune, og vedr. navnet vender bestyrelsen tilbage &#8211; senest ved n\u00e6ste generalforsamling<\/li><\/ul>\n\n\n\n<h1 class=\"wp-block-heading\">&#8211;&nbsp;&nbsp;&nbsp;&nbsp;&nbsp;&nbsp; Forslag fra Hasseris Grundejerforening om at HG og HS arbejder lidt<\/h1>\n\n\n\n<p>&nbsp;&nbsp;&nbsp;&nbsp;&nbsp; mere sammen \u2013 Hasserisstuerne har tidligere uden held luftet ideen<\/p>\n\n\n\n<h1 class=\"wp-block-heading\">Valg til formand<\/h1>\n\n\n\n<p>&nbsp;&nbsp;&nbsp;&nbsp;&nbsp;&nbsp;&nbsp;&nbsp;&nbsp;&nbsp;&nbsp;&nbsp;&nbsp;&nbsp;&nbsp;&nbsp;&nbsp;&nbsp;&nbsp;&nbsp;&nbsp; <strong>&nbsp;&nbsp;&nbsp;&nbsp;&nbsp;&nbsp;&nbsp;&nbsp;&nbsp;&nbsp;&nbsp;&nbsp;&nbsp;&nbsp;&nbsp; &#8211;&nbsp;&nbsp;&nbsp; <\/strong>JEJ blev genvalgt til formand<\/p>\n\n\n\n<h1 class=\"wp-block-heading\">&nbsp;<\/h1>\n\n\n\n<h1 class=\"wp-block-heading\">Valg til bestyrelse<\/h1>\n\n\n\n<ul class=\"wp-block-list\"><li>Efter tur afgik n\u00e6stformand Kaj Frandsen, kasserer J\u00f8rgen Laustsen og suppleant Lis Sennevald<\/li><\/ul>\n\n\n\n<p>J\u00f8rgen Laustsen og Lis Sennenvald \u00f8nskede ikke genvalg &#8211; JEJ takkede de afg\u00e5ende bestyrelsesmedlemmer for deres indsats<\/p>\n\n\n\n<ul class=\"wp-block-list\"><li>Kaj Frandsen modtog genvalg<strong> &nbsp;&nbsp;&nbsp;&nbsp;&nbsp;&nbsp;&nbsp;&nbsp;&nbsp;&nbsp;&nbsp;&nbsp;&nbsp;&nbsp;&nbsp;&nbsp;&nbsp;&nbsp;&nbsp;&nbsp;&nbsp;&nbsp;&nbsp;&nbsp;&nbsp;&nbsp;&nbsp;&nbsp;&nbsp;&nbsp;&nbsp;&nbsp;&nbsp;<\/strong><\/li><li>Karen Krarup forts\u00e6tter som suppleant, og Aase Bak blev nyvalgt<\/li><\/ul>\n\n\n\n<p><strong>Valg af revisorer<\/strong><\/p>\n\n\n\n<ul class=\"wp-block-list\"><li>Mogens Kastrup Jensen og Hans Ulrik Larsen blev genvalgt som revisorer<\/li><\/ul>\n\n\n\n<p><strong>Eventuelt<\/strong><\/p>\n\n\n\n<p>&nbsp;&nbsp;&nbsp;&nbsp;&nbsp;&nbsp;&nbsp;&nbsp;&nbsp;&nbsp;&nbsp;&nbsp;&nbsp;&nbsp;&nbsp;&nbsp;&nbsp;&nbsp;&nbsp;&nbsp;&nbsp;&nbsp;&nbsp;&nbsp;&nbsp;&nbsp;&nbsp;&nbsp;&nbsp;&nbsp;&nbsp;&nbsp;&nbsp;&nbsp;&nbsp;&nbsp;&nbsp; <strong>&#8211; <\/strong>&nbsp;&nbsp;&nbsp;JEJ sluttede generalforsamlingen med at takke dirigenten og de<\/p>\n\n\n\n<p>&nbsp;&nbsp;&nbsp;&nbsp;&nbsp; fremm\u00f8dte<\/p>\n\n\n\n<p>Efter generalforsamlingen fortalte Per Fog om nogle af Almen Kirkegaardens prominente personer<\/p>\n\n\n\n<p>&nbsp;&nbsp;&nbsp;&nbsp;&nbsp;&nbsp;&nbsp;&nbsp;&nbsp;&nbsp;&nbsp;&nbsp;&nbsp;&nbsp;&nbsp;&nbsp;&nbsp;&nbsp; Referent: Charlotte Gorm Bremmer<\/p>\n","protected":false},"excerpt":{"rendered":"<p>HASSERISSTUERNE REFERAT&nbsp;&nbsp;&nbsp;&nbsp;&nbsp;&nbsp;&nbsp;&nbsp;&nbsp;&nbsp;&nbsp;&nbsp;&nbsp;&nbsp;&nbsp;&nbsp;&nbsp;&nbsp;&nbsp; af 18. ordin\u00e6re generalforsamling i Krypten i Hasseris Kirke &nbsp;&nbsp;&nbsp;&nbsp;&nbsp;&nbsp;&nbsp;&nbsp;&nbsp;&nbsp;&nbsp;&nbsp;&nbsp;&nbsp;&nbsp;&nbsp;&nbsp;&nbsp;&nbsp;&nbsp;&nbsp;&nbsp;&nbsp;&nbsp;&nbsp;&nbsp;&nbsp;&nbsp;&nbsp;&nbsp;&nbsp;&nbsp;&nbsp;&nbsp;&nbsp;&nbsp; kl.19.30 DATO&nbsp;&nbsp;&nbsp;&nbsp;&nbsp;&nbsp;&nbsp;&nbsp;&nbsp;&nbsp;&nbsp;&nbsp;&nbsp;&nbsp;&nbsp;&nbsp;&nbsp;&nbsp;&nbsp;&nbsp;&nbsp;&nbsp;&nbsp;&nbsp;&nbsp;&nbsp; 28.4.2014 Formanden J\u00f8rgen Els\u00f8e Jensen b\u00f8d velkommen, og Jens Laursen blev foresl\u00e5et som generalforsamlingens dirigent Dirigenten indledte med at konstatere, at generalforsamlingen var lovligt indvarsletog beslutningsdygtig &hellip; <a href=\"https:\/\/hasserisstuerne.dk\/?page_id=733\">Continued<\/a><\/p>\n","protected":false},"author":1,"featured_media":0,"parent":0,"menu_order":0,"comment_status":"closed","ping_status":"closed","template":"","meta":{"kt_blocks_editor_width":"","footnotes":""},"class_list":["post-733","page","type-page","status-publish","hentry"],"_links":{"self":[{"href":"https:\/\/hasserisstuerne.dk\/index.php?rest_route=\/wp\/v2\/pages\/733","targetHints":{"allow":["GET"]}}],"collection":[{"href":"https:\/\/hasserisstuerne.dk\/index.php?rest_route=\/wp\/v2\/pages"}],"about":[{"href":"https:\/\/hasserisstuerne.dk\/index.php?rest_route=\/wp\/v2\/types\/page"}],"author":[{"embeddable":true,"href":"https:\/\/hasserisstuerne.dk\/index.php?rest_route=\/wp\/v2\/users\/1"}],"replies":[{"embeddable":true,"href":"https:\/\/hasserisstuerne.dk\/index.php?rest_route=%2Fwp%2Fv2%2Fcomments&post=733"}],"version-history":[{"count":1,"href":"https:\/\/hasserisstuerne.dk\/index.php?rest_route=\/wp\/v2\/pages\/733\/revisions"}],"predecessor-version":[{"id":734,"href":"https:\/\/hasserisstuerne.dk\/index.php?rest_route=\/wp\/v2\/pages\/733\/revisions\/734"}],"wp:attachment":[{"href":"https:\/\/hasserisstuerne.dk\/index.php?rest_route=%2Fwp%2Fv2%2Fmedia&parent=733"}],"curies":[{"name":"wp","href":"https:\/\/api.w.org\/{rel}","templated":true}]}}