{"id":731,"date":"2021-02-23T17:14:45","date_gmt":"2021-02-23T16:14:45","guid":{"rendered":"http:\/\/hasserisstuerne.conicio.dk\/?page_id=731"},"modified":"2021-02-23T17:14:45","modified_gmt":"2021-02-23T16:14:45","slug":"generalforsamling-2015","status":"publish","type":"page","link":"https:\/\/hasserisstuerne.dk\/?page_id=731","title":{"rendered":"Generalforsamling 2015"},"content":{"rendered":"\n<p><strong>HASSERISSTUERNE<\/strong><\/p>\n\n\n\n<p><strong>REFERAT<\/strong>&nbsp;&nbsp;&nbsp;&nbsp;&nbsp;&nbsp;&nbsp;&nbsp;&nbsp;&nbsp;&nbsp;&nbsp;&nbsp;&nbsp;&nbsp;&nbsp;&nbsp;&nbsp;&nbsp; af 19. ordin\u00e6re generalforsamling i Krypten i Hasseris Kirke<\/p>\n\n\n\n<p><strong>&nbsp;&nbsp;&nbsp;&nbsp;&nbsp;&nbsp;&nbsp;&nbsp;&nbsp;&nbsp;&nbsp;&nbsp;&nbsp;&nbsp;&nbsp;&nbsp;&nbsp;&nbsp;&nbsp;&nbsp;&nbsp;&nbsp;&nbsp;&nbsp;&nbsp;&nbsp;&nbsp;&nbsp;&nbsp;&nbsp;&nbsp;&nbsp;&nbsp;&nbsp;&nbsp;&nbsp; <\/strong>kl.19.30<\/p>\n\n\n\n<p><strong>DATO&nbsp;&nbsp;&nbsp;&nbsp;&nbsp;&nbsp;&nbsp;&nbsp;&nbsp;&nbsp;&nbsp;&nbsp;&nbsp;&nbsp;&nbsp;&nbsp;&nbsp;&nbsp;&nbsp;&nbsp;&nbsp;&nbsp;&nbsp;&nbsp;&nbsp;&nbsp; <\/strong>17.3.2015<\/p>\n\n\n\n<p>Formanden J\u00f8rgen Els\u00f8e Jensen b\u00f8d velkommen, og Jens Laursen blev foresl\u00e5et som generalforsamlingens dirigent<\/p>\n\n\n\n<p>Dirigenten indledte med at konstatere, at generalforsamlingen var lovligt indvarsletog beslutningsdygtig<\/p>\n\n\n\n<p><strong>Beretning<\/strong><\/p>\n\n\n\n<p><strong>&#8211;&nbsp;&nbsp;&nbsp;&nbsp; <\/strong>Formanden gennemgik de enkelte punkter i den udsendte&nbsp; beretning<strong>:<\/strong><\/p>\n\n\n\n<ul class=\"wp-block-list\"><li>JEJ indledte med at gennemg\u00e5 bestyrelsens sammens\u00e6tning, og<\/li><\/ul>\n\n\n\n<p>kunne igen gl\u00e6de sig over, at foreningen har en solid \u00f8konomi og et stabilt medlemstal<\/p>\n\n\n\n<ul class=\"wp-block-list\"><li>Foreningen har ikke udsendt et skrift i &nbsp;2014, men vil i stedet udsende to skrifter i \u00e5r, dels en bog om Skagens historie, som udsendes til foreningens medlemmer i , dels et skrift om Arne Jacobsens meget ber\u00f8mte, men&nbsp; i lokalsamfundet ret overstet fabriksbygning, som han lavede for CAC Motorrenoveringsfabrik i 1956. Bygningen p\u00e5 Riihim\u00e4kivej 3 blev fredet i 2010 p\u00e5 bl.a. Hasserisstuernes initiativ og regnes for en af Arne Jacobsens bedste &nbsp;mindre industribygninger.<\/li><\/ul>\n\n\n\n<p>&nbsp;&nbsp;&nbsp;&nbsp;&nbsp;&nbsp; Foreningen har f\u00e5et tidligere stadsarkitekt Knud Tranholm til at skrive om<\/p>\n\n\n\n<p>&nbsp;&nbsp;&nbsp;&nbsp;&nbsp;&nbsp; fabrikkens arkitektur, mens foreningen tager sig af dens tilblivelse og<\/p>\n\n\n\n<p>&nbsp;&nbsp;&nbsp;&nbsp;&nbsp;&nbsp; virksomhedens historie, og Erik Iversen har lovet at fotografere.<\/p>\n\n\n\n<p>Hasserisstuerne stiler efter at udsende skriftet sidst p\u00e5 \u00e5ret.<\/p>\n\n\n\n<ul class=\"wp-block-list\"><li>Foreningens hjemmeside fungerer i bedste velg\u00e5ende takket v\u00e6re Curt<\/li><\/ul>\n\n\n\n<p>&nbsp;&nbsp;&nbsp;&nbsp;&nbsp;&nbsp; Sloths indsats. Siden opdateres l\u00f8bende, og der er p\u00e6nt dagligt bes\u00f8g.<\/p>\n\n\n\n<p>Bestyrelsen f\u00e5r desuden en del henvendelser gennem den indbyggede kontaktservice.<\/p>\n\n\n\n<ul class=\"wp-block-list\"><li>P\u00e5 sidste \u00e5rs generalforsamling blev det vedtaget at gennemf\u00f8re forskellige \u00e6ndringer af vedt\u00e6gterne, hvoraf den vigtigste er, at museumstanken neddrosles, og at foreningen i stedet fokuserer p\u00e5 det kulturhistoriske arbejde, dvs. p\u00e5 at publicere, afholde foredragsaftener, fungere som lokalarkiv, betjene medlemmerne og tage sig af l\u00f8bende sager og foresp\u00f8rgsler.<\/li><\/ul>\n\n\n\n<p>&nbsp;&nbsp;&nbsp;&nbsp;&nbsp;&nbsp; Bestyrelsen har arrangeret et enkelt foredrag i efter\u00e5ret, og vi l\u00e6gger mere<\/p>\n\n\n\n<p>&nbsp;&nbsp;&nbsp;&nbsp; &nbsp;&nbsp;h\u00e5rdt ud i \u00e5r med tre arrangementer samt de udgivelser, jeg har n\u00e6vnt, og&nbsp;&nbsp;<\/p>\n\n\n\n<p>vil ogs\u00e5 i fremtiden l\u00e6gge stadig st\u00f8rre v\u00e6gt p\u00e5 det medlemsorienterede arbejde.<\/p>\n\n\n\n<p>&nbsp;&nbsp;&nbsp;&nbsp;&nbsp;&nbsp; P\u00e5 sidste \u00e5rs generalforsamling blev det dr\u00f8ftet, om det i forbindelse<\/p>\n\n\n\n<p>med revideringen af vedt\u00e6gterne ogs\u00e5 var relevant at se p\u00e5 foreningens navn. Da det p\u00e5 sigt ikke ser ud til, at der er en mulighed for at indrette de mindestuer, som var det oprindelige initiativ, er navnet Hasserisstuerne m\u00e5ske misvisende.<\/p>\n\n\n\n<p>&nbsp; &nbsp;&nbsp;&nbsp;&nbsp;&nbsp;&nbsp;&nbsp;&nbsp;Bestyrelsen foreslog, at sp\u00f8rgsm\u00e5let blev behandlet i den nu&nbsp;&nbsp;<\/p>\n\n\n\n<p>&nbsp;&nbsp;&nbsp;&nbsp;&nbsp;&nbsp;&nbsp;&nbsp;&nbsp; forgangne periode, at medlemmerne sp\u00f8rges, at vi kontakter en<\/p>\n\n\n\n<p>&nbsp;&nbsp;&nbsp;&nbsp;&nbsp;&nbsp;&nbsp;&nbsp;&nbsp; kommunikationsr\u00e5dgiver, og at den p\u00e5 n\u00e6ste generalforsamling<\/p>\n\n\n\n<p>&nbsp;&nbsp;&nbsp;&nbsp;&nbsp;&nbsp;&nbsp;&nbsp;&nbsp; pr\u00e6senterer nye, mulige navne til foreningen.<\/p>\n\n\n\n<p>&nbsp;&nbsp;&nbsp;&nbsp;&nbsp;&nbsp;&nbsp;&nbsp; Bestyrelsen har haft sagen som et fast punkt p\u00e5 dagsordenen , men der er<\/p>\n\n\n\n<p>&nbsp;&nbsp;&nbsp;&nbsp;&nbsp;&nbsp;&nbsp;&nbsp; ikke indkommet forslag fra medlemmerne, og vi er heller ikke ad anden vej<\/p>\n\n\n\n<p>&nbsp;&nbsp;&nbsp;&nbsp;&nbsp;&nbsp;&nbsp;&nbsp; n\u00e5et frem til et nyt navn, der virkelig har ramt nerven i vores virksomhed.<\/p>\n\n\n\n<p>&nbsp;&nbsp;&nbsp;&nbsp;&nbsp;&nbsp;&nbsp;&nbsp; I stedet har Aase Bak lagt et beroligende plaster p\u00e5 sagen ved at kalde<\/p>\n\n\n\n<p>&nbsp;&nbsp;&nbsp;&nbsp;&nbsp;&nbsp;&nbsp;&nbsp; navnet Hasserisstuerne for \u201dpoetisk\u201d.<\/p>\n\n\n\n<p>&nbsp;&nbsp;&nbsp;&nbsp;&nbsp;&nbsp;&nbsp;&nbsp; Den pragmatiske holdning er, at vi m\u00e5 se, hvor bestyrelsens arbejde kan<\/p>\n\n\n\n<p>&nbsp;&nbsp;&nbsp;&nbsp;&nbsp;&nbsp;&nbsp;&nbsp; bringe foreningen hen, og hvis der viser sig et presserende behov for<\/p>\n\n\n\n<p>&nbsp;&nbsp;&nbsp;&nbsp;&nbsp;&nbsp;&nbsp;&nbsp; navne\u00e6ndring, m\u00e5 sagen tages op igen.<\/p>\n\n\n\n<p>&nbsp;&nbsp;&nbsp;&nbsp;&nbsp; Beretningen godkendt<\/p>\n\n\n\n<p><strong>Regnskab<\/strong><\/p>\n\n\n\n<ul class=\"wp-block-list\"><li>Det reviderede regnskab blev fremlagt af Curt Sloth og godkendt<\/li><li>Regnskabet viser et underskud p\u00e5 kr. 26.247,-; dette er opst\u00e5et i forbindelse med bogudgivelsen om Packness<\/li><li>Kontingentet (2016) er u\u00e6ndret kr. 100,00<\/li><\/ul>\n\n\n\n<p><strong>Indkomne forslag<\/strong><\/p>\n\n\n\n<p>&#8211;&nbsp;&nbsp;&nbsp; Der er ikke indkommet forslag<\/p>\n\n\n\n<h1 class=\"wp-block-heading\">Valg til formand<\/h1>\n\n\n\n<p>&nbsp;&nbsp;&nbsp;&nbsp;&nbsp;&nbsp;&nbsp;&nbsp;&nbsp;&nbsp;&nbsp;&nbsp;&nbsp;&nbsp;&nbsp;&nbsp;&nbsp;&nbsp;&nbsp;&nbsp;&nbsp; <strong>&nbsp;&nbsp;&nbsp;&nbsp;&nbsp;&nbsp;&nbsp;&nbsp;&nbsp;&nbsp;&nbsp;&nbsp; &nbsp;&nbsp;&nbsp;&nbsp;&nbsp;&nbsp;&nbsp;&nbsp; &nbsp;&nbsp;&nbsp;&#8211;&nbsp;&nbsp;&nbsp; <\/strong>JEJ blev genvalgt til formand<\/p>\n\n\n\n<h1 class=\"wp-block-heading\">&nbsp;<\/h1>\n\n\n\n<h1 class=\"wp-block-heading\">Valg til bestyrelse<\/h1>\n\n\n\n<ul class=\"wp-block-list\"><li>Efter tur afgik kasserer Curt Sloth og bestyrelsesmedlemmerne<\/li><\/ul>\n\n\n\n<p>Birgitte Pilgaard og Charlotte Gorm Bremmer<\/p>\n\n\n\n<p>&nbsp;&nbsp;&nbsp;&nbsp;&nbsp; Aase Bak (suppleant) \u00f8nskede at indtr\u00e6de i bestyrelsen<\/p>\n\n\n\n<ul class=\"wp-block-list\"><li>Curt Sloth, Birgitte Pilgaard og Charlotte Gorm Bremmer modtog genvalg, og Aase Bak blev nyvalgt<\/li><\/ul>\n\n\n\n<p>&#8211;&nbsp;&nbsp;&nbsp;&nbsp; Karen Krarup forts\u00e6tter som suppleant, og Mie Boe blev nyvalgt<\/p>\n\n\n\n<p><strong>Valg af revisorer<\/strong><\/p>\n\n\n\n<ul class=\"wp-block-list\"><li>Hans Ulrik Larsen \u00f8nskede ikke genvalg<\/li><li>Mogens Kastrup Jensen blev genvalgt, og Kurt Hansen blev nyvalgt &nbsp;som revisor<\/li><\/ul>\n\n\n\n<p><strong>Eventuelt<\/strong><\/p>\n\n\n\n<p>&nbsp;&nbsp;&nbsp;&nbsp;&nbsp;&nbsp;&nbsp;&nbsp;&nbsp;&nbsp;&nbsp;&nbsp;&nbsp;&nbsp;&nbsp;&nbsp;&nbsp;&nbsp;&nbsp;&nbsp;&nbsp;&nbsp;&nbsp;&nbsp;&nbsp;&nbsp;&nbsp;&nbsp;&nbsp;&nbsp;&nbsp;&nbsp;&nbsp;&nbsp;&nbsp;&nbsp;&nbsp; <strong>&#8211; <\/strong>&nbsp;&nbsp;&nbsp;JEJ sluttede generalforsamlingen med at takke dirigenten og de<\/p>\n\n\n\n<p>&nbsp;&nbsp;&nbsp;&nbsp;&nbsp; fremm\u00f8dte<\/p>\n\n\n\n<p>Efter generalforsamlingen fortalte tidligere forstander gennem 21 \u00e5r, Erik Jeppesen, meget underholdende om Sct. J\u00f8rgensgaard \u2013 \u201dHuset\u201d :<\/p>\n\n\n\n<p>\u201dFra&nbsp; fattigg\u00e5rd til kultur-og fritidshus\u201d<\/p>\n\n\n\n<p>&nbsp;&nbsp;&nbsp;&nbsp;&nbsp;&nbsp;&nbsp;&nbsp;&nbsp;&nbsp;&nbsp;&nbsp;&nbsp;&nbsp;&nbsp;&nbsp;&nbsp;&nbsp; Referent: Charlotte Gorm Bremmer<\/p>\n","protected":false},"excerpt":{"rendered":"<p>HASSERISSTUERNE REFERAT&nbsp;&nbsp;&nbsp;&nbsp;&nbsp;&nbsp;&nbsp;&nbsp;&nbsp;&nbsp;&nbsp;&nbsp;&nbsp;&nbsp;&nbsp;&nbsp;&nbsp;&nbsp;&nbsp; af 19. ordin\u00e6re generalforsamling i Krypten i Hasseris Kirke &nbsp;&nbsp;&nbsp;&nbsp;&nbsp;&nbsp;&nbsp;&nbsp;&nbsp;&nbsp;&nbsp;&nbsp;&nbsp;&nbsp;&nbsp;&nbsp;&nbsp;&nbsp;&nbsp;&nbsp;&nbsp;&nbsp;&nbsp;&nbsp;&nbsp;&nbsp;&nbsp;&nbsp;&nbsp;&nbsp;&nbsp;&nbsp;&nbsp;&nbsp;&nbsp;&nbsp; kl.19.30 DATO&nbsp;&nbsp;&nbsp;&nbsp;&nbsp;&nbsp;&nbsp;&nbsp;&nbsp;&nbsp;&nbsp;&nbsp;&nbsp;&nbsp;&nbsp;&nbsp;&nbsp;&nbsp;&nbsp;&nbsp;&nbsp;&nbsp;&nbsp;&nbsp;&nbsp;&nbsp; 17.3.2015 Formanden J\u00f8rgen Els\u00f8e Jensen b\u00f8d velkommen, og Jens Laursen blev foresl\u00e5et som generalforsamlingens dirigent Dirigenten indledte med at konstatere, at generalforsamlingen var lovligt indvarsletog beslutningsdygtig &hellip; <a href=\"https:\/\/hasserisstuerne.dk\/?page_id=731\">Continued<\/a><\/p>\n","protected":false},"author":1,"featured_media":0,"parent":0,"menu_order":0,"comment_status":"closed","ping_status":"closed","template":"","meta":{"kt_blocks_editor_width":"","footnotes":""},"class_list":["post-731","page","type-page","status-publish","hentry"],"_links":{"self":[{"href":"https:\/\/hasserisstuerne.dk\/index.php?rest_route=\/wp\/v2\/pages\/731","targetHints":{"allow":["GET"]}}],"collection":[{"href":"https:\/\/hasserisstuerne.dk\/index.php?rest_route=\/wp\/v2\/pages"}],"about":[{"href":"https:\/\/hasserisstuerne.dk\/index.php?rest_route=\/wp\/v2\/types\/page"}],"author":[{"embeddable":true,"href":"https:\/\/hasserisstuerne.dk\/index.php?rest_route=\/wp\/v2\/users\/1"}],"replies":[{"embeddable":true,"href":"https:\/\/hasserisstuerne.dk\/index.php?rest_route=%2Fwp%2Fv2%2Fcomments&post=731"}],"version-history":[{"count":1,"href":"https:\/\/hasserisstuerne.dk\/index.php?rest_route=\/wp\/v2\/pages\/731\/revisions"}],"predecessor-version":[{"id":732,"href":"https:\/\/hasserisstuerne.dk\/index.php?rest_route=\/wp\/v2\/pages\/731\/revisions\/732"}],"wp:attachment":[{"href":"https:\/\/hasserisstuerne.dk\/index.php?rest_route=%2Fwp%2Fv2%2Fmedia&parent=731"}],"curies":[{"name":"wp","href":"https:\/\/api.w.org\/{rel}","templated":true}]}}