{"id":729,"date":"2021-02-23T17:23:40","date_gmt":"2021-02-23T16:23:40","guid":{"rendered":"http:\/\/hasserisstuerne.conicio.dk\/?page_id=729"},"modified":"2021-02-23T17:23:40","modified_gmt":"2021-02-23T16:23:40","slug":"generalforsamling-2016","status":"publish","type":"page","link":"https:\/\/hasserisstuerne.dk\/?page_id=729","title":{"rendered":"Generalforsamling 2016"},"content":{"rendered":"\n<p><strong>HASSERISSTUERNE<\/strong><\/p>\n\n\n\n<p><strong>REFERAT<\/strong>&nbsp;&nbsp;&nbsp;&nbsp;&nbsp;&nbsp;&nbsp;&nbsp;&nbsp;&nbsp;&nbsp;&nbsp;&nbsp;&nbsp;&nbsp;&nbsp;&nbsp;&nbsp;&nbsp; af 20. ordin\u00e6re generalforsamling i Krypten i Hasseris Kirke<\/p>\n\n\n\n<p><strong>&nbsp;&nbsp;&nbsp;&nbsp;&nbsp;&nbsp;&nbsp;&nbsp;&nbsp;&nbsp;&nbsp;&nbsp;&nbsp;&nbsp;&nbsp;&nbsp;&nbsp;&nbsp;&nbsp;&nbsp;&nbsp;&nbsp;&nbsp;&nbsp;&nbsp;&nbsp;&nbsp;&nbsp;&nbsp;&nbsp;&nbsp;&nbsp;&nbsp;&nbsp;&nbsp;&nbsp; <\/strong>kl.19.30<\/p>\n\n\n\n<p><strong>DATO&nbsp;&nbsp;&nbsp;&nbsp;&nbsp;&nbsp;&nbsp;&nbsp;&nbsp;&nbsp;&nbsp;&nbsp;&nbsp;&nbsp;&nbsp;&nbsp;&nbsp;&nbsp;&nbsp;&nbsp;&nbsp;&nbsp;&nbsp;&nbsp;&nbsp;&nbsp; <\/strong>15.3.2016<\/p>\n\n\n\n<p>Formanden J\u00f8rgen Els\u00f8e Jensen b\u00f8d velkommen, og Jens Laursen blev foresl\u00e5et som generalforsamlingens dirigent<\/p>\n\n\n\n<p>Dirigenten indledte med at konstatere, at generalforsamlingen var lovligt indvarsletog beslutningsdygtig<\/p>\n\n\n\n<p><strong>Beretning<\/strong><\/p>\n\n\n\n<p><strong>&#8211;&nbsp;&nbsp;&nbsp;&nbsp; <\/strong>Formanden gennemgik de enkelte punkter i den udsendte&nbsp; beretning<strong>:<\/strong><\/p>\n\n\n\n<ul class=\"wp-block-list\"><li>J\u00f8rgen Els\u00f8e Jensen indledte med at gennemg\u00e5 bestyrelsens sammens\u00e6tning og kunne igen gl\u00e6de sig over, at foreningen har en solid \u00f8konomi og et stabilt medlemstal<\/li><\/ul>\n\n\n\n<ul class=\"wp-block-list\"><li>Foreningen udsendte i 2015 et skrift om Skagens historie, som blev fint modtaget. Selv om emnet ikke har noget med Hasseris at g\u00f8re, fornemmer vi, at foreningens medlemmer har v\u00e6ret glade for at f\u00e5 bogen tilsendt som en medlemsgave: alle kender til Skagen, men Skagens historie er p\u00e5 mange m\u00e5der ukendt.&nbsp;<\/li><\/ul>\n\n\n\n<p>Et foredrag om emnet i slutningen af januar trak omkring 80 g\u00e6ster i kirkens<\/p>\n\n\n\n<p>&nbsp;&nbsp;&nbsp;&nbsp;&nbsp;&nbsp;&nbsp; Krypt.&nbsp;<\/p>\n\n\n\n<p><strong>&#8211;&nbsp;&nbsp;&nbsp;&nbsp;&nbsp; <\/strong>Bestyrelsen blev allerede for to \u00e5r siden enige om at udsende et skrift om &nbsp;&nbsp;&nbsp;&nbsp;&nbsp;&nbsp;&nbsp;<\/p>\n\n\n\n<p>&nbsp;&nbsp;&nbsp;&nbsp;&nbsp;&nbsp;&nbsp; Arne Jacobsens meget ber\u00f8mte, men i lokalsamfundet ret oversete<\/p>\n\n\n\n<p>&nbsp;&nbsp;&nbsp;&nbsp;&nbsp;&nbsp;&nbsp; fabriksbygning, som han lavede for CAC Motorrenovationsfabrik i 1956.<\/p>\n\n\n\n<p>&nbsp;&nbsp;&nbsp;&nbsp;&nbsp;&nbsp;&nbsp; Bygningen p\u00e5 Riihim\u00e4kivej 3 blev fredet i 2010 p\u00e5 bl.a. Hasserisstuernes<\/p>\n\n\n\n<p>&nbsp;&nbsp;&nbsp;&nbsp;&nbsp;&nbsp; &nbsp;initiativ og regnes for en af Arne Jacobsens bedste mindre industribygninger.<\/p>\n\n\n\n<p>&nbsp;<strong>&#8211;<\/strong> &nbsp;&nbsp;&nbsp;&nbsp;Foreningen har f\u00e5et tidligere stadsarkitekt Knud Tranholm til at skrive om<\/p>\n\n\n\n<p>&nbsp;&nbsp;&nbsp;&nbsp;&nbsp;&nbsp; fabrikkens arkitektur, mens foreningen tager sig af dens tilblivelse og<\/p>\n\n\n\n<p>&nbsp;&nbsp;&nbsp;&nbsp;&nbsp;&nbsp; virksomhedens historie, og Erik Iversen har v\u00e6ret med til at fotografere.<\/p>\n\n\n\n<p>Hasserisstuerne stiler efter at udsende skriftet i \u00e5r. Det var ogs\u00e5 meningen sidste \u00e5r, men foreningen har forg\u00e6ves efters\u00f8gt korrespondancen mellem virksomhedens stifter Carl Christensen og Arne Jacobsen , som kunne belyse byggeriets tilblivelse.<\/p>\n\n\n\n<p>Nu ser det endelig ud til, at der m\u00e5ske sker noget; men vi kan ikke st\u00e5 inde for at udsende et skrift om dette emne uden f\u00f8rst at have gjort, hvad vi kunne for at ops\u00f8ge disse oplysninger \u2013 hvis de kom frem efter udgivelsen, ville den m\u00e5ske miste en god del af sin v\u00e6rdi. Derfor venter vi lidt endnu og forventer at udsende den sidst p\u00e5 \u00e5ret. I \u00f8vrigt er bogen s\u00e5 langt fremme, at den kan blive klippet sammen. Der er allerede givet tilsagn om et st\u00f8ttebel\u00f8b p\u00e5 kr. 65.000,-, s\u00e5 der kan laves en p\u00e6n publikation.<\/p>\n\n\n\n<ul class=\"wp-block-list\"><li>Foreningens hjemmeside fungerer efter bestyrelsens mening ganske glimrende, og vi f\u00e5r en del henvendelser gennem den indbyggede kontaktservice. Curt Sloth tager sig af opgaven at v\u00e6re redakt\u00f8r.<\/li><\/ul>\n\n\n\n<ul class=\"wp-block-list\"><li>Foreningen vil satse p\u00e5 at afholde flere gratis foredragsaftener om forskellige<\/li><\/ul>\n\n\n\n<p>emner, der henvender sig til alle, som har lyst.<\/p>\n\n\n\n<p>Vi udsender et program s\u00e5 snart som muligt.&nbsp; &nbsp;<\/p>\n\n\n\n<p>&nbsp;&nbsp;&nbsp;&nbsp; &nbsp;&nbsp;&nbsp;&nbsp;&nbsp;Beretningen godkendt<\/p>\n\n\n\n<p><strong>Regnskab<\/strong><\/p>\n\n\n\n<p><strong>&#8211;<\/strong>&nbsp;&nbsp;&nbsp;&nbsp;&nbsp; &nbsp;Det reviderede regnskab blev fremlagt af Curt Sloth og godkendt<\/p>\n\n\n\n<p><strong>&#8211;<\/strong>&nbsp;&nbsp;&nbsp;&nbsp;&nbsp; Regnskabet viser et overskud p\u00e5 kr. 6.537,-<\/p>\n\n\n\n<p><strong>&#8211;<\/strong>&nbsp;&nbsp;&nbsp;&nbsp;&nbsp; Kontingentet (2017) er u\u00e6ndret kr. 100,00<\/p>\n\n\n\n<p><strong>Indkomne forslag<\/strong><\/p>\n\n\n\n<p>&#8211;&nbsp;&nbsp;&nbsp; Der er ikke indkommet forslag<\/p>\n\n\n\n<h1 class=\"wp-block-heading\">Valg til formand<\/h1>\n\n\n\n<p>&nbsp;&nbsp;&nbsp;&nbsp;&nbsp;&nbsp;&nbsp;&nbsp;&nbsp;&nbsp;&nbsp;&nbsp;&nbsp;&nbsp;&nbsp;&nbsp;&nbsp;&nbsp;&nbsp;&nbsp;&nbsp; <strong>&nbsp;&nbsp;&nbsp;&nbsp;&nbsp;&nbsp;&nbsp;&nbsp;&nbsp;&nbsp;&nbsp;&nbsp; &nbsp;&nbsp;&nbsp;&nbsp;&nbsp;&nbsp;&nbsp;&nbsp; &nbsp;&nbsp;&nbsp;&#8211;&nbsp;&nbsp;&nbsp; <\/strong>J\u00f8rgen Els\u00f8e Jensen blev genvalgt til formand<\/p>\n\n\n\n<h1 class=\"wp-block-heading\">&nbsp;<\/h1>\n\n\n\n<h1 class=\"wp-block-heading\">Valg til bestyrelse<\/h1>\n\n\n\n<ul class=\"wp-block-list\"><li>Efter tur afgik n\u00e6stformand Kaj Frandsen \u2013 Kaj Frandsen \u00f8nskede<\/li><\/ul>\n\n\n\n<p>&nbsp;&nbsp;&nbsp;&nbsp;&nbsp; ikke genvalg<\/p>\n\n\n\n<p>J\u00f8rgen Els\u00f8e Jensen takkede derefter Kaj Frandsen for hans indsats<\/p>\n\n\n\n<p><strong>&#8211;<\/strong>&nbsp;&nbsp; &nbsp;&nbsp;Hans Boisen blev nyvalgt<\/p>\n\n\n\n<p>&#8211;&nbsp;&nbsp;&nbsp;&nbsp; Mie Boe og Karen Krarup forts\u00e6tter som suppleanter<\/p>\n\n\n\n<p><strong>Valg af revisorer<\/strong><\/p>\n\n\n\n<ul class=\"wp-block-list\"><li>Kurt Hansen og Mogens Kastrup Jensen blev genvalgt som revisorer<\/li><\/ul>\n\n\n\n<p><strong>Eventuelt<\/strong><\/p>\n\n\n\n<ul class=\"wp-block-list\"><li>J\u00f8rgen Els\u00f8e Jensen sluttede generalforsamlingen med at takke<\/li><\/ul>\n\n\n\n<p>&nbsp;&nbsp;&nbsp;&nbsp;&nbsp;&nbsp;&nbsp;&nbsp;&nbsp;&nbsp;&nbsp;&nbsp;&nbsp;&nbsp;&nbsp;&nbsp;&nbsp;&nbsp;&nbsp;&nbsp;&nbsp;&nbsp;&nbsp;&nbsp;&nbsp;&nbsp;&nbsp;&nbsp;&nbsp;&nbsp;&nbsp;&nbsp;&nbsp;&nbsp;&nbsp;&nbsp;&nbsp; &nbsp;&nbsp;&nbsp;&nbsp; dirigenten og de fremm\u00f8dte<\/p>\n\n\n\n<p>Efter generalforsamlingen fortalte J\u00f8rgen Els\u00f8e Jensen om \u201dArne Jacobsen og CAC Motorrenovering i Aalborg\u201d.<\/p>\n\n\n\n<p>&nbsp;&nbsp;&nbsp;&nbsp;&nbsp;&nbsp;&nbsp;&nbsp;&nbsp;&nbsp;&nbsp;&nbsp;&nbsp;&nbsp;&nbsp;&nbsp;&nbsp;&nbsp; Referent: Charlotte Gorm Bremmer<\/p>\n\n\n\n<p>2<\/p>\n","protected":false},"excerpt":{"rendered":"<p>HASSERISSTUERNE REFERAT&nbsp;&nbsp;&nbsp;&nbsp;&nbsp;&nbsp;&nbsp;&nbsp;&nbsp;&nbsp;&nbsp;&nbsp;&nbsp;&nbsp;&nbsp;&nbsp;&nbsp;&nbsp;&nbsp; af 20. ordin\u00e6re generalforsamling i Krypten i Hasseris Kirke &nbsp;&nbsp;&nbsp;&nbsp;&nbsp;&nbsp;&nbsp;&nbsp;&nbsp;&nbsp;&nbsp;&nbsp;&nbsp;&nbsp;&nbsp;&nbsp;&nbsp;&nbsp;&nbsp;&nbsp;&nbsp;&nbsp;&nbsp;&nbsp;&nbsp;&nbsp;&nbsp;&nbsp;&nbsp;&nbsp;&nbsp;&nbsp;&nbsp;&nbsp;&nbsp;&nbsp; kl.19.30 DATO&nbsp;&nbsp;&nbsp;&nbsp;&nbsp;&nbsp;&nbsp;&nbsp;&nbsp;&nbsp;&nbsp;&nbsp;&nbsp;&nbsp;&nbsp;&nbsp;&nbsp;&nbsp;&nbsp;&nbsp;&nbsp;&nbsp;&nbsp;&nbsp;&nbsp;&nbsp; 15.3.2016 Formanden J\u00f8rgen Els\u00f8e Jensen b\u00f8d velkommen, og Jens Laursen blev foresl\u00e5et som generalforsamlingens dirigent Dirigenten indledte med at konstatere, at generalforsamlingen var lovligt indvarsletog beslutningsdygtig &hellip; <a href=\"https:\/\/hasserisstuerne.dk\/?page_id=729\">Continued<\/a><\/p>\n","protected":false},"author":1,"featured_media":0,"parent":0,"menu_order":0,"comment_status":"closed","ping_status":"closed","template":"","meta":{"kt_blocks_editor_width":"","footnotes":""},"class_list":["post-729","page","type-page","status-publish","hentry"],"_links":{"self":[{"href":"https:\/\/hasserisstuerne.dk\/index.php?rest_route=\/wp\/v2\/pages\/729","targetHints":{"allow":["GET"]}}],"collection":[{"href":"https:\/\/hasserisstuerne.dk\/index.php?rest_route=\/wp\/v2\/pages"}],"about":[{"href":"https:\/\/hasserisstuerne.dk\/index.php?rest_route=\/wp\/v2\/types\/page"}],"author":[{"embeddable":true,"href":"https:\/\/hasserisstuerne.dk\/index.php?rest_route=\/wp\/v2\/users\/1"}],"replies":[{"embeddable":true,"href":"https:\/\/hasserisstuerne.dk\/index.php?rest_route=%2Fwp%2Fv2%2Fcomments&post=729"}],"version-history":[{"count":1,"href":"https:\/\/hasserisstuerne.dk\/index.php?rest_route=\/wp\/v2\/pages\/729\/revisions"}],"predecessor-version":[{"id":730,"href":"https:\/\/hasserisstuerne.dk\/index.php?rest_route=\/wp\/v2\/pages\/729\/revisions\/730"}],"wp:attachment":[{"href":"https:\/\/hasserisstuerne.dk\/index.php?rest_route=%2Fwp%2Fv2%2Fmedia&parent=729"}],"curies":[{"name":"wp","href":"https:\/\/api.w.org\/{rel}","templated":true}]}}