{"id":727,"date":"2021-02-23T17:24:09","date_gmt":"2021-02-23T16:24:09","guid":{"rendered":"http:\/\/hasserisstuerne.conicio.dk\/?page_id=727"},"modified":"2021-02-23T17:24:10","modified_gmt":"2021-02-23T16:24:10","slug":"gereralforsamling-2017","status":"publish","type":"page","link":"https:\/\/hasserisstuerne.dk\/?page_id=727","title":{"rendered":"Gereralforsamling 2017"},"content":{"rendered":"\n<p>Hasserisstuerne<\/p>\n\n\n\n<p><strong>Indkaldelse til generalforsamling onsdag den 22. marts 2017 kl. 19.30 i krypten i Hasseris Kirke<\/strong><\/p>\n\n\n\n<p>Dagsorden iflg. vedt\u00e6gterne:<\/p>\n\n\n\n<p>1. Valg af dirigent og stemmet\u00e6llere<\/p>\n\n\n\n<p>2. Bestyrelsens beretning<\/p>\n\n\n\n<p>3. Freml\u00e6ggelse af det reviderede regnskab og<\/p>\n\n\n\n<p>fasts\u00e6ttelse af kontingent for det kommende \u00e5r<\/p>\n\n\n\n<p>4. Behandling af indkomne forslag<\/p>\n\n\n\n<p>5. Valg til formand.<\/p>\n\n\n\n<p>6. Valg til bestyrelsen.<\/p>\n\n\n\n<p>&nbsp;&nbsp; Valg af bestyrelsessuppleanter.<\/p>\n\n\n\n<p>7. Valg af to revisorer<\/p>\n\n\n\n<p>8. Eventuelt<\/p>\n\n\n\n<p>Bestyrelsesmedlemmer p\u00e5 valg er villige til genvalg.<\/p>\n\n\n\n<p>Efter generalforsamlingen vil Erik Iversen holde foredrag om:<\/p>\n\n\n\n<p><strong>\u201dJacob Blegvad \u2013 arkitektur, samfund og engagement\u201d<\/strong><\/p>\n\n\n\n<p><strong>Alle er velkomne<\/strong><\/p>\n\n\n\n<p>Foreningen vil v\u00e6re v\u00e6rt ved en kop kaffe<\/p>\n\n\n\n<p>Venlig hilsen<\/p>\n\n\n\n<p>Bestyrelsen<\/p>\n\n\n\n<p>Hasserisstuerne: Beretning for 2016-2017<\/p>\n\n\n\n<p>Dirigent: Jens Laursen<\/p>\n\n\n\n<p>Bestyrelsen best\u00e5r af formand J\u00f8rgen Els\u00f8e Jensen, n\u00e6stformand Birgitte Pilgaard, kasserer Curt Sloth og bestyrelsesmedlemmerne Aase Bak,&nbsp; Charlotte Gorm Bremmer og Hans Boisen. Suppleanter er Kai Frandsen og Mie Boe. Revisorer er Kurt Hansen og Mogens Kastrup Jensen.<\/p>\n\n\n\n<p>P\u00e5 valg er formand J\u00f8rgen Els\u00f8e Jensen, n\u00e6stformand Birgitte Pilgaard, kasserer Curt Sloth og bestyrelsesmedlemmerne Aase Bak,&nbsp; Charlotte Gorm Bremmer. Alle er villige til genvalg.<\/p>\n\n\n\n<p>P\u00e5 valg er ogs\u00e5 suppleanterne Kaj Frandsen og Mie Boe. Ogs\u00e5 de er villige til genvalg.<\/p>\n\n\n\n<p>P\u00e5 valg er desuden revisorerne er Kurt Hansen og Mogens Kastrup Jensen, som ogs\u00e5 er villige til genvalg.<\/p>\n\n\n\n<p>Bestyrelsen kan f\u00f8rst og fremmest konstatere, at medlemstallet fortsat ligger stabilt lidt under 100, og at foreningens \u00f8konomi er solid. Vores suppleant Karen Krarup d\u00f8de sidste \u00e5r, og foreningen deltog selvf\u00f8lgelig i begravelsen her i Hasseris Kirke. Kaj Frandsen tr\u00e5dte senere ind som suppleant i hendes sted, og det er vi taknemmelige for.<\/p>\n\n\n\n<p><strong>Skrift<\/strong><\/p>\n\n\n\n<p>Foreningen udsendte i 2016 et skrift om CAC Motorrenovering og Arne Jacobsen, som er blevet fint modtaget. Byggeriet opstod p\u00e5 et areal af Hasseris Kommune, som var blevet mageskiftet til Aalborg Kommune kort efter krigen. Baggrunden for udgivelsen er den, at Motorrenoveringsanstalten lukkede i 2006, og at fremtiden for den ber\u00f8mte arkitekts v\u00e6rk fra 1956 dermed tr\u00e5dte ind i en usikker fase.<\/p>\n\n\n\n<p>Jeg p\u00e5tog mig i min egenskab af formand for bevaringsforeningen her i byen at fors\u00f8ge at overtale den nye ejer, nabovirksomheden Kj\u00e6rsgaard Auto, til at indg\u00e5 i en fredning, og det lykkedes med lidt hj\u00e6lp fra dav\u00e6rende stadsarkitekt Knud Tranholm. Derfor var det ogs\u00e5 n\u00e6rliggende at f\u00e5 udsendt et skrift om det i lokalsamfundet noget oversete, men verdensber\u00f8mte byggeri i Aalborg, og det er Hasserisstuerne og dets forlag den eneste her i byen, som er gearet til. Vi skaffede pengene til udgivelsen ved at s\u00f8ge forskellige fonde, og vi fik lavet et oplysende og smukt skrift og fik lagt lidt til side i kassen. Jeg vil gerne benytte lejligheden til at sige bestyrelsen tak for jeres engagement med at f\u00e5 manuskriptet tilrettelagt og korrekturl\u00e6st.<\/p>\n\n\n\n<p>Hasserisstuerne satser nu p\u00e5 at f\u00e5 udgivet en solid bog om arkitekt Jacob Blegvad med Erik Iversen som forfatter og foreningen som redakt\u00f8r og udgiver. Det bliver ikke i indev\u00e6rende \u00e5r, men forh\u00e5bentlig til n\u00e6ste \u00e5r. Efter generalforsamlingen fort\u00e6ller Erik Iversen om sine indledende resultater, og vi g\u00e5r snarest i gang med at planl\u00e6gge publikationens omfang og format, s\u00e5 der kan udsendes ans\u00f8gninger om st\u00f8tte.<\/p>\n\n\n\n<p><strong>Arrangementer<\/strong><\/p>\n\n\n\n<p>Foreningen har afholdt tre arrangementer i det forl\u00f8bende \u00e5r. Ketty Johansson holdt i for\u00e5ret et ikke ret godt bes\u00f8gt foredrag, Aase Bak var p\u00e5 skulpturvandring i Hasseris med ca. 25 deltagere, og sidst p\u00e5 \u00e5ret holdt vi reception p\u00e5 Hasseris Bibliotek i forbindelse med udgivelsen af CAC bogen.<\/p>\n\n\n\n<p><strong>Hjemmeside<\/strong><\/p>\n\n\n\n<p>Foreningens hjemmeside fungerer efter bestyrelsens mening ganske glimrende, og vi f\u00e5r en del henvendelser gennem den indbyggede kontaktservice. Curt Sloth tager sig af opgaven at v\u00e6re redakt\u00f8r.<\/p>\n\n\n\n<p>Jeg vil hermed overgive beretningen til generalforsamlingen.<\/p>\n","protected":false},"excerpt":{"rendered":"<p>Hasserisstuerne Indkaldelse til generalforsamling onsdag den 22. marts 2017 kl. 19.30 i krypten i Hasseris Kirke Dagsorden iflg. vedt\u00e6gterne: 1. Valg af dirigent og stemmet\u00e6llere 2. Bestyrelsens beretning 3. Freml\u00e6ggelse af det reviderede regnskab og fasts\u00e6ttelse af kontingent for det &hellip; <a href=\"https:\/\/hasserisstuerne.dk\/?page_id=727\">Continued<\/a><\/p>\n","protected":false},"author":1,"featured_media":0,"parent":0,"menu_order":0,"comment_status":"closed","ping_status":"closed","template":"","meta":{"kt_blocks_editor_width":"","footnotes":""},"class_list":["post-727","page","type-page","status-publish","hentry"],"_links":{"self":[{"href":"https:\/\/hasserisstuerne.dk\/index.php?rest_route=\/wp\/v2\/pages\/727","targetHints":{"allow":["GET"]}}],"collection":[{"href":"https:\/\/hasserisstuerne.dk\/index.php?rest_route=\/wp\/v2\/pages"}],"about":[{"href":"https:\/\/hasserisstuerne.dk\/index.php?rest_route=\/wp\/v2\/types\/page"}],"author":[{"embeddable":true,"href":"https:\/\/hasserisstuerne.dk\/index.php?rest_route=\/wp\/v2\/users\/1"}],"replies":[{"embeddable":true,"href":"https:\/\/hasserisstuerne.dk\/index.php?rest_route=%2Fwp%2Fv2%2Fcomments&post=727"}],"version-history":[{"count":1,"href":"https:\/\/hasserisstuerne.dk\/index.php?rest_route=\/wp\/v2\/pages\/727\/revisions"}],"predecessor-version":[{"id":728,"href":"https:\/\/hasserisstuerne.dk\/index.php?rest_route=\/wp\/v2\/pages\/727\/revisions\/728"}],"wp:attachment":[{"href":"https:\/\/hasserisstuerne.dk\/index.php?rest_route=%2Fwp%2Fv2%2Fmedia&parent=727"}],"curies":[{"name":"wp","href":"https:\/\/api.w.org\/{rel}","templated":true}]}}