{"id":716,"date":"2021-02-23T16:43:32","date_gmt":"2021-02-23T15:43:32","guid":{"rendered":"http:\/\/hasserisstuerne.conicio.dk\/?page_id=716"},"modified":"2021-02-23T16:43:32","modified_gmt":"2021-02-23T15:43:32","slug":"almen-kirkegaard-2","status":"publish","type":"page","link":"https:\/\/hasserisstuerne.dk\/?page_id=716","title":{"rendered":"Almen Kirkeg\u00e5rd"},"content":{"rendered":"\n<p>Dette skrift om Almen Kirkeg\u00e5rd og historien om nogle af de bisatte bygger p\u00e5 en r\u00e6kke notater, Hasserisstuerne fik stillet til r\u00e5dighed af tidligere forstander p\u00e5 Aalborg Kloster, Per Fog. Han fik dem fra kontorfuldm\u00e6gtig i Aalborg Kommune, B\u00f8rge M\u00f8ller Knudsen, og arbejdede videre med dem i den hensigt at f\u00e5 dem udgivet.<\/p>\n\n\n\n<p>Efter Per Fogs d\u00f8d i 2016 tilb\u00f8d Hasserisstuerne at tage sig af det. Notaterne var ganske spredte, nogle personers livsforl\u00f8b omtales helt kort, mens andre livssk\u00e6bner er gjort til genstand for lidt l\u00e6ngere og mere intense beretninger. Der er ogs\u00e5 en tydelig pr\u00e6ference i valget af den personkreds og de h\u00e6ndelser, hvis historie skildres.<\/p>\n\n\n\n<p>Vi har samlet dem i en kronologisk orden efter personernes f\u00f8dsels\u00e5r for at tiden kan st\u00e5 mere klart frem. Vi har redigeret i teksterne og indhentet yderligere historiske data. Endelig har vi fundet illustrationsmateriale frem og selvf\u00f8lgelig designet skriftet.<\/p>\n\n\n\n<p>Men i bund og grund er det B\u00f8rge M\u00f8ller Knudsen og Per Fogs arbejde, deres tanker og fascination, der l\u00e6gges frem. De havde begge en levende interesse for Almen Kirkeg\u00e5rd og de personers historie, som ligger begravet der.<\/p>\n","protected":false},"excerpt":{"rendered":"<p>Dette skrift om Almen Kirkeg\u00e5rd og historien om nogle af de bisatte bygger p\u00e5 en r\u00e6kke notater, Hasserisstuerne fik stillet til r\u00e5dighed af tidligere forstander p\u00e5 Aalborg Kloster, Per Fog. Han fik dem fra kontorfuldm\u00e6gtig i Aalborg Kommune, B\u00f8rge M\u00f8ller &hellip; <a href=\"https:\/\/hasserisstuerne.dk\/?page_id=716\">Continued<\/a><\/p>\n","protected":false},"author":1,"featured_media":0,"parent":0,"menu_order":0,"comment_status":"closed","ping_status":"closed","template":"","meta":{"kt_blocks_editor_width":"","footnotes":""},"class_list":["post-716","page","type-page","status-publish","hentry"],"_links":{"self":[{"href":"https:\/\/hasserisstuerne.dk\/index.php?rest_route=\/wp\/v2\/pages\/716","targetHints":{"allow":["GET"]}}],"collection":[{"href":"https:\/\/hasserisstuerne.dk\/index.php?rest_route=\/wp\/v2\/pages"}],"about":[{"href":"https:\/\/hasserisstuerne.dk\/index.php?rest_route=\/wp\/v2\/types\/page"}],"author":[{"embeddable":true,"href":"https:\/\/hasserisstuerne.dk\/index.php?rest_route=\/wp\/v2\/users\/1"}],"replies":[{"embeddable":true,"href":"https:\/\/hasserisstuerne.dk\/index.php?rest_route=%2Fwp%2Fv2%2Fcomments&post=716"}],"version-history":[{"count":1,"href":"https:\/\/hasserisstuerne.dk\/index.php?rest_route=\/wp\/v2\/pages\/716\/revisions"}],"predecessor-version":[{"id":717,"href":"https:\/\/hasserisstuerne.dk\/index.php?rest_route=\/wp\/v2\/pages\/716\/revisions\/717"}],"wp:attachment":[{"href":"https:\/\/hasserisstuerne.dk\/index.php?rest_route=%2Fwp%2Fv2%2Fmedia&parent=716"}],"curies":[{"name":"wp","href":"https:\/\/api.w.org\/{rel}","templated":true}]}}