{"id":699,"date":"2021-02-23T00:36:23","date_gmt":"2021-02-22T23:36:23","guid":{"rendered":"http:\/\/hasserisstuerne.conicio.dk\/?page_id=699"},"modified":"2021-02-23T16:00:00","modified_gmt":"2021-02-23T15:00:00","slug":"cac-arne-jacobsen","status":"publish","type":"page","link":"https:\/\/hasserisstuerne.dk\/?page_id=699","title":{"rendered":"CAC Arne Jacobsen"},"content":{"rendered":"\n<p>I 1956 tegnede Arne Jakobsen CAC Motorrenoveringsfabrik, der ligger ud til Hobrovej, i n\u00e6rheden af Mariendal M\u00f8lle. Bygningen er nu fredet, blandt andet ved Hasserisstuernes mellemkomst. Se <a href=\"https:\/\/hasserisstuerne.dk\/wp-content\/uploads\/2021\/02\/c.a.c._motorrenovering-1.pdf\"><strong>Fredningsindstillingen<\/strong><\/a> med en r\u00e6kke tegninger og billeder fra fabrikken (pdf)<\/p>\n\n\n\n<p>CAC i Aalborg regnes i dag for det mest helst\u00f8bte af Arne Jacobsens mindre erhvervsbyggerier. Tidl. stadsarkitekt i Aalborg Knud Tranholm skriver om byggeriet, arkitekturen, virksomheden og Arne Jacobsens udvikling som arkitekt i bogen som Hasserisstuerne udgav 2016<\/p>\n\n\n\n<figure class=\"wp-block-image size-large is-resized is-style-default\"><img loading=\"lazy\" decoding=\"async\" src=\"https:\/\/hasserisstuerne.dk\/wp-content\/uploads\/2021\/02\/cac1.jpg\" alt=\"\" class=\"wp-image-420\" width=\"367\" height=\"437\"\/><figcaption>Arne Jacobsen og CAC Motorrenovering i Aalborg<\/figcaption><\/figure>\n\n\n\n<p><\/p>\n","protected":false},"excerpt":{"rendered":"<p>I 1956 tegnede Arne Jakobsen CAC Motorrenoveringsfabrik, der ligger ud til Hobrovej, i n\u00e6rheden af Mariendal M\u00f8lle. Bygningen er nu fredet, blandt andet ved Hasserisstuernes mellemkomst. Se Fredningsindstillingen med en r\u00e6kke tegninger og billeder fra fabrikken (pdf) CAC i Aalborg &hellip; <a href=\"https:\/\/hasserisstuerne.dk\/?page_id=699\">Continued<\/a><\/p>\n","protected":false},"author":1,"featured_media":0,"parent":0,"menu_order":0,"comment_status":"closed","ping_status":"closed","template":"","meta":{"kt_blocks_editor_width":"","footnotes":""},"class_list":["post-699","page","type-page","status-publish","hentry"],"_links":{"self":[{"href":"https:\/\/hasserisstuerne.dk\/index.php?rest_route=\/wp\/v2\/pages\/699","targetHints":{"allow":["GET"]}}],"collection":[{"href":"https:\/\/hasserisstuerne.dk\/index.php?rest_route=\/wp\/v2\/pages"}],"about":[{"href":"https:\/\/hasserisstuerne.dk\/index.php?rest_route=\/wp\/v2\/types\/page"}],"author":[{"embeddable":true,"href":"https:\/\/hasserisstuerne.dk\/index.php?rest_route=\/wp\/v2\/users\/1"}],"replies":[{"embeddable":true,"href":"https:\/\/hasserisstuerne.dk\/index.php?rest_route=%2Fwp%2Fv2%2Fcomments&post=699"}],"version-history":[{"count":3,"href":"https:\/\/hasserisstuerne.dk\/index.php?rest_route=\/wp\/v2\/pages\/699\/revisions"}],"predecessor-version":[{"id":709,"href":"https:\/\/hasserisstuerne.dk\/index.php?rest_route=\/wp\/v2\/pages\/699\/revisions\/709"}],"wp:attachment":[{"href":"https:\/\/hasserisstuerne.dk\/index.php?rest_route=%2Fwp%2Fv2%2Fmedia&parent=699"}],"curies":[{"name":"wp","href":"https:\/\/api.w.org\/{rel}","templated":true}]}}