{"id":654,"date":"2021-02-21T23:56:01","date_gmt":"2021-02-21T22:56:01","guid":{"rendered":"http:\/\/hasserisstuerne.conicio.dk\/?page_id=654"},"modified":"2021-02-21T23:56:02","modified_gmt":"2021-02-21T22:56:02","slug":"theodorsminde","status":"publish","type":"page","link":"https:\/\/hasserisstuerne.dk\/?page_id=654","title":{"rendered":"Theodorsminde"},"content":{"rendered":"<style>#kt-layout-id_50d36b-d1 > .kt-row-column-wrap{align-content:start;}:where(#kt-layout-id_50d36b-d1 > .kt-row-column-wrap) > .wp-block-kadence-column{justify-content:start;}#kt-layout-id_50d36b-d1 > .kt-row-column-wrap{column-gap:var(--global-kb-gap-md, 2rem);row-gap:var(--global-kb-gap-md, 2rem);padding-top:var( --global-kb-row-default-top, 25px );padding-bottom:var( --global-kb-row-default-bottom, 25px );padding-top:var(--global-kb-spacing-sm, 1.5rem);padding-bottom:var(--global-kb-spacing-sm, 1.5rem);grid-template-columns:repeat(2, minmax(0, 1fr));}#kt-layout-id_50d36b-d1 > .kt-row-layout-overlay{opacity:0.30;}@media all and (max-width: 1024px){#kt-layout-id_50d36b-d1 > .kt-row-column-wrap{grid-template-columns:repeat(2, minmax(0, 1fr));}}@media all and (max-width: 767px){#kt-layout-id_50d36b-d1 > .kt-row-column-wrap{grid-template-columns:minmax(0, 1fr);}}<\/style>\n<div class=\"wp-block-kadence-rowlayout alignnone\"><div id=\"kt-layout-id_50d36b-d1\" class=\"kt-row-layout-inner kt-layout-id_50d36b-d1\"><div class=\"kt-row-column-wrap kt-has-2-columns kt-gutter-default kt-v-gutter-default kt-row-valign-top kt-row-layout-equal kt-tab-layout-inherit kt-m-colapse-left-to-right kt-mobile-layout-row\"><style>.kadence-column_60c647-45 > .kt-inside-inner-col{border-top-width:0px;border-right-width:0px;border-bottom-width:0px;border-left-width:0px;}.kadence-column_60c647-45 > .kt-inside-inner-col,.kadence-column_60c647-45 > .kt-inside-inner-col:before{border-top-left-radius:0px;border-top-right-radius:0px;border-bottom-right-radius:0px;border-bottom-left-radius:0px;}.kadence-column_60c647-45 > .kt-inside-inner-col{column-gap:var(--global-kb-gap-sm, 1rem);}.kadence-column_60c647-45 > .kt-inside-inner-col{flex-direction:column;}.kadence-column_60c647-45 > .kt-inside-inner-col > .aligncenter{width:100%;}.kadence-column_60c647-45 > .kt-inside-inner-col:before{opacity:0.3;}.kadence-column_60c647-45{position:relative;}@media all and (max-width: 1024px){.kadence-column_60c647-45 > .kt-inside-inner-col{flex-direction:column;justify-content:center;}}@media all and (max-width: 767px){.kadence-column_60c647-45 > .kt-inside-inner-col{flex-direction:column;justify-content:center;}}<\/style>\n<div class=\"wp-block-kadence-column inner-column-1 kadence-column_60c647-45\"><div class=\"kt-inside-inner-col\">\n<h2 class=\"wp-block-heading\">Theodorsminde &#8211; en stor renovering<\/h2>\n\n\n\n<figure class=\"wp-block-table\"><table><tbody><tr><td>Villaen Theodorsminde ligger p\u00e5 Hasserisvej 126. Huset har levet en omtumlet tilv\u00e6relse, blandt andet som drengehjem, og nu er det under renovering..igen. Sp\u00f8rgsm\u00e5let er, hvad er rimelige gr\u00e6nser for renovering? Vi kigger lidt p\u00e5 husets historie. Theodorsminde er opf\u00f8rt i fra 1888, bygget af Marie Ree (1835-1900), enke efter Bernhard Ree (1813-1868) og fra 1872 eneejer af Aalborg Stiftstidende.<\/td><\/tr><\/tbody><\/table><\/figure>\n<\/div><\/div>\n\n\n<style>.kadence-column_a10293-1f > .kt-inside-inner-col{border-top-width:0px;border-right-width:0px;border-bottom-width:0px;border-left-width:0px;}.kadence-column_a10293-1f > .kt-inside-inner-col,.kadence-column_a10293-1f > .kt-inside-inner-col:before{border-top-left-radius:0px;border-top-right-radius:0px;border-bottom-right-radius:0px;border-bottom-left-radius:0px;}.kadence-column_a10293-1f > .kt-inside-inner-col{column-gap:var(--global-kb-gap-sm, 1rem);}.kadence-column_a10293-1f > .kt-inside-inner-col{flex-direction:column;}.kadence-column_a10293-1f > .kt-inside-inner-col > .aligncenter{width:100%;}.kadence-column_a10293-1f > .kt-inside-inner-col:before{opacity:0.3;}.kadence-column_a10293-1f{position:relative;}@media all and (max-width: 1024px){.kadence-column_a10293-1f > .kt-inside-inner-col{flex-direction:column;justify-content:center;}}@media all and (max-width: 767px){.kadence-column_a10293-1f > .kt-inside-inner-col{flex-direction:column;justify-content:center;}}<\/style>\n<div class=\"wp-block-kadence-column inner-column-2 kadence-column_a10293-1f\"><div class=\"kt-inside-inner-col\">\n<figure class=\"wp-block-image size-large is-resized is-style-default\"><img loading=\"lazy\" decoding=\"async\" src=\"https:\/\/hasserisstuerne.dk\/wp-content\/uploads\/2021\/02\/front.jpg\" alt=\"\" class=\"wp-image-46\" width=\"359\" height=\"269\"\/><figcaption>Theodorsminde<\/figcaption><\/figure>\n<\/div><\/div>\n<\/div><\/div><\/div>\n\n\n<style>#kt-layout-id_619ba4-29 > .kt-row-column-wrap{align-content:start;}:where(#kt-layout-id_619ba4-29 > .kt-row-column-wrap) > .wp-block-kadence-column{justify-content:start;}#kt-layout-id_619ba4-29 > .kt-row-column-wrap{column-gap:var(--global-kb-gap-md, 2rem);row-gap:var(--global-kb-gap-md, 2rem);padding-top:var( --global-kb-row-default-top, 25px );padding-bottom:var( --global-kb-row-default-bottom, 25px );padding-top:var(--global-kb-spacing-sm, 1.5rem);padding-bottom:var(--global-kb-spacing-sm, 1.5rem);grid-template-columns:repeat(2, minmax(0, 1fr));}#kt-layout-id_619ba4-29 > .kt-row-layout-overlay{opacity:0.30;}@media all and (max-width: 1024px){#kt-layout-id_619ba4-29 > .kt-row-column-wrap{grid-template-columns:repeat(2, minmax(0, 1fr));}}@media all and (max-width: 767px){#kt-layout-id_619ba4-29 > .kt-row-column-wrap{grid-template-columns:minmax(0, 1fr);}}<\/style>\n<div class=\"wp-block-kadence-rowlayout alignnone\"><div id=\"kt-layout-id_619ba4-29\" class=\"kt-row-layout-inner kt-layout-id_619ba4-29\"><div class=\"kt-row-column-wrap kt-has-2-columns kt-gutter-default kt-v-gutter-default kt-row-valign-top kt-row-layout-equal kt-tab-layout-inherit kt-m-colapse-left-to-right kt-mobile-layout-row\"><style>.kadence-column_403940-10 > .kt-inside-inner-col{border-top-width:0px;border-right-width:0px;border-bottom-width:0px;border-left-width:0px;}.kadence-column_403940-10 > .kt-inside-inner-col,.kadence-column_403940-10 > .kt-inside-inner-col:before{border-top-left-radius:0px;border-top-right-radius:0px;border-bottom-right-radius:0px;border-bottom-left-radius:0px;}.kadence-column_403940-10 > .kt-inside-inner-col{column-gap:var(--global-kb-gap-sm, 1rem);}.kadence-column_403940-10 > .kt-inside-inner-col{flex-direction:column;}.kadence-column_403940-10 > .kt-inside-inner-col > .aligncenter{width:100%;}.kadence-column_403940-10 > .kt-inside-inner-col:before{opacity:0.3;}.kadence-column_403940-10{position:relative;}@media all and (max-width: 1024px){.kadence-column_403940-10 > .kt-inside-inner-col{flex-direction:column;justify-content:center;}}@media all and (max-width: 767px){.kadence-column_403940-10 > .kt-inside-inner-col{flex-direction:column;justify-content:center;}}<\/style>\n<div class=\"wp-block-kadence-column inner-column-1 kadence-column_403940-10\"><div class=\"kt-inside-inner-col\">\n<p>Huset blev opkaldt efter s\u00f8nnen, cand. polit. Theodor Seedorf-Ree, som d\u00f8de kun 24 \u00e5r gammel i 1884 umiddelbart efter sin embedseksamen. Marie Ree testamenterede Theodorsminde til en selvejende institution for for\u00e6ldrel\u00f8se drenge. Det fungerede fra 1914 til 1961, hvorefter institutionen flyttede til Gemmavej 17.<\/p>\n<\/div><\/div>\n\n\n<style>.kadence-column_48d444-61 > .kt-inside-inner-col{border-top-width:0px;border-right-width:0px;border-bottom-width:0px;border-left-width:0px;}.kadence-column_48d444-61 > .kt-inside-inner-col,.kadence-column_48d444-61 > .kt-inside-inner-col:before{border-top-left-radius:0px;border-top-right-radius:0px;border-bottom-right-radius:0px;border-bottom-left-radius:0px;}.kadence-column_48d444-61 > .kt-inside-inner-col{column-gap:var(--global-kb-gap-sm, 1rem);}.kadence-column_48d444-61 > .kt-inside-inner-col{flex-direction:column;}.kadence-column_48d444-61 > .kt-inside-inner-col > .aligncenter{width:100%;}.kadence-column_48d444-61 > .kt-inside-inner-col:before{opacity:0.3;}.kadence-column_48d444-61{position:relative;}@media all and (max-width: 1024px){.kadence-column_48d444-61 > .kt-inside-inner-col{flex-direction:column;justify-content:center;}}@media all and (max-width: 767px){.kadence-column_48d444-61 > .kt-inside-inner-col{flex-direction:column;justify-content:center;}}<\/style>\n<div class=\"wp-block-kadence-column inner-column-2 kadence-column_48d444-61\"><div class=\"kt-inside-inner-col\">\n<figure class=\"wp-block-image size-large is-resized is-style-default\"><img loading=\"lazy\" decoding=\"async\" src=\"https:\/\/hasserisstuerne.dk\/wp-content\/uploads\/2021\/02\/kaos_front.jpg\" alt=\"\" class=\"wp-image-49\" width=\"363\" height=\"273\"\/><\/figure>\n<\/div><\/div>\n<\/div><\/div><\/div>\n\n\n<style>#kt-layout-id_ec0732-38 > .kt-row-column-wrap{align-content:start;}:where(#kt-layout-id_ec0732-38 > .kt-row-column-wrap) > .wp-block-kadence-column{justify-content:start;}#kt-layout-id_ec0732-38 > .kt-row-column-wrap{column-gap:var(--global-kb-gap-md, 2rem);row-gap:var(--global-kb-gap-md, 2rem);padding-top:var( --global-kb-row-default-top, 25px );padding-bottom:var( --global-kb-row-default-bottom, 25px );padding-top:var(--global-kb-spacing-sm, 1.5rem);padding-bottom:var(--global-kb-spacing-sm, 1.5rem);grid-template-columns:repeat(2, minmax(0, 1fr));}#kt-layout-id_ec0732-38 > .kt-row-layout-overlay{opacity:0.30;}@media all and (max-width: 1024px){#kt-layout-id_ec0732-38 > .kt-row-column-wrap{grid-template-columns:repeat(2, minmax(0, 1fr));}}@media all and (max-width: 767px){#kt-layout-id_ec0732-38 > .kt-row-column-wrap{grid-template-columns:minmax(0, 1fr);}}<\/style>\n<div class=\"wp-block-kadence-rowlayout alignnone\"><div id=\"kt-layout-id_ec0732-38\" class=\"kt-row-layout-inner kt-layout-id_ec0732-38\"><div class=\"kt-row-column-wrap kt-has-2-columns kt-gutter-default kt-v-gutter-default kt-row-valign-top kt-row-layout-equal kt-tab-layout-inherit kt-m-colapse-left-to-right kt-mobile-layout-row\"><style>.kadence-column_1f70d2-81 > .kt-inside-inner-col{border-top-width:0px;border-right-width:0px;border-bottom-width:0px;border-left-width:0px;}.kadence-column_1f70d2-81 > .kt-inside-inner-col,.kadence-column_1f70d2-81 > .kt-inside-inner-col:before{border-top-left-radius:0px;border-top-right-radius:0px;border-bottom-right-radius:0px;border-bottom-left-radius:0px;}.kadence-column_1f70d2-81 > .kt-inside-inner-col{column-gap:var(--global-kb-gap-sm, 1rem);}.kadence-column_1f70d2-81 > .kt-inside-inner-col{flex-direction:column;}.kadence-column_1f70d2-81 > .kt-inside-inner-col > .aligncenter{width:100%;}.kadence-column_1f70d2-81 > .kt-inside-inner-col:before{opacity:0.3;}.kadence-column_1f70d2-81{position:relative;}@media all and (max-width: 1024px){.kadence-column_1f70d2-81 > .kt-inside-inner-col{flex-direction:column;justify-content:center;}}@media all and (max-width: 767px){.kadence-column_1f70d2-81 > .kt-inside-inner-col{flex-direction:column;justify-content:center;}}<\/style>\n<div class=\"wp-block-kadence-column inner-column-1 kadence-column_1f70d2-81\"><div class=\"kt-inside-inner-col\">\n<p>Der er bygget en stor tilbygning bagved, formentlig allerede i drengehjemmets tid. Huset er oprindeligt bygget i historistisk italiensk landlig ren\u00e6ssancestil. Nu skal der v\u00e6re tre lejligheder. S\u00e5 hvad er respektfuld renovering i den sammenh\u00e6ng? Skriv til os.<\/p>\n<\/div><\/div>\n\n\n<style>.kadence-column_4229cc-b6 > .kt-inside-inner-col{border-top-width:0px;border-right-width:0px;border-bottom-width:0px;border-left-width:0px;}.kadence-column_4229cc-b6 > .kt-inside-inner-col,.kadence-column_4229cc-b6 > .kt-inside-inner-col:before{border-top-left-radius:0px;border-top-right-radius:0px;border-bottom-right-radius:0px;border-bottom-left-radius:0px;}.kadence-column_4229cc-b6 > .kt-inside-inner-col{column-gap:var(--global-kb-gap-sm, 1rem);}.kadence-column_4229cc-b6 > .kt-inside-inner-col{flex-direction:column;}.kadence-column_4229cc-b6 > .kt-inside-inner-col > .aligncenter{width:100%;}.kadence-column_4229cc-b6 > .kt-inside-inner-col:before{opacity:0.3;}.kadence-column_4229cc-b6{position:relative;}@media all and (max-width: 1024px){.kadence-column_4229cc-b6 > .kt-inside-inner-col{flex-direction:column;justify-content:center;}}@media all and (max-width: 767px){.kadence-column_4229cc-b6 > .kt-inside-inner-col{flex-direction:column;justify-content:center;}}<\/style>\n<div class=\"wp-block-kadence-column inner-column-2 kadence-column_4229cc-b6\"><div class=\"kt-inside-inner-col\">\n<figure class=\"wp-block-image size-large is-resized is-style-default\"><img loading=\"lazy\" decoding=\"async\" src=\"https:\/\/hasserisstuerne.dk\/wp-content\/uploads\/2021\/02\/bag.jpg\" alt=\"\" class=\"wp-image-47\" width=\"359\" height=\"269\"\/><figcaption>Bagside<\/figcaption><\/figure>\n<\/div><\/div>\n<\/div><\/div><\/div>\n","protected":false},"excerpt":{"rendered":"<p>Theodorsminde &#8211; en stor renovering Villaen Theodorsminde ligger p\u00e5 Hasserisvej 126. Huset har levet en omtumlet tilv\u00e6relse, blandt andet som drengehjem, og nu er det under renovering..igen. Sp\u00f8rgsm\u00e5let er, hvad er rimelige gr\u00e6nser for renovering? Vi kigger lidt p\u00e5 husets &hellip; <a href=\"https:\/\/hasserisstuerne.dk\/?page_id=654\">Continued<\/a><\/p>\n","protected":false},"author":1,"featured_media":0,"parent":0,"menu_order":0,"comment_status":"closed","ping_status":"closed","template":"","meta":{"kt_blocks_editor_width":"","footnotes":""},"class_list":["post-654","page","type-page","status-publish","hentry"],"_links":{"self":[{"href":"https:\/\/hasserisstuerne.dk\/index.php?rest_route=\/wp\/v2\/pages\/654","targetHints":{"allow":["GET"]}}],"collection":[{"href":"https:\/\/hasserisstuerne.dk\/index.php?rest_route=\/wp\/v2\/pages"}],"about":[{"href":"https:\/\/hasserisstuerne.dk\/index.php?rest_route=\/wp\/v2\/types\/page"}],"author":[{"embeddable":true,"href":"https:\/\/hasserisstuerne.dk\/index.php?rest_route=\/wp\/v2\/users\/1"}],"replies":[{"embeddable":true,"href":"https:\/\/hasserisstuerne.dk\/index.php?rest_route=%2Fwp%2Fv2%2Fcomments&post=654"}],"version-history":[{"count":1,"href":"https:\/\/hasserisstuerne.dk\/index.php?rest_route=\/wp\/v2\/pages\/654\/revisions"}],"predecessor-version":[{"id":655,"href":"https:\/\/hasserisstuerne.dk\/index.php?rest_route=\/wp\/v2\/pages\/654\/revisions\/655"}],"wp:attachment":[{"href":"https:\/\/hasserisstuerne.dk\/index.php?rest_route=%2Fwp%2Fv2%2Fmedia&parent=654"}],"curies":[{"name":"wp","href":"https:\/\/api.w.org\/{rel}","templated":true}]}}