{"id":635,"date":"2021-02-21T22:38:35","date_gmt":"2021-02-21T21:38:35","guid":{"rendered":"http:\/\/hasserisstuerne.conicio.dk\/?page_id=635"},"modified":"2021-02-21T23:14:04","modified_gmt":"2021-02-21T22:14:04","slug":"om-hasserisstuerne","status":"publish","type":"page","link":"https:\/\/hasserisstuerne.dk\/?page_id=635","title":{"rendered":"Om Hasserisstuerne"},"content":{"rendered":"<style>#kt-layout-id_e1e992-92 > .kt-row-column-wrap{align-content:start;}:where(#kt-layout-id_e1e992-92 > .kt-row-column-wrap) > .wp-block-kadence-column{justify-content:start;}#kt-layout-id_e1e992-92 > .kt-row-column-wrap{column-gap:var(--global-kb-gap-md, 2rem);row-gap:var(--global-kb-gap-md, 2rem);padding-top:var( --global-kb-row-default-top, 25px );padding-bottom:var( --global-kb-row-default-bottom, 25px );padding-top:var(--global-kb-spacing-sm, 1.5rem);padding-bottom:var(--global-kb-spacing-sm, 1.5rem);grid-template-columns:repeat(2, minmax(0, 1fr));}#kt-layout-id_e1e992-92 > .kt-row-layout-overlay{opacity:0.30;}@media all and (max-width: 1024px){#kt-layout-id_e1e992-92 > .kt-row-column-wrap{grid-template-columns:repeat(2, minmax(0, 1fr));}}@media all and (max-width: 767px){#kt-layout-id_e1e992-92 > .kt-row-column-wrap{grid-template-columns:minmax(0, 1fr);}}<\/style>\n<div class=\"wp-block-kadence-rowlayout alignnone\"><div id=\"kt-layout-id_e1e992-92\" class=\"kt-row-layout-inner kt-layout-id_e1e992-92\"><div class=\"kt-row-column-wrap kt-has-2-columns kt-gutter-default kt-v-gutter-default kt-row-valign-top kt-row-layout-equal kt-tab-layout-inherit kt-m-colapse-left-to-right kt-mobile-layout-row\"><style>.kadence-column_72e0be-81 > .kt-inside-inner-col{border-top-width:0px;border-right-width:0px;border-bottom-width:0px;border-left-width:0px;}.kadence-column_72e0be-81 > .kt-inside-inner-col,.kadence-column_72e0be-81 > .kt-inside-inner-col:before{border-top-left-radius:0px;border-top-right-radius:0px;border-bottom-right-radius:0px;border-bottom-left-radius:0px;}.kadence-column_72e0be-81 > .kt-inside-inner-col{column-gap:var(--global-kb-gap-sm, 1rem);}.kadence-column_72e0be-81 > .kt-inside-inner-col{flex-direction:column;}.kadence-column_72e0be-81 > .kt-inside-inner-col > .aligncenter{width:100%;}.kadence-column_72e0be-81 > .kt-inside-inner-col:before{opacity:0.3;}.kadence-column_72e0be-81{position:relative;}@media all and (max-width: 1024px){.kadence-column_72e0be-81 > .kt-inside-inner-col{flex-direction:column;justify-content:center;}}@media all and (max-width: 767px){.kadence-column_72e0be-81 > .kt-inside-inner-col{flex-direction:column;justify-content:center;}}<\/style>\n<div class=\"wp-block-kadence-column inner-column-1 kadence-column_72e0be-81\"><div class=\"kt-inside-inner-col\">\n<p>FORM\u00c5LET<\/p>\n\n\n\n<p>Hasserisstuerne er en privat medlemsforening, som arbejder for at styrke Hasserisomr\u00e5dets sammenhold og historiske identitet.<\/p>\n<\/div><\/div>\n\n\n<style>.kadence-column_71c5d6-99 > .kt-inside-inner-col{border-top-width:0px;border-right-width:0px;border-bottom-width:0px;border-left-width:0px;}.kadence-column_71c5d6-99 > .kt-inside-inner-col,.kadence-column_71c5d6-99 > .kt-inside-inner-col:before{border-top-left-radius:0px;border-top-right-radius:0px;border-bottom-right-radius:0px;border-bottom-left-radius:0px;}.kadence-column_71c5d6-99 > .kt-inside-inner-col{column-gap:var(--global-kb-gap-sm, 1rem);}.kadence-column_71c5d6-99 > .kt-inside-inner-col{flex-direction:column;}.kadence-column_71c5d6-99 > .kt-inside-inner-col > .aligncenter{width:100%;}.kadence-column_71c5d6-99 > .kt-inside-inner-col:before{opacity:0.3;}.kadence-column_71c5d6-99{position:relative;}@media all and (max-width: 1024px){.kadence-column_71c5d6-99 > .kt-inside-inner-col{flex-direction:column;justify-content:center;}}@media all and (max-width: 767px){.kadence-column_71c5d6-99 > .kt-inside-inner-col{flex-direction:column;justify-content:center;}}<\/style>\n<div class=\"wp-block-kadence-column inner-column-2 kadence-column_71c5d6-99\"><div class=\"kt-inside-inner-col\">\n<figure class=\"wp-block-image size-large is-resized\"><img loading=\"lazy\" decoding=\"async\" src=\"https:\/\/hasserisstuerne.dk\/wp-content\/uploads\/2021\/02\/cropped-logo2.jpg\" alt=\"\" class=\"wp-image-77\" width=\"155\" height=\"155\" srcset=\"https:\/\/hasserisstuerne.dk\/wp-content\/uploads\/2021\/02\/cropped-logo2.jpg 512w, https:\/\/hasserisstuerne.dk\/wp-content\/uploads\/2021\/02\/cropped-logo2-300x300.jpg 300w, https:\/\/hasserisstuerne.dk\/wp-content\/uploads\/2021\/02\/cropped-logo2-150x150.jpg 150w, https:\/\/hasserisstuerne.dk\/wp-content\/uploads\/2021\/02\/cropped-logo2-270x270.jpg 270w, https:\/\/hasserisstuerne.dk\/wp-content\/uploads\/2021\/02\/cropped-logo2-192x192.jpg 192w, https:\/\/hasserisstuerne.dk\/wp-content\/uploads\/2021\/02\/cropped-logo2-180x180.jpg 180w, https:\/\/hasserisstuerne.dk\/wp-content\/uploads\/2021\/02\/cropped-logo2-32x32.jpg 32w\" sizes=\"auto, (max-width: 155px) 100vw, 155px\" \/><\/figure>\n<\/div><\/div>\n<\/div><\/div><\/div>\n\n\n<style>#kt-layout-id_8cf462-32 > .kt-row-column-wrap{align-content:start;}:where(#kt-layout-id_8cf462-32 > .kt-row-column-wrap) > .wp-block-kadence-column{justify-content:start;}#kt-layout-id_8cf462-32 > .kt-row-column-wrap{column-gap:var(--global-kb-gap-md, 2rem);row-gap:var(--global-kb-gap-md, 2rem);padding-top:var( --global-kb-row-default-top, 25px );padding-bottom:var( --global-kb-row-default-bottom, 25px );padding-top:var(--global-kb-spacing-sm, 1.5rem);padding-bottom:var(--global-kb-spacing-sm, 1.5rem);grid-template-columns:repeat(2, minmax(0, 1fr));}#kt-layout-id_8cf462-32 > .kt-row-layout-overlay{opacity:0.30;}@media all and (max-width: 1024px){#kt-layout-id_8cf462-32 > .kt-row-column-wrap{grid-template-columns:repeat(2, minmax(0, 1fr));}}@media all and (max-width: 767px){#kt-layout-id_8cf462-32 > .kt-row-column-wrap{grid-template-columns:minmax(0, 1fr);}}<\/style>\n<div class=\"wp-block-kadence-rowlayout alignnone\"><div id=\"kt-layout-id_8cf462-32\" class=\"kt-row-layout-inner kt-layout-id_8cf462-32\"><div class=\"kt-row-column-wrap kt-has-2-columns kt-gutter-default kt-v-gutter-default kt-row-valign-top kt-row-layout-equal kt-tab-layout-inherit kt-m-colapse-left-to-right kt-mobile-layout-row\"><style>.kadence-column_6c5c1d-63 > .kt-inside-inner-col{border-top-width:0px;border-right-width:0px;border-bottom-width:0px;border-left-width:0px;}.kadence-column_6c5c1d-63 > .kt-inside-inner-col,.kadence-column_6c5c1d-63 > .kt-inside-inner-col:before{border-top-left-radius:0px;border-top-right-radius:0px;border-bottom-right-radius:0px;border-bottom-left-radius:0px;}.kadence-column_6c5c1d-63 > .kt-inside-inner-col{column-gap:var(--global-kb-gap-sm, 1rem);}.kadence-column_6c5c1d-63 > .kt-inside-inner-col{flex-direction:column;}.kadence-column_6c5c1d-63 > .kt-inside-inner-col > .aligncenter{width:100%;}.kadence-column_6c5c1d-63 > .kt-inside-inner-col:before{opacity:0.3;}.kadence-column_6c5c1d-63{position:relative;}@media all and (max-width: 1024px){.kadence-column_6c5c1d-63 > .kt-inside-inner-col{flex-direction:column;justify-content:center;}}@media all and (max-width: 767px){.kadence-column_6c5c1d-63 > .kt-inside-inner-col{flex-direction:column;justify-content:center;}}<\/style>\n<div class=\"wp-block-kadence-column inner-column-1 kadence-column_6c5c1d-63\"><div class=\"kt-inside-inner-col\">\n<p>LOKALITETEN HASSERIS<\/p>\n\n\n\n<p>Bydelen best\u00e5r af den middelalderlige landsby, Hasseris, vest for Aalborg, og dens udflytter, Sofiendal, fra 1781, samt bydelene Hasseris Villaby, M\u00f8lholm, K\u00e6rby, Vandv\u00e6rksbyen og de senere tilkomne parcelhuskvarterer inden for det omr\u00e5de, som inden kommunalreformen i 1970 h\u00f8rte under Hasseris Kommune.<\/p>\n<\/div><\/div>\n\n\n<style>.kadence-column_a68463-04 > .kt-inside-inner-col{border-top-width:0px;border-right-width:0px;border-bottom-width:0px;border-left-width:0px;}.kadence-column_a68463-04 > .kt-inside-inner-col,.kadence-column_a68463-04 > .kt-inside-inner-col:before{border-top-left-radius:0px;border-top-right-radius:0px;border-bottom-right-radius:0px;border-bottom-left-radius:0px;}.kadence-column_a68463-04 > .kt-inside-inner-col{column-gap:var(--global-kb-gap-sm, 1rem);}.kadence-column_a68463-04 > .kt-inside-inner-col{flex-direction:column;}.kadence-column_a68463-04 > .kt-inside-inner-col > .aligncenter{width:100%;}.kadence-column_a68463-04 > .kt-inside-inner-col:before{opacity:0.3;}.kadence-column_a68463-04{position:relative;}@media all and (max-width: 1024px){.kadence-column_a68463-04 > .kt-inside-inner-col{flex-direction:column;justify-content:center;}}@media all and (max-width: 767px){.kadence-column_a68463-04 > .kt-inside-inner-col{flex-direction:column;justify-content:center;}}<\/style>\n<div class=\"wp-block-kadence-column inner-column-2 kadence-column_a68463-04\"><div class=\"kt-inside-inner-col\">\n<figure class=\"wp-block-image size-large is-resized\"><img loading=\"lazy\" decoding=\"async\" src=\"https:\/\/hasserisstuerne.dk\/wp-content\/uploads\/2021\/02\/kridtgrav-1.jpg\" alt=\"\" class=\"wp-image-42\" width=\"357\" height=\"237\"\/><figcaption>Kridtgraven<\/figcaption><\/figure>\n<\/div><\/div>\n<\/div><\/div><\/div>\n\n\n<style>#kt-layout-id_afc9ca-40 > .kt-row-column-wrap{align-content:start;}:where(#kt-layout-id_afc9ca-40 > .kt-row-column-wrap) > .wp-block-kadence-column{justify-content:start;}#kt-layout-id_afc9ca-40 > .kt-row-column-wrap{column-gap:var(--global-kb-gap-md, 2rem);row-gap:var(--global-kb-gap-md, 2rem);padding-top:var( --global-kb-row-default-top, 25px );padding-bottom:var( --global-kb-row-default-bottom, 25px );padding-top:var(--global-kb-spacing-sm, 1.5rem);padding-bottom:var(--global-kb-spacing-sm, 1.5rem);grid-template-columns:repeat(2, minmax(0, 1fr));}#kt-layout-id_afc9ca-40 > .kt-row-layout-overlay{opacity:0.30;}@media all and (max-width: 1024px){#kt-layout-id_afc9ca-40 > .kt-row-column-wrap{grid-template-columns:repeat(2, minmax(0, 1fr));}}@media all and (max-width: 767px){#kt-layout-id_afc9ca-40 > .kt-row-column-wrap{grid-template-columns:minmax(0, 1fr);}}<\/style>\n<div class=\"wp-block-kadence-rowlayout alignnone\"><div id=\"kt-layout-id_afc9ca-40\" class=\"kt-row-layout-inner kt-layout-id_afc9ca-40\"><div class=\"kt-row-column-wrap kt-has-2-columns kt-gutter-default kt-v-gutter-default kt-row-valign-top kt-row-layout-equal kt-tab-layout-inherit kt-m-colapse-left-to-right kt-mobile-layout-row\"><style>.kadence-column_47a706-5b > .kt-inside-inner-col{border-top-width:0px;border-right-width:0px;border-bottom-width:0px;border-left-width:0px;}.kadence-column_47a706-5b > .kt-inside-inner-col,.kadence-column_47a706-5b > .kt-inside-inner-col:before{border-top-left-radius:0px;border-top-right-radius:0px;border-bottom-right-radius:0px;border-bottom-left-radius:0px;}.kadence-column_47a706-5b > .kt-inside-inner-col{column-gap:var(--global-kb-gap-sm, 1rem);}.kadence-column_47a706-5b > .kt-inside-inner-col{flex-direction:column;}.kadence-column_47a706-5b > .kt-inside-inner-col > .aligncenter{width:100%;}.kadence-column_47a706-5b > .kt-inside-inner-col:before{opacity:0.3;}.kadence-column_47a706-5b{position:relative;}@media all and (max-width: 1024px){.kadence-column_47a706-5b > .kt-inside-inner-col{flex-direction:column;justify-content:center;}}@media all and (max-width: 767px){.kadence-column_47a706-5b > .kt-inside-inner-col{flex-direction:column;justify-content:center;}}<\/style>\n<div class=\"wp-block-kadence-column inner-column-1 kadence-column_47a706-5b\"><div class=\"kt-inside-inner-col\">\n<p>FREDNING OG BEVARING<br><\/p>\n\n\n\n<p>Hasserisstuerne arbejder desuden for at beskytte den lokale bygnings- og landskabsbundne kulturarv mod forsimpling, forfald og nedbrydning ud fra den betragtning, at de fysiske omgivelser er et v\u00e6sentligt element i skabelsen af menneskelig identitet<\/p>\n<\/div><\/div>\n\n\n<style>.kadence-column_f0d344-97 > .kt-inside-inner-col{border-top-width:0px;border-right-width:0px;border-bottom-width:0px;border-left-width:0px;}.kadence-column_f0d344-97 > .kt-inside-inner-col,.kadence-column_f0d344-97 > .kt-inside-inner-col:before{border-top-left-radius:0px;border-top-right-radius:0px;border-bottom-right-radius:0px;border-bottom-left-radius:0px;}.kadence-column_f0d344-97 > .kt-inside-inner-col{column-gap:var(--global-kb-gap-sm, 1rem);}.kadence-column_f0d344-97 > .kt-inside-inner-col{flex-direction:column;}.kadence-column_f0d344-97 > .kt-inside-inner-col > .aligncenter{width:100%;}.kadence-column_f0d344-97 > .kt-inside-inner-col:before{opacity:0.3;}.kadence-column_f0d344-97{position:relative;}@media all and (max-width: 1024px){.kadence-column_f0d344-97 > .kt-inside-inner-col{flex-direction:column;justify-content:center;}}@media all and (max-width: 767px){.kadence-column_f0d344-97 > .kt-inside-inner-col{flex-direction:column;justify-content:center;}}<\/style>\n<div class=\"wp-block-kadence-column inner-column-2 kadence-column_f0d344-97\"><div class=\"kt-inside-inner-col\">\n<figure class=\"wp-block-image size-large is-resized\"><img loading=\"lazy\" decoding=\"async\" src=\"https:\/\/hasserisstuerne.dk\/wp-content\/uploads\/2021\/02\/vandtaarn_udsnit.jpg\" alt=\"\" class=\"wp-image-43\" width=\"356\" height=\"236\"\/><figcaption>Vandt\u00e5rnet udsnit<\/figcaption><\/figure>\n<\/div><\/div>\n<\/div><\/div><\/div>\n\n\n<style>#kt-layout-id_356af8-72 > .kt-row-column-wrap{align-content:start;}:where(#kt-layout-id_356af8-72 > .kt-row-column-wrap) > .wp-block-kadence-column{justify-content:start;}#kt-layout-id_356af8-72 > .kt-row-column-wrap{column-gap:var(--global-kb-gap-md, 2rem);row-gap:var(--global-kb-gap-md, 2rem);padding-top:var( --global-kb-row-default-top, 25px );padding-bottom:var( --global-kb-row-default-bottom, 25px );padding-top:var(--global-kb-spacing-sm, 1.5rem);padding-bottom:var(--global-kb-spacing-sm, 1.5rem);grid-template-columns:repeat(2, minmax(0, 1fr));}#kt-layout-id_356af8-72 > .kt-row-layout-overlay{opacity:0.30;}@media all and (max-width: 1024px){#kt-layout-id_356af8-72 > .kt-row-column-wrap{grid-template-columns:repeat(2, minmax(0, 1fr));}}@media all and (max-width: 767px){#kt-layout-id_356af8-72 > .kt-row-column-wrap{grid-template-columns:minmax(0, 1fr);}}<\/style>\n<div class=\"wp-block-kadence-rowlayout alignnone\"><div id=\"kt-layout-id_356af8-72\" class=\"kt-row-layout-inner kt-layout-id_356af8-72\"><div class=\"kt-row-column-wrap kt-has-2-columns kt-gutter-default kt-v-gutter-default kt-row-valign-top kt-row-layout-equal kt-tab-layout-inherit kt-m-colapse-left-to-right kt-mobile-layout-row\"><style>.kadence-column_07ca57-27 > .kt-inside-inner-col{border-top-width:0px;border-right-width:0px;border-bottom-width:0px;border-left-width:0px;}.kadence-column_07ca57-27 > .kt-inside-inner-col,.kadence-column_07ca57-27 > .kt-inside-inner-col:before{border-top-left-radius:0px;border-top-right-radius:0px;border-bottom-right-radius:0px;border-bottom-left-radius:0px;}.kadence-column_07ca57-27 > .kt-inside-inner-col{column-gap:var(--global-kb-gap-sm, 1rem);}.kadence-column_07ca57-27 > .kt-inside-inner-col{flex-direction:column;}.kadence-column_07ca57-27 > .kt-inside-inner-col > .aligncenter{width:100%;}.kadence-column_07ca57-27 > .kt-inside-inner-col:before{opacity:0.3;}.kadence-column_07ca57-27{position:relative;}@media all and (max-width: 1024px){.kadence-column_07ca57-27 > .kt-inside-inner-col{flex-direction:column;justify-content:center;}}@media all and (max-width: 767px){.kadence-column_07ca57-27 > .kt-inside-inner-col{flex-direction:column;justify-content:center;}}<\/style>\n<div class=\"wp-block-kadence-column inner-column-1 kadence-column_07ca57-27\"><div class=\"kt-inside-inner-col\">\n<p>DIALOG MED MYNDIGHEDERNE<\/p>\n\n\n\n<p>Hasserisstuerne s\u00f8ger at fremme forst\u00e5elsen for vores sag hos myndighederne og i offentligheden ved at skabe debat og opm\u00e6rksomhed, og vi samarbejder l\u00f8bende med andre foreninger og kulturhistoriske institutioner i Aalborgomr\u00e5det for at udbrede foreningens virke.<\/p>\n<\/div><\/div>\n\n\n<style>.kadence-column_8b7d2b-ea > .kt-inside-inner-col{border-top-width:0px;border-right-width:0px;border-bottom-width:0px;border-left-width:0px;}.kadence-column_8b7d2b-ea > .kt-inside-inner-col,.kadence-column_8b7d2b-ea > .kt-inside-inner-col:before{border-top-left-radius:0px;border-top-right-radius:0px;border-bottom-right-radius:0px;border-bottom-left-radius:0px;}.kadence-column_8b7d2b-ea > .kt-inside-inner-col{column-gap:var(--global-kb-gap-sm, 1rem);}.kadence-column_8b7d2b-ea > .kt-inside-inner-col{flex-direction:column;}.kadence-column_8b7d2b-ea > .kt-inside-inner-col > .aligncenter{width:100%;}.kadence-column_8b7d2b-ea > .kt-inside-inner-col:before{opacity:0.3;}.kadence-column_8b7d2b-ea{position:relative;}@media all and (max-width: 1024px){.kadence-column_8b7d2b-ea > .kt-inside-inner-col{flex-direction:column;justify-content:center;}}@media all and (max-width: 767px){.kadence-column_8b7d2b-ea > .kt-inside-inner-col{flex-direction:column;justify-content:center;}}<\/style>\n<div class=\"wp-block-kadence-column inner-column-2 kadence-column_8b7d2b-ea\"><div class=\"kt-inside-inner-col\">\n<figure class=\"wp-block-image size-large is-resized\"><img loading=\"lazy\" decoding=\"async\" src=\"https:\/\/hasserisstuerne.dk\/wp-content\/uploads\/2021\/02\/admbygningen.jpg\" alt=\"\" class=\"wp-image-643\" width=\"358\" height=\"257\"\/><figcaption>Adm. bygningen (Packness)<\/figcaption><\/figure>\n<\/div><\/div>\n<\/div><\/div><\/div>\n\n\n<style>#kt-layout-id_fdb12f-f3 > .kt-row-column-wrap{align-content:start;}:where(#kt-layout-id_fdb12f-f3 > .kt-row-column-wrap) > .wp-block-kadence-column{justify-content:start;}#kt-layout-id_fdb12f-f3 > .kt-row-column-wrap{column-gap:var(--global-kb-gap-md, 2rem);row-gap:var(--global-kb-gap-md, 2rem);padding-top:var( --global-kb-row-default-top, 25px );padding-bottom:var( --global-kb-row-default-bottom, 25px );padding-top:var(--global-kb-spacing-sm, 1.5rem);padding-bottom:var(--global-kb-spacing-sm, 1.5rem);grid-template-columns:repeat(2, minmax(0, 1fr));}#kt-layout-id_fdb12f-f3 > .kt-row-layout-overlay{opacity:0.30;}@media all and (max-width: 1024px){#kt-layout-id_fdb12f-f3 > .kt-row-column-wrap{grid-template-columns:repeat(2, minmax(0, 1fr));}}@media all and (max-width: 767px){#kt-layout-id_fdb12f-f3 > .kt-row-column-wrap{grid-template-columns:minmax(0, 1fr);}}<\/style>\n<div class=\"wp-block-kadence-rowlayout alignnone\"><div id=\"kt-layout-id_fdb12f-f3\" class=\"kt-row-layout-inner kt-layout-id_fdb12f-f3\"><div class=\"kt-row-column-wrap kt-has-2-columns kt-gutter-default kt-v-gutter-default kt-row-valign-top kt-row-layout-equal kt-tab-layout-inherit kt-m-colapse-left-to-right kt-mobile-layout-row\"><style>.kadence-column_05e5da-3b > .kt-inside-inner-col{border-top-width:0px;border-right-width:0px;border-bottom-width:0px;border-left-width:0px;}.kadence-column_05e5da-3b > .kt-inside-inner-col,.kadence-column_05e5da-3b > .kt-inside-inner-col:before{border-top-left-radius:0px;border-top-right-radius:0px;border-bottom-right-radius:0px;border-bottom-left-radius:0px;}.kadence-column_05e5da-3b > .kt-inside-inner-col{column-gap:var(--global-kb-gap-sm, 1rem);}.kadence-column_05e5da-3b > .kt-inside-inner-col{flex-direction:column;}.kadence-column_05e5da-3b > .kt-inside-inner-col > .aligncenter{width:100%;}.kadence-column_05e5da-3b > .kt-inside-inner-col:before{opacity:0.3;}.kadence-column_05e5da-3b{position:relative;}@media all and (max-width: 1024px){.kadence-column_05e5da-3b > .kt-inside-inner-col{flex-direction:column;justify-content:center;}}@media all and (max-width: 767px){.kadence-column_05e5da-3b > .kt-inside-inner-col{flex-direction:column;justify-content:center;}}<\/style>\n<div class=\"wp-block-kadence-column inner-column-1 kadence-column_05e5da-3b\"><div class=\"kt-inside-inner-col\">\n<p>DET F\u00c5R DU SOM MEDLEM<\/p>\n\n\n\n<p>For 100,-om \u00e5ret tilbyder Hasserisstuerne:<\/p>\n\n\n\n<p>Et skrift med et lokalhistorisk emne, n\u00e5r det udkommer.<br>Med mellemrum mere omfattende v\u00e6rker, der belyser en r\u00e6kke lokale forhold i historisk og kulturel sammenh\u00e6ng. Foreningen tilstr\u00e6ber at afholde foredrag og\/eller kulturelle arrangementer. <\/p>\n<\/div><\/div>\n\n\n<style>.kadence-column_2c407f-b7 > .kt-inside-inner-col{border-top-width:0px;border-right-width:0px;border-bottom-width:0px;border-left-width:0px;}.kadence-column_2c407f-b7 > .kt-inside-inner-col,.kadence-column_2c407f-b7 > .kt-inside-inner-col:before{border-top-left-radius:0px;border-top-right-radius:0px;border-bottom-right-radius:0px;border-bottom-left-radius:0px;}.kadence-column_2c407f-b7 > .kt-inside-inner-col{column-gap:var(--global-kb-gap-sm, 1rem);}.kadence-column_2c407f-b7 > .kt-inside-inner-col{flex-direction:column;}.kadence-column_2c407f-b7 > .kt-inside-inner-col > .aligncenter{width:100%;}.kadence-column_2c407f-b7 > .kt-inside-inner-col:before{opacity:0.3;}.kadence-column_2c407f-b7{position:relative;}@media all and (max-width: 1024px){.kadence-column_2c407f-b7 > .kt-inside-inner-col{flex-direction:column;justify-content:center;}}@media all and (max-width: 767px){.kadence-column_2c407f-b7 > .kt-inside-inner-col{flex-direction:column;justify-content:center;}}<\/style>\n<div class=\"wp-block-kadence-column inner-column-2 kadence-column_2c407f-b7\"><div class=\"kt-inside-inner-col\">\n<p>VIL DU V\u00c6RE MEDLEM S\u00c5 KONTAKT OS<\/p>\n\n\n\n<p>p\u00e5 <a href=\"https:\/\/hasserisstuerne.dk\/?page_id=167\" data-type=\"page\" data-id=\"167\">kontaktformularen<\/a> <\/p>\n<\/div><\/div>\n<\/div><\/div><\/div>\n","protected":false},"excerpt":{"rendered":"<p>FORM\u00c5LET Hasserisstuerne er en privat medlemsforening, som arbejder for at styrke Hasserisomr\u00e5dets sammenhold og historiske identitet. LOKALITETEN HASSERIS Bydelen best\u00e5r af den middelalderlige landsby, Hasseris, vest for Aalborg, og dens udflytter, Sofiendal, fra 1781, samt bydelene Hasseris Villaby, M\u00f8lholm, K\u00e6rby, &hellip; <a href=\"https:\/\/hasserisstuerne.dk\/?page_id=635\">Continued<\/a><\/p>\n","protected":false},"author":1,"featured_media":0,"parent":0,"menu_order":0,"comment_status":"closed","ping_status":"closed","template":"","meta":{"kt_blocks_editor_width":"","footnotes":""},"class_list":["post-635","page","type-page","status-publish","hentry"],"_links":{"self":[{"href":"https:\/\/hasserisstuerne.dk\/index.php?rest_route=\/wp\/v2\/pages\/635","targetHints":{"allow":["GET"]}}],"collection":[{"href":"https:\/\/hasserisstuerne.dk\/index.php?rest_route=\/wp\/v2\/pages"}],"about":[{"href":"https:\/\/hasserisstuerne.dk\/index.php?rest_route=\/wp\/v2\/types\/page"}],"author":[{"embeddable":true,"href":"https:\/\/hasserisstuerne.dk\/index.php?rest_route=\/wp\/v2\/users\/1"}],"replies":[{"embeddable":true,"href":"https:\/\/hasserisstuerne.dk\/index.php?rest_route=%2Fwp%2Fv2%2Fcomments&post=635"}],"version-history":[{"count":6,"href":"https:\/\/hasserisstuerne.dk\/index.php?rest_route=\/wp\/v2\/pages\/635\/revisions"}],"predecessor-version":[{"id":646,"href":"https:\/\/hasserisstuerne.dk\/index.php?rest_route=\/wp\/v2\/pages\/635\/revisions\/646"}],"wp:attachment":[{"href":"https:\/\/hasserisstuerne.dk\/index.php?rest_route=%2Fwp%2Fv2%2Fmedia&parent=635"}],"curies":[{"name":"wp","href":"https:\/\/api.w.org\/{rel}","templated":true}]}}