{"id":616,"date":"2021-02-21T19:12:15","date_gmt":"2021-02-21T18:12:15","guid":{"rendered":"http:\/\/hasserisstuerne.conicio.dk\/?page_id=616"},"modified":"2021-03-03T10:53:37","modified_gmt":"2021-03-03T09:53:37","slug":"hvad-omfatter-hasseris","status":"publish","type":"page","link":"https:\/\/hasserisstuerne.dk\/?page_id=616","title":{"rendered":"Hvad omfatter Hasseris"},"content":{"rendered":"\n<p>Hasseris tilh\u00f8rte i 1231 kongen, men ellers optr\u00e6der Hasseris f\u00f8rst som en del af Aalborg Budolfi Landsogn. I 1921 skilles en del fra til Ansgar sogn. I 1929 \u00e6ndres Aalborg Budolfi landsogn til Hasseris Landsogn. Se kortmaterialet<\/p>\n\n\n\n<p>Ud over landsognet var Hasseris Villaby, der opstod i slutningen af 1800 tallet, en del af Hasseris. <\/p>\n\n\n\n<p>I 1950 skete der \u00e6ndringer i arealerne. Hundeklemmen samt nogle arealer syd for K\u00e6rby blev indlemmet. Til g\u00e6ng\u00e6ld forsvandt der en del arealer: Mariendal M\u00f8lle, V. Mariendal, Scheelminde, Englyst, H\u00f8jbog\u00e5rd, Provstejorden, den ny kirkeg\u00e5rd, arealer syd for kirkeg\u00e5rden, omkring Sofiendalsvejen, en del af M\u00f8lleparken samt sm\u00e5 hj\u00f8rner af Kong Christians Alle. I alt 188 ha.<\/p>\n\n\n\n<p>I 1956 opstod Hasseris sogn i forbindelse med at Hasseris Kirke blev opf\u00f8rt. Sognets udstr\u00e6kning kan ses p\u00e5 kortmaterialet.<\/p>\n\n\n\n<p>Skalborg sogn, der f\u00f8rst blev kaldt Ny Hasseris, blev udskilt fra Landsognet i 1969. Margrethe sogn blev oprettet i 1979.<\/p>\n\n\n\n<p>J\u00f8rgen Els\u00f8e Jensen giver en mere udf\u00f8rlig beskrivelse af Hasseris tilblivelse i vedlagte pdf-fil. <a href=\"https:\/\/hasserisstuerne.dk\/wp-content\/uploads\/2021\/02\/bor-de-i-egentlig-hasseris_.pdf\" target=\"_blank\" rel=\"noreferrer noopener\">Se artiklen her<\/a><\/p>\n\n\n\n<p><\/p>\n\n\n\n<figure class=\"wp-block-image size-large\"><img loading=\"lazy\" decoding=\"async\" width=\"803\" height=\"770\" src=\"https:\/\/hasserisstuerne.dk\/wp-content\/uploads\/2021\/02\/hasseris-idag-b.jpg\" alt=\"\" class=\"wp-image-495\" srcset=\"https:\/\/hasserisstuerne.dk\/wp-content\/uploads\/2021\/02\/hasseris-idag-b.jpg 803w, https:\/\/hasserisstuerne.dk\/wp-content\/uploads\/2021\/02\/hasseris-idag-b-300x288.jpg 300w, https:\/\/hasserisstuerne.dk\/wp-content\/uploads\/2021\/02\/hasseris-idag-b-768x736.jpg 768w\" sizes=\"auto, (max-width: 803px) 100vw, 803px\" \/><figcaption>Hasseris siden 1956<\/figcaption><\/figure>\n\n\n\n<figure class=\"wp-block-image size-large\"><img loading=\"lazy\" decoding=\"async\" width=\"864\" height=\"985\" src=\"https:\/\/hasserisstuerne.dk\/wp-content\/uploads\/2021\/02\/sognene-m-hundeklemmen.jpg\" alt=\"\" class=\"wp-image-761\" srcset=\"https:\/\/hasserisstuerne.dk\/wp-content\/uploads\/2021\/02\/sognene-m-hundeklemmen.jpg 864w, https:\/\/hasserisstuerne.dk\/wp-content\/uploads\/2021\/02\/sognene-m-hundeklemmen-263x300.jpg 263w, https:\/\/hasserisstuerne.dk\/wp-content\/uploads\/2021\/02\/sognene-m-hundeklemmen-768x876.jpg 768w\" sizes=\"auto, (max-width: 864px) 100vw, 864px\" \/><figcaption>sognene m hundeklemmen<\/figcaption><\/figure>\n\n\n\n<figure class=\"wp-block-image size-large is-resized\"><img loading=\"lazy\" decoding=\"async\" src=\"https:\/\/hasserisstuerne.dk\/wp-content\/uploads\/2021\/02\/sognekommuner3-887x1024.jpeg\" alt=\"\" class=\"wp-image-755\" width=\"843\" height=\"995\"\/><figcaption>Sognene p\u00e5 samme billede<\/figcaption><\/figure>\n\n\n\n<p>Hasseris er som andre bysamfund levende, organisk og i konstant forandring. S\u00e5 ud over at v\u00e6re en del af det vestlige Aalborg, hvor g\u00e5r Hasseris bygr\u00e6nser pr\u00e6cis?<\/p>\n\n\n<style>#kt-layout-id_7838f3-89 > .kt-row-column-wrap{align-content:start;}:where(#kt-layout-id_7838f3-89 > .kt-row-column-wrap) > .wp-block-kadence-column{justify-content:start;}#kt-layout-id_7838f3-89 > .kt-row-column-wrap{column-gap:var(--global-kb-gap-md, 2rem);row-gap:var(--global-kb-gap-md, 2rem);padding-top:var( --global-kb-row-default-top, 25px );padding-bottom:var( --global-kb-row-default-bottom, 25px );padding-top:var(--global-kb-spacing-sm, 1.5rem);padding-bottom:var(--global-kb-spacing-sm, 1.5rem);grid-template-columns:repeat(2, minmax(0, 1fr));}#kt-layout-id_7838f3-89 > .kt-row-layout-overlay{opacity:0.30;}@media all and (max-width: 1024px){#kt-layout-id_7838f3-89 > .kt-row-column-wrap{grid-template-columns:repeat(2, minmax(0, 1fr));}}@media all and (max-width: 767px){#kt-layout-id_7838f3-89 > .kt-row-column-wrap{grid-template-columns:minmax(0, 1fr);}}<\/style>\n<div class=\"wp-block-kadence-rowlayout alignnone\"><div id=\"kt-layout-id_7838f3-89\" class=\"kt-row-layout-inner kt-layout-id_7838f3-89\"><div class=\"kt-row-column-wrap kt-has-2-columns kt-gutter-default kt-v-gutter-default kt-row-valign-top kt-row-layout-equal kt-tab-layout-inherit kt-m-colapse-left-to-right kt-mobile-layout-row\"><style>.kadence-column_5eb00a-7d > .kt-inside-inner-col{border-top-width:0px;border-right-width:0px;border-bottom-width:0px;border-left-width:0px;}.kadence-column_5eb00a-7d > .kt-inside-inner-col,.kadence-column_5eb00a-7d > .kt-inside-inner-col:before{border-top-left-radius:0px;border-top-right-radius:0px;border-bottom-right-radius:0px;border-bottom-left-radius:0px;}.kadence-column_5eb00a-7d > .kt-inside-inner-col{column-gap:var(--global-kb-gap-sm, 1rem);}.kadence-column_5eb00a-7d > .kt-inside-inner-col{flex-direction:column;}.kadence-column_5eb00a-7d > .kt-inside-inner-col > .aligncenter{width:100%;}.kadence-column_5eb00a-7d > .kt-inside-inner-col:before{opacity:0.3;}.kadence-column_5eb00a-7d{position:relative;}@media all and (max-width: 1024px){.kadence-column_5eb00a-7d > .kt-inside-inner-col{flex-direction:column;justify-content:center;}}@media all and (max-width: 767px){.kadence-column_5eb00a-7d > .kt-inside-inner-col{flex-direction:column;justify-content:center;}}<\/style>\n<div class=\"wp-block-kadence-column inner-column-1 kadence-column_5eb00a-7d\"><div class=\"kt-inside-inner-col\"><\/div><\/div>\n\n\n<style>.kadence-column_9a507a-26 > .kt-inside-inner-col{border-top-width:0px;border-right-width:0px;border-bottom-width:0px;border-left-width:0px;}.kadence-column_9a507a-26 > .kt-inside-inner-col,.kadence-column_9a507a-26 > .kt-inside-inner-col:before{border-top-left-radius:0px;border-top-right-radius:0px;border-bottom-right-radius:0px;border-bottom-left-radius:0px;}.kadence-column_9a507a-26 > .kt-inside-inner-col{column-gap:var(--global-kb-gap-sm, 1rem);}.kadence-column_9a507a-26 > .kt-inside-inner-col{flex-direction:column;}.kadence-column_9a507a-26 > .kt-inside-inner-col > .aligncenter{width:100%;}.kadence-column_9a507a-26 > .kt-inside-inner-col:before{opacity:0.3;}.kadence-column_9a507a-26{position:relative;}@media all and (max-width: 1024px){.kadence-column_9a507a-26 > .kt-inside-inner-col{flex-direction:column;justify-content:center;}}@media all and (max-width: 767px){.kadence-column_9a507a-26 > .kt-inside-inner-col{flex-direction:column;justify-content:center;}}<\/style>\n<div class=\"wp-block-kadence-column inner-column-2 kadence-column_9a507a-26\"><div class=\"kt-inside-inner-col\"><\/div><\/div>\n<\/div><\/div><\/div>\n\n\n\n<figure class=\"wp-block-image size-large is-style-default\"><img loading=\"lazy\" decoding=\"async\" width=\"1024\" height=\"839\" src=\"https:\/\/hasserisstuerne.dk\/wp-content\/uploads\/2021\/02\/AALBORG_KOBSTADS_JORDER_2a-1024x839.jpg\" alt=\"\" class=\"wp-image-812\" srcset=\"https:\/\/hasserisstuerne.dk\/wp-content\/uploads\/2021\/02\/AALBORG_KOBSTADS_JORDER_2a-1024x839.jpg 1024w, https:\/\/hasserisstuerne.dk\/wp-content\/uploads\/2021\/02\/AALBORG_KOBSTADS_JORDER_2a-300x246.jpg 300w, https:\/\/hasserisstuerne.dk\/wp-content\/uploads\/2021\/02\/AALBORG_KOBSTADS_JORDER_2a-768x629.jpg 768w, https:\/\/hasserisstuerne.dk\/wp-content\/uploads\/2021\/02\/AALBORG_KOBSTADS_JORDER_2a-1536x1259.jpg 1536w, https:\/\/hasserisstuerne.dk\/wp-content\/uploads\/2021\/02\/AALBORG_KOBSTADS_JORDER_2a-2048x1678.jpg 2048w\" sizes=\"auto, (max-width: 1024px) 100vw, 1024px\" \/><\/figure>\n\n\n<style>#kt-layout-id_b18184-0b > .kt-row-column-wrap{align-content:start;}:where(#kt-layout-id_b18184-0b > .kt-row-column-wrap) > .wp-block-kadence-column{justify-content:start;}#kt-layout-id_b18184-0b > .kt-row-column-wrap{column-gap:var(--global-kb-gap-md, 2rem);row-gap:var(--global-kb-gap-md, 2rem);padding-top:var( --global-kb-row-default-top, 25px );padding-bottom:var( --global-kb-row-default-bottom, 25px );padding-top:var(--global-kb-spacing-sm, 1.5rem);padding-bottom:var(--global-kb-spacing-sm, 1.5rem);grid-template-columns:repeat(2, minmax(0, 1fr));}#kt-layout-id_b18184-0b > .kt-row-layout-overlay{opacity:0.30;}@media all and (max-width: 1024px){#kt-layout-id_b18184-0b > .kt-row-column-wrap{grid-template-columns:repeat(2, minmax(0, 1fr));}}@media all and (max-width: 767px){#kt-layout-id_b18184-0b > .kt-row-column-wrap{grid-template-columns:minmax(0, 1fr);}}<\/style>\n<div class=\"wp-block-kadence-rowlayout alignnone\"><div id=\"kt-layout-id_b18184-0b\" class=\"kt-row-layout-inner kt-layout-id_b18184-0b\"><div class=\"kt-row-column-wrap kt-has-2-columns kt-gutter-default kt-v-gutter-default kt-row-valign-top kt-row-layout-equal kt-tab-layout-inherit kt-m-colapse-left-to-right kt-mobile-layout-row\"><style>.kadence-column_d89009-90 > .kt-inside-inner-col{border-top-width:0px;border-right-width:0px;border-bottom-width:0px;border-left-width:0px;}.kadence-column_d89009-90 > .kt-inside-inner-col,.kadence-column_d89009-90 > .kt-inside-inner-col:before{border-top-left-radius:0px;border-top-right-radius:0px;border-bottom-right-radius:0px;border-bottom-left-radius:0px;}.kadence-column_d89009-90 > .kt-inside-inner-col{column-gap:var(--global-kb-gap-sm, 1rem);}.kadence-column_d89009-90 > .kt-inside-inner-col{flex-direction:column;}.kadence-column_d89009-90 > .kt-inside-inner-col > .aligncenter{width:100%;}.kadence-column_d89009-90 > .kt-inside-inner-col:before{opacity:0.3;}.kadence-column_d89009-90{position:relative;}@media all and (max-width: 1024px){.kadence-column_d89009-90 > .kt-inside-inner-col{flex-direction:column;justify-content:center;}}@media all and (max-width: 767px){.kadence-column_d89009-90 > .kt-inside-inner-col{flex-direction:column;justify-content:center;}}<\/style>\n<div class=\"wp-block-kadence-column inner-column-1 kadence-column_d89009-90\"><div class=\"kt-inside-inner-col\"><\/div><\/div>\n\n\n<style>.kadence-column_52f808-16 > .kt-inside-inner-col{border-top-width:0px;border-right-width:0px;border-bottom-width:0px;border-left-width:0px;}.kadence-column_52f808-16 > .kt-inside-inner-col,.kadence-column_52f808-16 > .kt-inside-inner-col:before{border-top-left-radius:0px;border-top-right-radius:0px;border-bottom-right-radius:0px;border-bottom-left-radius:0px;}.kadence-column_52f808-16 > .kt-inside-inner-col{column-gap:var(--global-kb-gap-sm, 1rem);}.kadence-column_52f808-16 > .kt-inside-inner-col{flex-direction:column;}.kadence-column_52f808-16 > .kt-inside-inner-col > .aligncenter{width:100%;}.kadence-column_52f808-16 > .kt-inside-inner-col:before{opacity:0.3;}.kadence-column_52f808-16{position:relative;}@media all and (max-width: 1024px){.kadence-column_52f808-16 > .kt-inside-inner-col{flex-direction:column;justify-content:center;}}@media all and (max-width: 767px){.kadence-column_52f808-16 > .kt-inside-inner-col{flex-direction:column;justify-content:center;}}<\/style>\n<div class=\"wp-block-kadence-column inner-column-2 kadence-column_52f808-16\"><div class=\"kt-inside-inner-col\"><\/div><\/div>\n<\/div><\/div><\/div>\n\n\n\n<p>Det er ikke ligetil at svare p\u00e5, for Hasseris har en historie, der er lige s\u00e5 lang som resten af Aalborgs. Hasserisstuernes J\u00f8rgen Els\u00f8e Jensen har unders\u00f8gt Hasseris historie og skrevet om bydelens baggrund. Trap ca. 1840<\/p>\n\n\n<style>#kt-layout-id_2b2e23-21 > .kt-row-column-wrap{align-content:start;}:where(#kt-layout-id_2b2e23-21 > .kt-row-column-wrap) > .wp-block-kadence-column{justify-content:start;}#kt-layout-id_2b2e23-21 > .kt-row-column-wrap{column-gap:var(--global-kb-gap-md, 2rem);row-gap:var(--global-kb-gap-md, 2rem);padding-top:var( --global-kb-row-default-top, 25px );padding-bottom:var( --global-kb-row-default-bottom, 25px );padding-top:var(--global-kb-spacing-sm, 1.5rem);padding-bottom:var(--global-kb-spacing-sm, 1.5rem);grid-template-columns:minmax(0, 1fr);}#kt-layout-id_2b2e23-21 > .kt-row-layout-overlay{opacity:0.30;}@media all and (max-width: 1024px){#kt-layout-id_2b2e23-21 > .kt-row-column-wrap{grid-template-columns:minmax(0, 1fr);}}@media all and (max-width: 767px){#kt-layout-id_2b2e23-21 > .kt-row-column-wrap{grid-template-columns:minmax(0, 1fr);}}<\/style>\n<div class=\"wp-block-kadence-rowlayout alignnone\"><div id=\"kt-layout-id_2b2e23-21\" class=\"kt-row-layout-inner kt-layout-id_2b2e23-21\"><div class=\"kt-row-column-wrap kt-has-1-columns kt-gutter-default kt-v-gutter-default kt-row-valign-top kt-row-layout-equal kt-tab-layout-inherit kt-m-colapse-left-to-right kt-mobile-layout-row\"><style>.kadence-column_88123e-d0 > .kt-inside-inner-col{border-top-width:0px;border-right-width:0px;border-bottom-width:0px;border-left-width:0px;}.kadence-column_88123e-d0 > .kt-inside-inner-col,.kadence-column_88123e-d0 > .kt-inside-inner-col:before{border-top-left-radius:0px;border-top-right-radius:0px;border-bottom-right-radius:0px;border-bottom-left-radius:0px;}.kadence-column_88123e-d0 > .kt-inside-inner-col{column-gap:var(--global-kb-gap-sm, 1rem);}.kadence-column_88123e-d0 > .kt-inside-inner-col{flex-direction:column;}.kadence-column_88123e-d0 > .kt-inside-inner-col > .aligncenter{width:100%;}.kadence-column_88123e-d0 > .kt-inside-inner-col:before{opacity:0.3;}.kadence-column_88123e-d0{position:relative;}@media all and (max-width: 1024px){.kadence-column_88123e-d0 > .kt-inside-inner-col{flex-direction:column;justify-content:center;}}@media all and (max-width: 767px){.kadence-column_88123e-d0 > .kt-inside-inner-col{flex-direction:column;justify-content:center;}}<\/style>\n<div class=\"wp-block-kadence-column inner-column-1 kadence-column_88123e-d0\"><div class=\"kt-inside-inner-col\"><\/div><\/div>\n<\/div><\/div><\/div>\n\n\n<style>#kt-layout-id_17a770-82 > .kt-row-column-wrap{align-content:start;}:where(#kt-layout-id_17a770-82 > .kt-row-column-wrap) > .wp-block-kadence-column{justify-content:start;}#kt-layout-id_17a770-82 > .kt-row-column-wrap{column-gap:var(--global-kb-gap-md, 2rem);row-gap:var(--global-kb-gap-md, 2rem);padding-top:var( --global-kb-row-default-top, 25px );padding-bottom:var( --global-kb-row-default-bottom, 25px );padding-top:var(--global-kb-spacing-sm, 1.5rem);padding-bottom:var(--global-kb-spacing-sm, 1.5rem);grid-template-columns:minmax(0, 1fr);}#kt-layout-id_17a770-82 > .kt-row-layout-overlay{opacity:0.30;}@media all and (max-width: 1024px){#kt-layout-id_17a770-82 > .kt-row-column-wrap{grid-template-columns:minmax(0, 1fr);}}@media all and (max-width: 767px){#kt-layout-id_17a770-82 > .kt-row-column-wrap{grid-template-columns:minmax(0, 1fr);}}<\/style>\n<div class=\"wp-block-kadence-rowlayout alignnone\"><div id=\"kt-layout-id_17a770-82\" class=\"kt-row-layout-inner kt-layout-id_17a770-82\"><div class=\"kt-row-column-wrap kt-has-1-columns kt-gutter-default kt-v-gutter-default kt-row-valign-top kt-row-layout-equal kt-tab-layout-inherit kt-m-colapse-left-to-right kt-mobile-layout-row\"><style>.kadence-column_60a3ae-12 > .kt-inside-inner-col{border-top-width:0px;border-right-width:0px;border-bottom-width:0px;border-left-width:0px;}.kadence-column_60a3ae-12 > .kt-inside-inner-col,.kadence-column_60a3ae-12 > .kt-inside-inner-col:before{border-top-left-radius:0px;border-top-right-radius:0px;border-bottom-right-radius:0px;border-bottom-left-radius:0px;}.kadence-column_60a3ae-12 > .kt-inside-inner-col{column-gap:var(--global-kb-gap-sm, 1rem);}.kadence-column_60a3ae-12 > .kt-inside-inner-col{flex-direction:column;}.kadence-column_60a3ae-12 > .kt-inside-inner-col > .aligncenter{width:100%;}.kadence-column_60a3ae-12 > .kt-inside-inner-col:before{opacity:0.3;}.kadence-column_60a3ae-12{position:relative;}@media all and (max-width: 1024px){.kadence-column_60a3ae-12 > .kt-inside-inner-col{flex-direction:column;justify-content:center;}}@media all and (max-width: 767px){.kadence-column_60a3ae-12 > .kt-inside-inner-col{flex-direction:column;justify-content:center;}}<\/style>\n<div class=\"wp-block-kadence-column inner-column-1 kadence-column_60a3ae-12\"><div class=\"kt-inside-inner-col\"><\/div><\/div>\n<\/div><\/div><\/div>\n\n\n<style>#kt-layout-id_5bc680-52 > .kt-row-column-wrap{align-content:start;}:where(#kt-layout-id_5bc680-52 > .kt-row-column-wrap) > .wp-block-kadence-column{justify-content:start;}#kt-layout-id_5bc680-52 > .kt-row-column-wrap{column-gap:var(--global-kb-gap-md, 2rem);row-gap:var(--global-kb-gap-md, 2rem);padding-top:var( --global-kb-row-default-top, 25px );padding-bottom:var( --global-kb-row-default-bottom, 25px );padding-top:var(--global-kb-spacing-sm, 1.5rem);padding-bottom:var(--global-kb-spacing-sm, 1.5rem);grid-template-columns:minmax(0, 1fr);}#kt-layout-id_5bc680-52 > .kt-row-layout-overlay{opacity:0.30;}@media all and (max-width: 1024px){#kt-layout-id_5bc680-52 > .kt-row-column-wrap{grid-template-columns:minmax(0, 1fr);}}@media all and (max-width: 767px){#kt-layout-id_5bc680-52 > .kt-row-column-wrap{grid-template-columns:minmax(0, 1fr);}}<\/style>\n<div class=\"wp-block-kadence-rowlayout alignnone\"><div id=\"kt-layout-id_5bc680-52\" class=\"kt-row-layout-inner kt-layout-id_5bc680-52\"><div class=\"kt-row-column-wrap kt-has-1-columns kt-gutter-default kt-v-gutter-default kt-row-valign-top kt-row-layout-equal kt-tab-layout-inherit kt-m-colapse-left-to-right kt-mobile-layout-row\"><style>.kadence-column_3f90ad-22 > .kt-inside-inner-col{border-top-width:0px;border-right-width:0px;border-bottom-width:0px;border-left-width:0px;}.kadence-column_3f90ad-22 > .kt-inside-inner-col,.kadence-column_3f90ad-22 > .kt-inside-inner-col:before{border-top-left-radius:0px;border-top-right-radius:0px;border-bottom-right-radius:0px;border-bottom-left-radius:0px;}.kadence-column_3f90ad-22 > .kt-inside-inner-col{column-gap:var(--global-kb-gap-sm, 1rem);}.kadence-column_3f90ad-22 > .kt-inside-inner-col{flex-direction:column;}.kadence-column_3f90ad-22 > .kt-inside-inner-col > .aligncenter{width:100%;}.kadence-column_3f90ad-22 > .kt-inside-inner-col:before{opacity:0.3;}.kadence-column_3f90ad-22{position:relative;}@media all and (max-width: 1024px){.kadence-column_3f90ad-22 > .kt-inside-inner-col{flex-direction:column;justify-content:center;}}@media all and (max-width: 767px){.kadence-column_3f90ad-22 > .kt-inside-inner-col{flex-direction:column;justify-content:center;}}<\/style>\n<div class=\"wp-block-kadence-column inner-column-1 kadence-column_3f90ad-22\"><div class=\"kt-inside-inner-col\"><\/div><\/div>\n<\/div><\/div><\/div>\n\n\n\n<p><\/p>\n","protected":false},"excerpt":{"rendered":"<p>Hasseris tilh\u00f8rte i 1231 kongen, men ellers optr\u00e6der Hasseris f\u00f8rst som en del af Aalborg Budolfi Landsogn. I 1921 skilles en del fra til Ansgar sogn. I 1929 \u00e6ndres Aalborg Budolfi landsogn til Hasseris Landsogn. Se kortmaterialet Ud over landsognet &hellip; <a href=\"https:\/\/hasserisstuerne.dk\/?page_id=616\">Continued<\/a><\/p>\n","protected":false},"author":1,"featured_media":0,"parent":0,"menu_order":0,"comment_status":"closed","ping_status":"closed","template":"","meta":{"kt_blocks_editor_width":"","footnotes":""},"class_list":["post-616","page","type-page","status-publish","hentry"],"_links":{"self":[{"href":"https:\/\/hasserisstuerne.dk\/index.php?rest_route=\/wp\/v2\/pages\/616","targetHints":{"allow":["GET"]}}],"collection":[{"href":"https:\/\/hasserisstuerne.dk\/index.php?rest_route=\/wp\/v2\/pages"}],"about":[{"href":"https:\/\/hasserisstuerne.dk\/index.php?rest_route=\/wp\/v2\/types\/page"}],"author":[{"embeddable":true,"href":"https:\/\/hasserisstuerne.dk\/index.php?rest_route=\/wp\/v2\/users\/1"}],"replies":[{"embeddable":true,"href":"https:\/\/hasserisstuerne.dk\/index.php?rest_route=%2Fwp%2Fv2%2Fcomments&post=616"}],"version-history":[{"count":16,"href":"https:\/\/hasserisstuerne.dk\/index.php?rest_route=\/wp\/v2\/pages\/616\/revisions"}],"predecessor-version":[{"id":833,"href":"https:\/\/hasserisstuerne.dk\/index.php?rest_route=\/wp\/v2\/pages\/616\/revisions\/833"}],"wp:attachment":[{"href":"https:\/\/hasserisstuerne.dk\/index.php?rest_route=%2Fwp%2Fv2%2Fmedia&parent=616"}],"curies":[{"name":"wp","href":"https:\/\/api.w.org\/{rel}","templated":true}]}}