{"id":474,"date":"2021-02-19T22:30:38","date_gmt":"2021-02-19T21:30:38","guid":{"rendered":"http:\/\/hasserisstuerne.conicio.dk\/?page_id=474"},"modified":"2021-02-20T00:12:51","modified_gmt":"2021-02-19T23:12:51","slug":"klokkestablens-historie","status":"publish","type":"page","link":"https:\/\/hasserisstuerne.dk\/?page_id=474","title":{"rendered":"Klokkestablens historie"},"content":{"rendered":"<style>#kt-layout-id_725e50-09 > .kt-row-column-wrap{align-content:start;}:where(#kt-layout-id_725e50-09 > .kt-row-column-wrap) > .wp-block-kadence-column{justify-content:start;}#kt-layout-id_725e50-09 > .kt-row-column-wrap{column-gap:var(--global-kb-gap-md, 2rem);row-gap:var(--global-kb-gap-md, 2rem);padding-top:var( --global-kb-row-default-top, 25px );padding-bottom:var( --global-kb-row-default-bottom, 25px );padding-top:var(--global-kb-spacing-sm, 1.5rem);padding-bottom:var(--global-kb-spacing-sm, 1.5rem);grid-template-columns:minmax(0, 1fr);}#kt-layout-id_725e50-09 > .kt-row-layout-overlay{opacity:0.30;}@media all and (max-width: 1024px){#kt-layout-id_725e50-09 > .kt-row-column-wrap{grid-template-columns:minmax(0, 1fr);}}@media all and (max-width: 767px){#kt-layout-id_725e50-09 > .kt-row-column-wrap{grid-template-columns:minmax(0, 1fr);}}<\/style>\n<div class=\"wp-block-kadence-rowlayout alignnone\"><div id=\"kt-layout-id_725e50-09\" class=\"kt-row-layout-inner kt-layout-id_725e50-09\"><div class=\"kt-row-column-wrap kt-has-1-columns kt-gutter-default kt-v-gutter-default kt-row-valign-top kt-row-layout-equal kt-tab-layout-inherit kt-m-colapse-left-to-right kt-mobile-layout-row\"><style>.kadence-column_1da051-53 > .kt-inside-inner-col{border-top-width:0px;border-right-width:0px;border-bottom-width:0px;border-left-width:0px;}.kadence-column_1da051-53 > .kt-inside-inner-col,.kadence-column_1da051-53 > .kt-inside-inner-col:before{border-top-left-radius:0px;border-top-right-radius:0px;border-bottom-right-radius:0px;border-bottom-left-radius:0px;}.kadence-column_1da051-53 > .kt-inside-inner-col{column-gap:var(--global-kb-gap-sm, 1rem);}.kadence-column_1da051-53 > .kt-inside-inner-col{flex-direction:column;}.kadence-column_1da051-53 > .kt-inside-inner-col > .aligncenter{width:100%;}.kadence-column_1da051-53 > .kt-inside-inner-col:before{opacity:0.3;}.kadence-column_1da051-53{position:relative;}@media all and (max-width: 1024px){.kadence-column_1da051-53 > .kt-inside-inner-col{flex-direction:column;justify-content:center;}}@media all and (max-width: 767px){.kadence-column_1da051-53 > .kt-inside-inner-col{flex-direction:column;justify-content:center;}}<\/style>\n<div class=\"wp-block-kadence-column inner-column-1 kadence-column_1da051-53\"><div class=\"kt-inside-inner-col\">\n<figure class=\"wp-block-image size-large is-resized\"><img loading=\"lazy\" decoding=\"async\" src=\"https:\/\/hasserisstuerne.dk\/wp-content\/uploads\/2021\/02\/klokket_banner-copy_600x120.jpg\" alt=\"\" class=\"wp-image-484\" width=\"781\" height=\"290\"\/><figcaption>Spiret<\/figcaption><\/figure>\n\n\n<style>#kt-layout-id_1aaed6-cf > .kt-row-column-wrap{align-content:start;}:where(#kt-layout-id_1aaed6-cf > .kt-row-column-wrap) > .wp-block-kadence-column{justify-content:start;}#kt-layout-id_1aaed6-cf > .kt-row-column-wrap{column-gap:var(--global-kb-gap-md, 2rem);row-gap:var(--global-kb-gap-md, 2rem);padding-top:var( --global-kb-row-default-top, 25px );padding-bottom:var( --global-kb-row-default-bottom, 25px );padding-top:var(--global-kb-spacing-sm, 1.5rem);padding-bottom:var(--global-kb-spacing-sm, 1.5rem);grid-template-columns:repeat(2, minmax(0, 1fr));}#kt-layout-id_1aaed6-cf > .kt-row-layout-overlay{opacity:0.30;}@media all and (max-width: 1024px){#kt-layout-id_1aaed6-cf > .kt-row-column-wrap{grid-template-columns:repeat(2, minmax(0, 1fr));}}@media all and (max-width: 767px){#kt-layout-id_1aaed6-cf > .kt-row-column-wrap{grid-template-columns:minmax(0, 1fr);}}<\/style>\n<div class=\"wp-block-kadence-rowlayout alignnone\"><div id=\"kt-layout-id_1aaed6-cf\" class=\"kt-row-layout-inner kt-layout-id_1aaed6-cf\"><div class=\"kt-row-column-wrap kt-has-2-columns kt-gutter-default kt-v-gutter-default kt-row-valign-top kt-row-layout-equal kt-tab-layout-inherit kt-m-colapse-left-to-right kt-mobile-layout-row\"><style>.kadence-column_9bd182-61 > .kt-inside-inner-col{border-top-width:0px;border-right-width:0px;border-bottom-width:0px;border-left-width:0px;}.kadence-column_9bd182-61 > .kt-inside-inner-col,.kadence-column_9bd182-61 > .kt-inside-inner-col:before{border-top-left-radius:0px;border-top-right-radius:0px;border-bottom-right-radius:0px;border-bottom-left-radius:0px;}.kadence-column_9bd182-61 > .kt-inside-inner-col{column-gap:var(--global-kb-gap-sm, 1rem);}.kadence-column_9bd182-61 > .kt-inside-inner-col{flex-direction:column;}.kadence-column_9bd182-61 > .kt-inside-inner-col > .aligncenter{width:100%;}.kadence-column_9bd182-61 > .kt-inside-inner-col:before{opacity:0.3;}.kadence-column_9bd182-61{position:relative;}@media all and (max-width: 1024px){.kadence-column_9bd182-61 > .kt-inside-inner-col{flex-direction:column;justify-content:center;}}@media all and (max-width: 767px){.kadence-column_9bd182-61 > .kt-inside-inner-col{flex-direction:column;justify-content:center;}}<\/style>\n<div class=\"wp-block-kadence-column inner-column-1 kadence-column_9bd182-61\"><div class=\"kt-inside-inner-col\">\n<p>Den formuende bagerenke i Aalborg, Johanne Nielsdatter, sk\u00e6nkede i 1729 en klokke til Gl. Hasseris, s\u00e5 der kunne ringes morgen, middag og aften, til andagt i skolen og ved andre lejligheder. Klokken blev h\u00e6ngt op i et stillads ved skolen i landsbyen. Da skolen og landsbyen var br\u00e6ndt i 1780, og en ny skole opf\u00f8rt p\u00e5 Bygaden 70, h\u00e6ngte man klokken op der. Senere blev der bygget en klokkestabel af granitsteler og med teglh\u00e6ngt tag. <\/p>\n\n\n\n<p>Denne stabel er blevet flyttet nogle gange, sidste gang i 1960&#8217;erne til den nuv\u00e6rende, noget tilf\u00e6ldige placering. Klokket\u00e5rnet ligger i dag p\u00e5 Bygaden i bunden af Skelagervej i et lille gr\u00f8nt omr\u00e5de, der er en opfyldt grusgrav.<\/p>\n\n\n\n<p><a rel=\"noreferrer noopener\" href=\"http:\/\/maps.google.dk\/maps?q=df&amp;hl=da&amp;ll=57.023713,9.871371&amp;spn=0.00095,0.00284&amp;oe=utf-8&amp;client=firefox-a&amp;t=h&amp;z=19&amp;vpsrc=6\" target=\"_blank\">Se kort<\/a><\/p>\n<\/div><\/div>\n\n\n<style>.kadence-column_cce8fe-49 > .kt-inside-inner-col{border-top-width:0px;border-right-width:0px;border-bottom-width:0px;border-left-width:0px;}.kadence-column_cce8fe-49 > .kt-inside-inner-col,.kadence-column_cce8fe-49 > .kt-inside-inner-col:before{border-top-left-radius:0px;border-top-right-radius:0px;border-bottom-right-radius:0px;border-bottom-left-radius:0px;}.kadence-column_cce8fe-49 > .kt-inside-inner-col{column-gap:var(--global-kb-gap-sm, 1rem);}.kadence-column_cce8fe-49 > .kt-inside-inner-col{flex-direction:column;}.kadence-column_cce8fe-49 > .kt-inside-inner-col > .aligncenter{width:100%;}.kadence-column_cce8fe-49 > .kt-inside-inner-col:before{opacity:0.3;}.kadence-column_cce8fe-49{position:relative;}@media all and (max-width: 1024px){.kadence-column_cce8fe-49 > .kt-inside-inner-col{flex-direction:column;justify-content:center;}}@media all and (max-width: 767px){.kadence-column_cce8fe-49 > .kt-inside-inner-col{flex-direction:column;justify-content:center;}}<\/style>\n<div class=\"wp-block-kadence-column inner-column-2 kadence-column_cce8fe-49\"><div class=\"kt-inside-inner-col\">\n<figure class=\"wp-block-image size-large is-resized\"><img loading=\"lazy\" decoding=\"async\" src=\"https:\/\/hasserisstuerne.dk\/wp-content\/uploads\/2021\/02\/klokketaarn-e1613509630208.jpg\" alt=\"\" class=\"wp-image-21\" width=\"357\" height=\"237\"\/><\/figure>\n<\/div><\/div>\n<\/div><\/div><\/div>\n<\/div><\/div>\n<\/div><\/div><\/div>\n\n\n<style>#kt-layout-id_d09669-70 > .kt-row-column-wrap{align-content:start;}:where(#kt-layout-id_d09669-70 > .kt-row-column-wrap) > .wp-block-kadence-column{justify-content:start;}#kt-layout-id_d09669-70 > .kt-row-column-wrap{column-gap:var(--global-kb-gap-md, 2rem);row-gap:var(--global-kb-gap-md, 2rem);padding-top:var( --global-kb-row-default-top, 25px );padding-bottom:var( --global-kb-row-default-bottom, 25px );padding-top:var(--global-kb-spacing-sm, 1.5rem);padding-bottom:var(--global-kb-spacing-sm, 1.5rem);grid-template-columns:repeat(2, minmax(0, 1fr));}#kt-layout-id_d09669-70 > .kt-row-layout-overlay{opacity:0.30;}@media all and (max-width: 1024px){#kt-layout-id_d09669-70 > .kt-row-column-wrap{grid-template-columns:repeat(2, minmax(0, 1fr));}}@media all and (max-width: 767px){#kt-layout-id_d09669-70 > .kt-row-column-wrap{grid-template-columns:minmax(0, 1fr);}}<\/style>\n<div class=\"wp-block-kadence-rowlayout alignnone\"><div id=\"kt-layout-id_d09669-70\" class=\"kt-row-layout-inner kt-layout-id_d09669-70\"><div class=\"kt-row-column-wrap kt-has-2-columns kt-gutter-default kt-v-gutter-default kt-row-valign-top kt-row-layout-equal kt-tab-layout-inherit kt-m-colapse-left-to-right kt-mobile-layout-row\"><style>.kadence-column_7af9ea-d5 > .kt-inside-inner-col{border-top-width:0px;border-right-width:0px;border-bottom-width:0px;border-left-width:0px;}.kadence-column_7af9ea-d5 > .kt-inside-inner-col,.kadence-column_7af9ea-d5 > .kt-inside-inner-col:before{border-top-left-radius:0px;border-top-right-radius:0px;border-bottom-right-radius:0px;border-bottom-left-radius:0px;}.kadence-column_7af9ea-d5 > .kt-inside-inner-col{column-gap:var(--global-kb-gap-sm, 1rem);}.kadence-column_7af9ea-d5 > .kt-inside-inner-col{flex-direction:column;}.kadence-column_7af9ea-d5 > .kt-inside-inner-col > .aligncenter{width:100%;}.kadence-column_7af9ea-d5 > .kt-inside-inner-col:before{opacity:0.3;}.kadence-column_7af9ea-d5{position:relative;}@media all and (max-width: 1024px){.kadence-column_7af9ea-d5 > .kt-inside-inner-col{flex-direction:column;justify-content:center;}}@media all and (max-width: 767px){.kadence-column_7af9ea-d5 > .kt-inside-inner-col{flex-direction:column;justify-content:center;}}<\/style>\n<div class=\"wp-block-kadence-column inner-column-1 kadence-column_7af9ea-d5\"><div class=\"kt-inside-inner-col\">\n<figure class=\"wp-block-image size-large is-resized\"><img loading=\"lazy\" decoding=\"async\" src=\"https:\/\/hasserisstuerne.dk\/wp-content\/uploads\/2021\/02\/klokketaarn-1-1024x684.jpg\" alt=\"\" class=\"wp-image-394\" width=\"398\" height=\"265\" srcset=\"https:\/\/hasserisstuerne.dk\/wp-content\/uploads\/2021\/02\/klokketaarn-1-1024x684.jpg 1024w, https:\/\/hasserisstuerne.dk\/wp-content\/uploads\/2021\/02\/klokketaarn-1-300x200.jpg 300w, https:\/\/hasserisstuerne.dk\/wp-content\/uploads\/2021\/02\/klokketaarn-1-768x513.jpg 768w, https:\/\/hasserisstuerne.dk\/wp-content\/uploads\/2021\/02\/klokketaarn-1-1536x1026.jpg 1536w, https:\/\/hasserisstuerne.dk\/wp-content\/uploads\/2021\/02\/klokketaarn-1-2048x1369.jpg 2048w\" sizes=\"auto, (max-width: 398px) 100vw, 398px\" \/><\/figure>\n<\/div><\/div>\n\n\n<style>.kadence-column_c38787-8c > .kt-inside-inner-col{border-top-width:0px;border-right-width:0px;border-bottom-width:0px;border-left-width:0px;}.kadence-column_c38787-8c > .kt-inside-inner-col,.kadence-column_c38787-8c > .kt-inside-inner-col:before{border-top-left-radius:0px;border-top-right-radius:0px;border-bottom-right-radius:0px;border-bottom-left-radius:0px;}.kadence-column_c38787-8c > .kt-inside-inner-col{column-gap:var(--global-kb-gap-sm, 1rem);}.kadence-column_c38787-8c > .kt-inside-inner-col{flex-direction:column;}.kadence-column_c38787-8c > .kt-inside-inner-col > .aligncenter{width:100%;}.kadence-column_c38787-8c > .kt-inside-inner-col:before{opacity:0.3;}.kadence-column_c38787-8c{position:relative;}@media all and (max-width: 1024px){.kadence-column_c38787-8c > .kt-inside-inner-col{flex-direction:column;justify-content:center;}}@media all and (max-width: 767px){.kadence-column_c38787-8c > .kt-inside-inner-col{flex-direction:column;justify-content:center;}}<\/style>\n<div class=\"wp-block-kadence-column inner-column-2 kadence-column_c38787-8c\"><div class=\"kt-inside-inner-col\">\n<figure class=\"wp-block-image size-large is-resized\"><img loading=\"lazy\" decoding=\"async\" src=\"https:\/\/hasserisstuerne.dk\/wp-content\/uploads\/2021\/02\/klokketaarnet-bygaden.jpg\" alt=\"\" class=\"wp-image-381\" width=\"360\" height=\"259\" srcset=\"https:\/\/hasserisstuerne.dk\/wp-content\/uploads\/2021\/02\/klokketaarnet-bygaden.jpg 476w, https:\/\/hasserisstuerne.dk\/wp-content\/uploads\/2021\/02\/klokketaarnet-bygaden-300x216.jpg 300w\" sizes=\"auto, (max-width: 360px) 100vw, 360px\" \/><\/figure>\n<\/div><\/div>\n<\/div><\/div><\/div>\n","protected":false},"excerpt":{"rendered":"<p>Den formuende bagerenke i Aalborg, Johanne Nielsdatter, sk\u00e6nkede i 1729 en klokke til Gl. Hasseris, s\u00e5 der kunne ringes morgen, middag og aften, til andagt i skolen og ved andre lejligheder. Klokken blev h\u00e6ngt op i et stillads ved skolen &hellip; <a href=\"https:\/\/hasserisstuerne.dk\/?page_id=474\">Continued<\/a><\/p>\n","protected":false},"author":1,"featured_media":0,"parent":0,"menu_order":0,"comment_status":"closed","ping_status":"closed","template":"","meta":{"kt_blocks_editor_width":"","footnotes":""},"class_list":["post-474","page","type-page","status-publish","hentry"],"_links":{"self":[{"href":"https:\/\/hasserisstuerne.dk\/index.php?rest_route=\/wp\/v2\/pages\/474","targetHints":{"allow":["GET"]}}],"collection":[{"href":"https:\/\/hasserisstuerne.dk\/index.php?rest_route=\/wp\/v2\/pages"}],"about":[{"href":"https:\/\/hasserisstuerne.dk\/index.php?rest_route=\/wp\/v2\/types\/page"}],"author":[{"embeddable":true,"href":"https:\/\/hasserisstuerne.dk\/index.php?rest_route=\/wp\/v2\/users\/1"}],"replies":[{"embeddable":true,"href":"https:\/\/hasserisstuerne.dk\/index.php?rest_route=%2Fwp%2Fv2%2Fcomments&post=474"}],"version-history":[{"count":5,"href":"https:\/\/hasserisstuerne.dk\/index.php?rest_route=\/wp\/v2\/pages\/474\/revisions"}],"predecessor-version":[{"id":489,"href":"https:\/\/hasserisstuerne.dk\/index.php?rest_route=\/wp\/v2\/pages\/474\/revisions\/489"}],"wp:attachment":[{"href":"https:\/\/hasserisstuerne.dk\/index.php?rest_route=%2Fwp%2Fv2%2Fmedia&parent=474"}],"curies":[{"name":"wp","href":"https:\/\/api.w.org\/{rel}","templated":true}]}}