{"id":301,"date":"2021-02-18T23:46:04","date_gmt":"2021-02-18T22:46:04","guid":{"rendered":"http:\/\/hasserisstuerne.conicio.dk\/?page_id=301"},"modified":"2026-04-10T16:12:35","modified_gmt":"2026-04-10T14:12:35","slug":"bestyrelse","status":"publish","type":"page","link":"https:\/\/hasserisstuerne.dk\/?page_id=301","title":{"rendered":"Bestyrelsen er afg\u00e5et"},"content":{"rendered":"\n<p>Bestyrelsen i Hasserisstuerne v\u00e6lges p\u00e5 den \u00e5rlige generalforsamling. Sammens\u00e6tningen i indev\u00e6rende forenings\u00e5r er:<\/p>\n\n\n\n<p><\/p>\n\n\n\n<p><\/p>\n\n\n\n<p><\/p>\n\n\n\n<p><strong>Charlotte Gorm Bremmer<\/strong><br><strong>Sekret\u00e6r<\/strong><\/p>\n\n\n\n<p>Skelagervej 133 1. mf<br>9000 Aalborg<br>Tlf.: 2445 4465<\/p>\n\n\n\n<p><strong>Curt Sloth<\/strong><br><strong>Kasserer &amp; webmaster<\/strong>, <strong>salg af b\u00f8ger<\/strong><\/p>\n\n\n\n<p>Blegdalsparken 104<br>9000 Aalborg<\/p>\n\n\n\n<p>20876736<\/p>\n\n\n\n<p><strong>Birgitte Pilgaard<\/strong><br><strong>N\u00e6stformand<\/strong><\/p>\n\n\n\n<p>Blegdalsparken 104<br>9000 Aalborg<\/p>\n\n\n\n<p>22818130<\/p>\n\n\n\n<p><strong>Hans Boisen<\/strong><br><strong>Bestyrelsesmedlem<\/strong><\/p>\n\n\n\n<p>Elverh\u00f8j 10<\/p>\n\n\n\n<p>9400 N\u00f8rresundby<\/p>\n\n\n\n<p>telf. 9819 4415<\/p>\n\n\n\n<p><strong>Mie Boe<\/strong><br><strong>Suppleant<\/strong><\/p>\n\n\n\n<p>Magnoliavej 70<br>9000 Aalborg<br>Tlf.: 6069 4605<\/p>\n\n\n\n<p><strong>Kaj Frandsen<\/strong><br><strong>Suppleant<\/strong><\/p>\n\n\n\n<p><\/p>\n\n\n\n<p>9000 Aalborg<\/p>\n\n\n\n<p>Telf.: 98 79 17 32<\/p>\n","protected":false},"excerpt":{"rendered":"<p>Bestyrelsen i Hasserisstuerne v\u00e6lges p\u00e5 den \u00e5rlige generalforsamling. Sammens\u00e6tningen i indev\u00e6rende forenings\u00e5r er: Charlotte Gorm BremmerSekret\u00e6r Skelagervej 133 1. mf9000 AalborgTlf.: 2445 4465 Curt SlothKasserer &amp; webmaster, salg af b\u00f8ger Blegdalsparken 1049000 Aalborg 20876736 Birgitte PilgaardN\u00e6stformand Blegdalsparken 1049000 Aalborg 22818130 &hellip; <a href=\"https:\/\/hasserisstuerne.dk\/?page_id=301\">Continued<\/a><\/p>\n","protected":false},"author":1,"featured_media":0,"parent":0,"menu_order":0,"comment_status":"closed","ping_status":"closed","template":"","meta":{"kt_blocks_editor_width":"","footnotes":""},"class_list":["post-301","page","type-page","status-publish","hentry"],"_links":{"self":[{"href":"https:\/\/hasserisstuerne.dk\/index.php?rest_route=\/wp\/v2\/pages\/301","targetHints":{"allow":["GET"]}}],"collection":[{"href":"https:\/\/hasserisstuerne.dk\/index.php?rest_route=\/wp\/v2\/pages"}],"about":[{"href":"https:\/\/hasserisstuerne.dk\/index.php?rest_route=\/wp\/v2\/types\/page"}],"author":[{"embeddable":true,"href":"https:\/\/hasserisstuerne.dk\/index.php?rest_route=\/wp\/v2\/users\/1"}],"replies":[{"embeddable":true,"href":"https:\/\/hasserisstuerne.dk\/index.php?rest_route=%2Fwp%2Fv2%2Fcomments&post=301"}],"version-history":[{"count":6,"href":"https:\/\/hasserisstuerne.dk\/index.php?rest_route=\/wp\/v2\/pages\/301\/revisions"}],"predecessor-version":[{"id":1019,"href":"https:\/\/hasserisstuerne.dk\/index.php?rest_route=\/wp\/v2\/pages\/301\/revisions\/1019"}],"wp:attachment":[{"href":"https:\/\/hasserisstuerne.dk\/index.php?rest_route=%2Fwp%2Fv2%2Fmedia&parent=301"}],"curies":[{"name":"wp","href":"https:\/\/api.w.org\/{rel}","templated":true}]}}