{"id":299,"date":"2021-02-18T23:45:37","date_gmt":"2021-02-18T22:45:37","guid":{"rendered":"http:\/\/hasserisstuerne.conicio.dk\/?page_id=299"},"modified":"2021-02-18T23:49:36","modified_gmt":"2021-02-18T22:49:36","slug":"vedtaegter","status":"publish","type":"page","link":"https:\/\/hasserisstuerne.dk\/?page_id=299","title":{"rendered":"Vedt\u00e6gter"},"content":{"rendered":"\n<p><strong>Vedt\u00e6gter for<\/strong><\/p>\n\n\n\n<p><strong>HASSERISSTUERNE<\/strong><\/p>\n\n\n\n<p>1. &nbsp;&nbsp;&nbsp;&nbsp;&nbsp;&nbsp;&nbsp;&nbsp;&nbsp;&nbsp;&nbsp;&nbsp;&nbsp;&nbsp;&nbsp;&nbsp;&nbsp;&nbsp;&nbsp;&nbsp;&nbsp;&nbsp;&nbsp;&nbsp; <strong>Navn og hjemsted<\/strong><\/p>\n\n\n\n<p>1.1.&nbsp;&nbsp;&nbsp;&nbsp;&nbsp;&nbsp;&nbsp;&nbsp;&nbsp;&nbsp;&nbsp;&nbsp;&nbsp; Foreningens navn er &#8220;Hasserisstuerne&#8221;. Bestyrelsen har mandat til at \u00e6ndre navnet.<\/p>\n\n\n\n<p>1.2.&nbsp;&nbsp;&nbsp;&nbsp;&nbsp;&nbsp;&nbsp;&nbsp;&nbsp;&nbsp;&nbsp;&nbsp;&nbsp; Foreningens hjemsted er Aalborg Kommune.<\/p>\n\n\n\n<p>2. &nbsp;&nbsp;&nbsp;&nbsp;&nbsp;&nbsp;&nbsp;&nbsp;&nbsp;&nbsp;&nbsp;&nbsp;&nbsp;&nbsp;&nbsp;&nbsp;&nbsp;&nbsp;&nbsp;&nbsp;&nbsp;&nbsp;&nbsp;&nbsp; <strong>Form\u00e5l<\/strong><\/p>\n\n\n\n<p>2.1.&nbsp;&nbsp;&nbsp;&nbsp;&nbsp;&nbsp;&nbsp;&nbsp;&nbsp;&nbsp;&nbsp;&nbsp;&nbsp; Foreningens form\u00e5l er at styrke Hasserisomr\u00e5dets sammenhold og identitet gennem kulturhistorisk arbejde.<\/p>\n\n\n\n<p>3. &nbsp;&nbsp;&nbsp;&nbsp;&nbsp;&nbsp;&nbsp;&nbsp;&nbsp;&nbsp;&nbsp;&nbsp;&nbsp;&nbsp;&nbsp;&nbsp;&nbsp;&nbsp;&nbsp;&nbsp;&nbsp;&nbsp;&nbsp;&nbsp; <strong>Medlemskab og kapital<\/strong><\/p>\n\n\n\n<p>3.1.&nbsp;&nbsp;&nbsp;&nbsp;&nbsp;&nbsp;&nbsp;&nbsp;&nbsp;&nbsp;&nbsp;&nbsp;&nbsp;&nbsp;&nbsp;&nbsp;&nbsp;&nbsp;&nbsp;&nbsp;&nbsp; Medlemskab af foreningen er personligt og \u00e5ben for alle, der har interesse i foreningens form\u00e5l.<\/p>\n\n\n\n<p>3.2.&nbsp;&nbsp;&nbsp;&nbsp;&nbsp;&nbsp;&nbsp;&nbsp;&nbsp;&nbsp;&nbsp;&nbsp;&nbsp;&nbsp;&nbsp;&nbsp;&nbsp;&nbsp;&nbsp;&nbsp;&nbsp; Foreningens formue tilvejebringes ved et \u00e5rligt medlemskontingent, der fasts\u00e6ttes af generalforsamlingen, samt ved bidrag fra foreningens medlemmer og fra anden side.<\/p>\n\n\n\n<p>4. &nbsp;&nbsp;&nbsp;&nbsp;&nbsp;&nbsp;&nbsp;&nbsp;&nbsp;&nbsp;&nbsp;&nbsp;&nbsp;&nbsp;&nbsp;&nbsp;&nbsp;&nbsp;&nbsp;&nbsp;&nbsp;&nbsp;&nbsp;&nbsp; <strong>Ledelse<\/strong><\/p>\n\n\n\n<p>4.1.&nbsp;&nbsp;&nbsp;&nbsp;&nbsp;&nbsp;&nbsp;&nbsp;&nbsp;&nbsp;&nbsp;&nbsp;&nbsp;&nbsp;&nbsp;&nbsp;&nbsp;&nbsp;&nbsp;&nbsp;&nbsp; Foreningen ledes af en bestyrelse p\u00e5 5 &#8211; 7 medlemmer, der v\u00e6lges p\u00e5 den ordin\u00e6re generalforsamling. Bestyrelsens medlemmer v\u00e6lges for to \u00e5r ad gangen. Hvert andet \u00e5r afg\u00e5r to og hvert andet \u00e5r to til fire bestyrelsesmedlemmer, alt efter antallet i bestyrelsen. Formanden v\u00e6lges hvert \u00e5r p\u00e5 generalforsamlingen. Bestyrelsesmedlemmer kan genv\u00e6lges.<\/p>\n\n\n\n<p>4.2.&nbsp;&nbsp;&nbsp;&nbsp;&nbsp;&nbsp;&nbsp;&nbsp;&nbsp;&nbsp;&nbsp;&nbsp;&nbsp;&nbsp;&nbsp;&nbsp;&nbsp;&nbsp;&nbsp;&nbsp;&nbsp; Bestyrelsen konstituerer sig med n\u00e6stformand og kasserer.<\/p>\n\n\n\n<p>4.3.&nbsp;&nbsp;&nbsp;&nbsp;&nbsp;&nbsp;&nbsp;&nbsp;&nbsp;&nbsp;&nbsp;&nbsp;&nbsp;&nbsp;&nbsp;&nbsp;&nbsp;&nbsp;&nbsp;&nbsp;&nbsp; P\u00e5 den ordin\u00e6re generalforsamling v\u00e6lges desuden to suppleanter til bestyrelsen samt to revisorer.<\/p>\n\n\n\n<p>5. &nbsp;&nbsp;&nbsp;&nbsp;&nbsp;&nbsp;&nbsp;&nbsp;&nbsp;&nbsp;&nbsp;&nbsp;&nbsp;&nbsp;&nbsp;&nbsp;&nbsp;&nbsp;&nbsp;&nbsp;&nbsp;&nbsp;&nbsp;&nbsp; <strong>Generalforsamlingen<\/strong><\/p>\n\n\n\n<p>5.1.&nbsp;&nbsp;&nbsp;&nbsp;&nbsp;&nbsp;&nbsp;&nbsp;&nbsp;&nbsp;&nbsp;&nbsp;&nbsp;&nbsp;&nbsp;&nbsp;&nbsp;&nbsp;&nbsp;&nbsp;&nbsp; Generalforsamlingen er foreningens h\u00f8jeste myndighed. Den ordin\u00e6re \u00e5rlige generalforsamling skal afholdes inden 1. april.<\/p>\n\n\n\n<p>5.2.&nbsp;&nbsp;&nbsp;&nbsp;&nbsp;&nbsp;&nbsp;&nbsp;&nbsp;&nbsp;&nbsp;&nbsp;&nbsp;&nbsp;&nbsp;&nbsp;&nbsp;&nbsp;&nbsp;&nbsp;&nbsp; Indkaldelse til den ordin\u00e6re generalforsamling skal ske med mindst 14 dages varsel ved skriftlig indkaldelse til medlemmerne.<\/p>\n\n\n\n<p>5.3.&nbsp;&nbsp;&nbsp;&nbsp;&nbsp;&nbsp;&nbsp;&nbsp;&nbsp;&nbsp;&nbsp;&nbsp;&nbsp;&nbsp;&nbsp;&nbsp;&nbsp;&nbsp;&nbsp;&nbsp;&nbsp; Dagsordenen for den ordin\u00e6re generalforsamling skal som minimum indeholde f\u00f8lgende punkter:<\/p>\n\n\n\n<p>1.&nbsp;&nbsp;&nbsp;&nbsp;&nbsp;&nbsp;&nbsp;&nbsp;&nbsp; Valg af dirigent og stemmet\u00e6llere.<\/p>\n\n\n\n<p>2.&nbsp;&nbsp;&nbsp;&nbsp;&nbsp;&nbsp;&nbsp;&nbsp;&nbsp; Bestyrelsens beretning.<\/p>\n\n\n\n<p>3.&nbsp;&nbsp;&nbsp;&nbsp;&nbsp;&nbsp;&nbsp;&nbsp;&nbsp;&nbsp;&nbsp; Freml\u00e6ggelse af revideret regnskab. Herunder fasts\u00e6ttelse af kontingent for det kommende \u00e5r<\/p>\n\n\n\n<p>4.&nbsp;&nbsp;&nbsp;&nbsp;&nbsp;&nbsp;&nbsp;&nbsp;&nbsp; Behandling af indkomne forslag.<\/p>\n\n\n\n<p>5.&nbsp;&nbsp;&nbsp;&nbsp;&nbsp;&nbsp;&nbsp;&nbsp;&nbsp; Valg til formand<\/p>\n\n\n\n<p>6. &nbsp;&nbsp;&nbsp;&nbsp;&nbsp;&nbsp;&nbsp;&nbsp; Valg til bestyrelsen samt suppleanter<\/p>\n\n\n\n<p>7.&nbsp;&nbsp;&nbsp;&nbsp;&nbsp;&nbsp;&nbsp;&nbsp;&nbsp; Valg af to revisorer.<\/p>\n\n\n\n<p>8.&nbsp;&nbsp;&nbsp;&nbsp;&nbsp;&nbsp;&nbsp;&nbsp;&nbsp; Eventuelt.<\/p>\n\n\n\n<p>5.4.&nbsp;&nbsp;&nbsp;&nbsp;&nbsp;&nbsp;&nbsp;&nbsp;&nbsp;&nbsp;&nbsp;&nbsp;&nbsp;&nbsp;&nbsp;&nbsp;&nbsp;&nbsp;&nbsp;&nbsp;&nbsp; Ekstraordin\u00e6r generalforsamling afholdes efter beslutning af bestyrelsen, eller n\u00e5r mindst 25% af medlemmerne skriftlig anmoder herom. Indkaldelsen sker i overensstemmelse med pkt. 5.2.<\/p>\n\n\n\n<p>6. &nbsp;&nbsp;&nbsp;&nbsp;&nbsp;&nbsp;&nbsp;&nbsp;&nbsp;&nbsp; <strong>Forslag og generalforsamlingens beslutninger<\/strong><\/p>\n\n\n\n<p>6.1.&nbsp;&nbsp;&nbsp;&nbsp;&nbsp;&nbsp;&nbsp;&nbsp;&nbsp;&nbsp;&nbsp;&nbsp;&nbsp;&nbsp;&nbsp;&nbsp;&nbsp;&nbsp;&nbsp;&nbsp;&nbsp; Forslag, der \u00f8nskes behandlet p\u00e5 den ordin\u00e6re generalforsamling, skal v\u00e6re bestyrelsen i h\u00e6nde senest 1. marts.<\/p>\n\n\n\n<p>6.2.&nbsp;&nbsp;&nbsp;&nbsp;&nbsp;&nbsp;&nbsp;&nbsp;&nbsp;&nbsp;&nbsp;&nbsp;&nbsp;&nbsp;&nbsp;&nbsp;&nbsp;&nbsp;&nbsp;&nbsp;&nbsp; Generalforsamlingen ledes af en af forsamlingen valgt dirigent, som ikke beh\u00f8ver at v\u00e6re medlem af foreningen.<\/p>\n\n\n\n<p>6.3.&nbsp;&nbsp;&nbsp;&nbsp;&nbsp;&nbsp;&nbsp;&nbsp;&nbsp;&nbsp;&nbsp;&nbsp;&nbsp;&nbsp;&nbsp;&nbsp;&nbsp;&nbsp;&nbsp;&nbsp;&nbsp; Stemmeret p\u00e5 generalforsamlingen kan kun ud\u00f8ves af medlemmerne. Hvert medlem (personligt medlem eller hustandsmedlemskab) har \u00e9n stemme.<\/p>\n\n\n\n<p>7. &nbsp;&nbsp;&nbsp;&nbsp;&nbsp;&nbsp;&nbsp;&nbsp;&nbsp;&nbsp; <strong>Bestyrelsen<\/strong><\/p>\n\n\n\n<p>7.1.&nbsp;&nbsp;&nbsp;&nbsp;&nbsp;&nbsp;&nbsp;&nbsp;&nbsp;&nbsp;&nbsp;&nbsp;&nbsp;&nbsp;&nbsp;&nbsp;&nbsp;&nbsp;&nbsp;&nbsp;&nbsp; Bestyrelsen holder m\u00f8de, n\u00e5r formanden finder det n\u00f8dvendigt, eller n\u00e5r tre bestyrelsesmedlemmer har beg\u00e6ret det.<\/p>\n\n\n\n<p>7.2.&nbsp;&nbsp;&nbsp;&nbsp;&nbsp;&nbsp;&nbsp;&nbsp;&nbsp;&nbsp;&nbsp;&nbsp;&nbsp;&nbsp;&nbsp;&nbsp;&nbsp;&nbsp;&nbsp;&nbsp;&nbsp; Bestyrelsen er beslutningsdygtig, n\u00e5r fire af dens medlemmer er til stede. Der kan kun tr\u00e6ffes beslutninger i sager, som er optaget p\u00e5 dagsordenen, som udsendes senest 7 dage f\u00f8r m\u00f8det.<\/p>\n\n\n\n<p>7.3.&nbsp;&nbsp;&nbsp;&nbsp;&nbsp;&nbsp;&nbsp;&nbsp;&nbsp;&nbsp;&nbsp;&nbsp;&nbsp;&nbsp;&nbsp;&nbsp;&nbsp;&nbsp;&nbsp;&nbsp;&nbsp; Alle sager afg\u00f8res ved simpel stemmeflerhed. Ved stemmelighed bortfalder sagen.<\/p>\n\n\n\n<p>7.4.&nbsp;&nbsp;&nbsp;&nbsp;&nbsp;&nbsp;&nbsp;&nbsp;&nbsp;&nbsp;&nbsp;&nbsp;&nbsp;&nbsp;&nbsp;&nbsp;&nbsp;&nbsp;&nbsp;&nbsp;&nbsp; Bestyrelsen fasts\u00e6tter retningslinjer for foreningens daglige virke, herunder blandt andet registrering af indsamlede genstande, retningslinjer vedr\u00f8rende ejendomsretten til disse etc.<\/p>\n\n\n\n<p>8. &nbsp;&nbsp;&nbsp;&nbsp;&nbsp;&nbsp;&nbsp;&nbsp;&nbsp;&nbsp; <strong>Tegningsregel<\/strong><\/p>\n\n\n\n<p>8.1.&nbsp;&nbsp;&nbsp;&nbsp;&nbsp;&nbsp;&nbsp;&nbsp;&nbsp;&nbsp;&nbsp;&nbsp;&nbsp;&nbsp;&nbsp;&nbsp;&nbsp;&nbsp;&nbsp;&nbsp;&nbsp; Bestyrelsen tegner foreningen i alle anliggender. Ved udstedelse af dokumenter, som er h\u00e6ftende for foreningen, kr\u00e6ves underskrift af formanden, n\u00e6stformanden og mindst to af bestyrelsens medlemmer.<\/p>\n\n\n\n<p>9. &nbsp;&nbsp;&nbsp;&nbsp;&nbsp;&nbsp;&nbsp;&nbsp;&nbsp;&nbsp; <strong>Vedt\u00e6gts\u00e6ndringer og opl\u00f8sning<\/strong><\/p>\n\n\n\n<p>9.1.&nbsp;&nbsp;&nbsp;&nbsp;&nbsp;&nbsp;&nbsp;&nbsp;&nbsp;&nbsp;&nbsp;&nbsp;&nbsp;&nbsp;&nbsp;&nbsp;&nbsp;&nbsp;&nbsp;&nbsp;&nbsp; Vedt\u00e6gts\u00e6ndringer kan vedtages p\u00e5 en generalforsamling, hvor mindst 3\/4 af de fremm\u00f8dte stemmer for beslutningen.<\/p>\n\n\n\n<p>9.2.&nbsp;&nbsp;&nbsp;&nbsp;&nbsp;&nbsp;&nbsp;&nbsp;&nbsp;&nbsp;&nbsp;&nbsp;&nbsp;&nbsp;&nbsp;&nbsp;&nbsp;&nbsp;&nbsp;&nbsp;&nbsp; S\u00e5fremt et flertal, men ikke 3\/4 stemmer for, kan forslaget indbringes for en ekstraordin\u00e6r generalforsamling og her vedtages med simpel stemmeflerhed.<\/p>\n\n\n\n<p>9.3.&nbsp;&nbsp;&nbsp;&nbsp;&nbsp;&nbsp;&nbsp;&nbsp;&nbsp;&nbsp;&nbsp;&nbsp;&nbsp;&nbsp;&nbsp;&nbsp;&nbsp;&nbsp;&nbsp;&nbsp;&nbsp; Foreningen kan opl\u00f8ses med samme majoritet som kr\u00e6ves til vedt\u00e6gts\u00e6ndring, jfr. ovenfor pkt. 9.1.<\/p>\n\n\n\n<p>9.4.&nbsp;&nbsp;&nbsp;&nbsp;&nbsp;&nbsp;&nbsp;&nbsp;&nbsp;&nbsp;&nbsp;&nbsp;&nbsp;&nbsp;&nbsp;&nbsp;&nbsp;&nbsp;&nbsp;&nbsp;&nbsp; I tilf\u00e6lde af foreningens opl\u00f8sning tilfalder foreningens midler (kapital og b\u00f8ger) Arkivudvalget for Aalborg Kommune, og de indsamlede genstande overg\u00e5r til Nordjyllands Historiske Museum, medmindre andet f\u00f8lger af de af bestyrelsen fastsatte retningslinjer for foreningens virke, jfr. pkt. 7.4., eller af vilk\u00e5rene for den enkelte donation til foreningen.<\/p>\n\n\n\n<p>N\u00e6rv\u00e6rende vedt\u00e6gter for &#8220;HASSERISSTUERNE&#8221; er s\u00e5ledes vedtaget p\u00e5 foreningens generalforsamling 28. april 2014.<\/p>\n\n\n\n<p>J\u00f8rgen Els\u00f8e Jensen<\/p>\n\n\n\n<p>formand<\/p>\n","protected":false},"excerpt":{"rendered":"<p>Vedt\u00e6gter for HASSERISSTUERNE 1. &nbsp;&nbsp;&nbsp;&nbsp;&nbsp;&nbsp;&nbsp;&nbsp;&nbsp;&nbsp;&nbsp;&nbsp;&nbsp;&nbsp;&nbsp;&nbsp;&nbsp;&nbsp;&nbsp;&nbsp;&nbsp;&nbsp;&nbsp;&nbsp; Navn og hjemsted 1.1.&nbsp;&nbsp;&nbsp;&nbsp;&nbsp;&nbsp;&nbsp;&nbsp;&nbsp;&nbsp;&nbsp;&nbsp;&nbsp; Foreningens navn er &#8220;Hasserisstuerne&#8221;. Bestyrelsen har mandat til at \u00e6ndre navnet. 1.2.&nbsp;&nbsp;&nbsp;&nbsp;&nbsp;&nbsp;&nbsp;&nbsp;&nbsp;&nbsp;&nbsp;&nbsp;&nbsp; Foreningens hjemsted er Aalborg Kommune. 2. &nbsp;&nbsp;&nbsp;&nbsp;&nbsp;&nbsp;&nbsp;&nbsp;&nbsp;&nbsp;&nbsp;&nbsp;&nbsp;&nbsp;&nbsp;&nbsp;&nbsp;&nbsp;&nbsp;&nbsp;&nbsp;&nbsp;&nbsp;&nbsp; Form\u00e5l 2.1.&nbsp;&nbsp;&nbsp;&nbsp;&nbsp;&nbsp;&nbsp;&nbsp;&nbsp;&nbsp;&nbsp;&nbsp;&nbsp; Foreningens form\u00e5l er at styrke Hasserisomr\u00e5dets sammenhold og identitet gennem &hellip; <a href=\"https:\/\/hasserisstuerne.dk\/?page_id=299\">Continued<\/a><\/p>\n","protected":false},"author":1,"featured_media":0,"parent":0,"menu_order":0,"comment_status":"closed","ping_status":"closed","template":"","meta":{"kt_blocks_editor_width":"","footnotes":""},"class_list":["post-299","page","type-page","status-publish","hentry"],"_links":{"self":[{"href":"https:\/\/hasserisstuerne.dk\/index.php?rest_route=\/wp\/v2\/pages\/299","targetHints":{"allow":["GET"]}}],"collection":[{"href":"https:\/\/hasserisstuerne.dk\/index.php?rest_route=\/wp\/v2\/pages"}],"about":[{"href":"https:\/\/hasserisstuerne.dk\/index.php?rest_route=\/wp\/v2\/types\/page"}],"author":[{"embeddable":true,"href":"https:\/\/hasserisstuerne.dk\/index.php?rest_route=\/wp\/v2\/users\/1"}],"replies":[{"embeddable":true,"href":"https:\/\/hasserisstuerne.dk\/index.php?rest_route=%2Fwp%2Fv2%2Fcomments&post=299"}],"version-history":[{"count":2,"href":"https:\/\/hasserisstuerne.dk\/index.php?rest_route=\/wp\/v2\/pages\/299\/revisions"}],"predecessor-version":[{"id":305,"href":"https:\/\/hasserisstuerne.dk\/index.php?rest_route=\/wp\/v2\/pages\/299\/revisions\/305"}],"wp:attachment":[{"href":"https:\/\/hasserisstuerne.dk\/index.php?rest_route=%2Fwp%2Fv2%2Fmedia&parent=299"}],"curies":[{"name":"wp","href":"https:\/\/api.w.org\/{rel}","templated":true}]}}